{"id":4047,"date":"2026-01-16T15:47:54","date_gmt":"2026-01-16T12:47:54","guid":{"rendered":"https:\/\/smartedu.com.au\/tr\/?page_id=4047"},"modified":"2026-01-22T04:37:55","modified_gmt":"2026-01-22T01:37:55","slug":"avustralyada-konaklama","status":"publish","type":"page","link":"https:\/\/smartedu.com.au\/tr\/avustralya-sik-sorulan-sorular\/avustralyada-konaklama\/","title":{"rendered":"Avustralya\u2019da Konaklama"},"content":{"rendered":"<div class=\"fusion-fullwidth fullwidth-box fusion-builder-row-1 fusion-flex-container has-pattern-background has-mask-background nonhundred-percent-fullwidth non-hundred-percent-height-scrolling\" style=\"--awb-border-radius-top-left:0px;--awb-border-radius-top-right:0px;--awb-border-radius-bottom-right:0px;--awb-border-radius-bottom-left:0px;--awb-flex-wrap:wrap;\" ><div class=\"fusion-builder-row fusion-row fusion-flex-align-items-flex-start fusion-flex-content-wrap\" style=\"max-width:1331.2px;margin-left: calc(-4% \/ 2 );margin-right: calc(-4% \/ 2 );\"><div class=\"fusion-layout-column fusion_builder_column fusion-builder-column-0 fusion_builder_column_1_1 1_1 fusion-flex-column\" style=\"--awb-bg-size:cover;--awb-width-large:100%;--awb-margin-top-large:10px;--awb-spacing-right-large:1.92%;--awb-margin-bottom-large:10px;--awb-spacing-left-large:1.92%;--awb-width-medium:100%;--awb-order-medium:0;--awb-spacing-right-medium:1.92%;--awb-spacing-left-medium:1.92%;--awb-width-small:100%;--awb-order-small:0;--awb-spacing-right-small:1.92%;--awb-spacing-left-small:1.92%;\"><div class=\"fusion-column-wrapper fusion-column-has-shadow fusion-flex-justify-content-flex-start fusion-content-layout-column\"><div class=\"fusion-text fusion-text-1\"><h2>Avustralya&#8217;da E\u011fitim Al\u0131rken Tercih Edebilece\u011finiz Konaklama Se\u00e7enekleri &#8211; En \u00c7ok Merak Edilenler<\/h2>\n<p class=\"p1\">Avustralya\u2019da e\u011fitim hayat\u0131n\u0131za ba\u015flarken kendinizi evinizde hissetmeniz ba\u015far\u0131n\u0131z i\u00e7in \u00e7ok \u00f6nemlidir. Konaklama tercihleriniz, hem b\u00fct\u00e7enizi hem de dil prati\u011fi yapma \u015fans\u0131n\u0131z\u0131 do\u011frudan etkiler. SmartEDU olarak, g\u00fcvenli\u011finiz ve konforunuz i\u00e7in en do\u011fru konaklama tipini se\u00e7menize yard\u0131mc\u0131 oluyoruz.<\/p>\n<\/div><div class=\"accordian fusion-accordian\" style=\"--awb-border-size:1px;--awb-icon-size:25px;--awb-content-font-size:var(--awb-typography4-font-size);--awb-icon-alignment:left;--awb-hover-color:var(--awb-color1);--awb-border-color:var(--awb-color3);--awb-background-color:var(--awb-color1);--awb-divider-color:var(--awb-color3);--awb-divider-hover-color:var(--awb-color3);--awb-icon-color:var(--awb-color4);--awb-title-color:var(--awb-color4);--awb-content-color:var(--awb-color6);--awb-icon-box-color:var(--awb-color8);--awb-toggle-hover-accent-color:var(--awb-color4);--awb-title-font-family:var(--awb-typography1-font-family);--awb-title-font-weight:var(--awb-typography1-font-weight);--awb-title-font-style:var(--awb-typography1-font-style);--awb-content-font-family:var(--awb-typography4-font-family);--awb-content-font-weight:var(--awb-typography4-font-weight);--awb-content-font-style:var(--awb-typography4-font-style);\"><div class=\"panel-group fusion-toggle-icon-unboxed\" id=\"accordion-4047-1\"><div class=\"fusion-panel panel-default panel-2c7acc7a35db256ed fusion-toggle-no-divider fusion-toggle-boxed-mode\" style=\"--awb-title-color:var(--awb-color4);\"><div class=\"panel-heading\"><h4 class=\"panel-title toggle\" id=\"toggle_2c7acc7a35db256ed\"><a aria-expanded=\"false\" aria-controls=\"2c7acc7a35db256ed\" role=\"button\" data-toggle=\"collapse\" data-parent=\"#accordion-4047-1\" data-target=\"#2c7acc7a35db256ed\" href=\"#2c7acc7a35db256ed\"><span class=\"fusion-toggle-icon-wrapper\" aria-hidden=\"true\"><i class=\"fa-fusion-box active-icon awb-icon-minus\" aria-hidden=\"true\"><\/i><i class=\"fa-fusion-box inactive-icon awb-icon-plus\" aria-hidden=\"true\"><\/i><\/span><span class=\"fusion-toggle-heading\">Avustralya\u2019da Uluslararas\u0131 \u00d6\u011frenciler \u0130\u00e7in Konaklama Se\u00e7enekleri Nelerdir?<\/span><\/a><\/h4><\/div><div id=\"2c7acc7a35db256ed\" class=\"panel-collapse collapse \" aria-labelledby=\"toggle_2c7acc7a35db256ed\"><div class=\"panel-body toggle-content fusion-clearfix\">\n<p class=\"p1\">Avustralya&#8217;da dil e\u011fitimi alan \u00f6\u011frenciler i\u00e7in en yayg\u0131n konaklama se\u00e7enekleri; <b>aile yan\u0131 konaklama (homestay)<\/b>, <b>\u00f6\u011frenci yurtlar\u0131<\/b> ve <b>payla\u015f\u0131ml\u0131 evlerdir (sharehouses)<\/b>. Her se\u00e7enek, \u00f6\u011frencinin b\u00fct\u00e7esine ve ba\u011f\u0131ms\u0131zl\u0131k tercihine g\u00f6re farkl\u0131 avantajlar sunar.<\/p>\n<\/div><\/div><\/div><div class=\"fusion-panel panel-default panel-156e83982d83c9b55 fusion-toggle-no-divider fusion-toggle-boxed-mode\" style=\"--awb-title-color:var(--awb-color4);\"><div class=\"panel-heading\"><h4 class=\"panel-title toggle\" id=\"toggle_156e83982d83c9b55\"><a aria-expanded=\"false\" aria-controls=\"156e83982d83c9b55\" role=\"button\" data-toggle=\"collapse\" data-parent=\"#accordion-4047-1\" data-target=\"#156e83982d83c9b55\" href=\"#156e83982d83c9b55\"><span class=\"fusion-toggle-icon-wrapper\" aria-hidden=\"true\"><i class=\"fa-fusion-box active-icon awb-icon-minus\" aria-hidden=\"true\"><\/i><i class=\"fa-fusion-box inactive-icon awb-icon-plus\" aria-hidden=\"true\"><\/i><\/span><span class=\"fusion-toggle-heading\">Avustralya\u2019ya \u0130lk Gidi\u015fte Hangi Konaklama T\u00fcr\u00fc \u00d6nerilir?<\/span><\/a><\/h4><\/div><div id=\"156e83982d83c9b55\" class=\"panel-collapse collapse \" aria-labelledby=\"toggle_156e83982d83c9b55\"><div class=\"panel-body toggle-content fusion-clearfix\">\n<p class=\"p1\">\u0130lk kez Avustralya\u2019ya giden \u00f6\u011frenciler i\u00e7in genellikle <b>aile yan\u0131 konaklama (homestay)<\/b> \u00f6nerilmektedir. Bu se\u00e7enek hem g\u00fcvenli ve s\u0131cak bir ba\u015flang\u0131\u00e7 sa\u011flar hem de yerel bir aileyle vakit ge\u00e7irerek \u0130ngilizce geli\u015fimini do\u011fal bir \u015fekilde destekler. Daha ba\u011f\u0131ms\u0131z veya ekonomik bir tercih yapmak isteyen \u00f6\u011frencilerimiz i\u00e7in \u00f6\u011frenci yurtlar\u0131 da g\u00fc\u00e7l\u00fc bir alternatiftir.<\/p>\n<\/div><\/div><\/div><div class=\"fusion-panel panel-default panel-6b77857ffa2f3a40a fusion-toggle-no-divider fusion-toggle-boxed-mode\" style=\"--awb-title-color:var(--awb-color4);\"><div class=\"panel-heading\"><h4 class=\"panel-title toggle\" id=\"toggle_6b77857ffa2f3a40a\"><a aria-expanded=\"false\" aria-controls=\"6b77857ffa2f3a40a\" role=\"button\" data-toggle=\"collapse\" data-parent=\"#accordion-4047-1\" data-target=\"#6b77857ffa2f3a40a\" href=\"#6b77857ffa2f3a40a\"><span class=\"fusion-toggle-icon-wrapper\" aria-hidden=\"true\"><i class=\"fa-fusion-box active-icon awb-icon-minus\" aria-hidden=\"true\"><\/i><i class=\"fa-fusion-box inactive-icon awb-icon-plus\" aria-hidden=\"true\"><\/i><\/span><span class=\"fusion-toggle-heading\">Konaklama T\u00fcr\u00fc Avustralya\u2019ya Gittikten Sonra De\u011fi\u015ftirilebilir mi?<\/span><\/a><\/h4><\/div><div id=\"6b77857ffa2f3a40a\" class=\"panel-collapse collapse \" aria-labelledby=\"toggle_6b77857ffa2f3a40a\"><div class=\"panel-body toggle-content fusion-clearfix\">\n<p class=\"p1\">Evet. Genellikle \u00f6\u011frencilerimiz ba\u015flang\u0131\u00e7 a\u015famas\u0131nda (ilk 4-8 hafta) aile yan\u0131n\u0131 veya yurtlar\u0131 tercih ederler. \u015eehre ve \u00e7evreye al\u0131\u015ft\u0131ktan sonra, arkada\u015flar\u0131n\u0131zla payla\u015f\u0131ml\u0131 evlere \u00e7\u0131kabilir veya farkl\u0131 bir konaklama t\u00fcr\u00fcne kolayl\u0131kla ge\u00e7i\u015f yapabilirsiniz.<\/p>\n<\/div><\/div><\/div><\/div><\/div><div class=\"fusion-text fusion-text-2\"><p><b>Arad\u0131\u011f\u0131n\u0131z cevab\u0131 bulamad\u0131n\u0131z m\u0131?<\/b> Bilgi istek formumuzu doldurarak e\u011fitim dan\u0131\u015fmanlar\u0131m\u0131zla hemen \u00fccretsiz bir \u00f6n g\u00f6r\u00fc\u015fme planlay\u0131n ve t\u00fcm s\u00fcre\u00e7 hakk\u0131nda en g\u00fcncel ve do\u011fru bilgilere ula\u015f\u0131n. <a href=\"https:\/\/smartedu.com.au\/tr\/bilgi-istek-formu\/\">Bilgi \u0130stek Formuna Buradan Ula\u015fabilirsiniz.<\/a><\/p>\n<\/div><script type=\"application\/ld+json\">\n{\n  \"@context\": \"https:\/\/schema.org\",\n  \"@type\": \"FAQPage\",\n  \"mainEntity\": [\n    {\n      \"@type\": \"Question\",\n      \"name\": \"Avustralya\u2019da konaklama se\u00e7enekleri nelerdir?\",\n      \"acceptedAnswer\": {\n        \"@type\": \"Answer\",\n        \"text\": \"Avustralya\u2019da en yayg\u0131n se\u00e7enekler aile yan\u0131 konaklama (homestay), \u00f6\u011frenci yurtlar\u0131 ve payla\u015f\u0131ml\u0131 evlerdir.\"\n      }\n    },\n    {\n      \"@type\": \"Question\",\n      \"name\": \"Avustralya'ya ilk gidi\u015fte hangi konaklama \u00f6nerilir?\",\n      \"acceptedAnswer\": {\n        \"@type\": \"Answer\",\n        \"text\": \"G\u00fcvenli bir ba\u015flang\u0131\u00e7 ve \u0130ngilizce prati\u011fi i\u00e7in genellikle aile yan\u0131 konaklama (homestay) \u00f6nerilir. Alternatif olarak \u00f6\u011frenci yurtlar\u0131 da de\u011ferlendirilebilir.\"\n      }\n    },\n    {\n      \"@type\": \"Question\",\n      \"name\": \"Konaklama daha sonra de\u011fi\u015ftirilebilir mi?\",\n      \"acceptedAnswer\": {\n        \"@type\": \"Answer\",\n        \"text\": \"Evet. Avustralya\u2019ya var\u0131p \u015fehre al\u0131\u015ft\u0131ktan sonra payla\u015f\u0131ml\u0131 eve \u00e7\u0131kabilir veya konaklama t\u00fcr\u00fcn\u00fcz\u00fc de\u011fi\u015ftirebilirsiniz.\"\n      }\n    }\n  ]\n}\n<\/script><\/div><\/div><\/div><\/div>\n","protected":false},"excerpt":{"rendered":"","protected":false},"author":1,"featured_media":0,"parent":3135,"menu_order":0,"comment_status":"closed","ping_status":"closed","template":"","meta":{"footnotes":""},"class_list":["post-4047","page","type-page","status-publish","hentry"],"_links":{"self":[{"href":"https:\/\/smartedu.com.au\/tr\/wp-json\/wp\/v2\/pages\/4047"}],"collection":[{"href":"https:\/\/smartedu.com.au\/tr\/wp-json\/wp\/v2\/pages"}],"about":[{"href":"https:\/\/smartedu.com.au\/tr\/wp-json\/wp\/v2\/types\/page"}],"author":[{"embeddable":true,"href":"https:\/\/smartedu.com.au\/tr\/wp-json\/wp\/v2\/users\/1"}],"replies":[{"embeddable":true,"href":"https:\/\/smartedu.com.au\/tr\/wp-json\/wp\/v2\/comments?post=4047"}],"version-history":[{"count":4,"href":"https:\/\/smartedu.com.au\/tr\/wp-json\/wp\/v2\/pages\/4047\/revisions"}],"predecessor-version":[{"id":4113,"href":"https:\/\/smartedu.com.au\/tr\/wp-json\/wp\/v2\/pages\/4047\/revisions\/4113"}],"up":[{"embeddable":true,"href":"https:\/\/smartedu.com.au\/tr\/wp-json\/wp\/v2\/pages\/3135"}],"wp:attachment":[{"href":"https:\/\/smartedu.com.au\/tr\/wp-json\/wp\/v2\/media?parent=4047"}],"curies":[{"name":"wp","href":"https:\/\/api.w.org\/{rel}","templated":true}]}}