{"id":4043,"date":"2026-01-16T15:44:36","date_gmt":"2026-01-16T12:44:36","guid":{"rendered":"https:\/\/smartedu.com.au\/tr\/?page_id=4043"},"modified":"2026-01-22T04:37:59","modified_gmt":"2026-01-22T01:37:59","slug":"egitim-ucretleri-ve-maliyetler","status":"publish","type":"page","link":"https:\/\/smartedu.com.au\/tr\/avustralya-sik-sorulan-sorular\/egitim-ucretleri-ve-maliyetler\/","title":{"rendered":"E\u011fitim \u00dccretleri ve Maliyetler"},"content":{"rendered":"<div class=\"fusion-fullwidth fullwidth-box fusion-builder-row-1 fusion-flex-container has-pattern-background has-mask-background nonhundred-percent-fullwidth non-hundred-percent-height-scrolling\" style=\"--awb-border-radius-top-left:0px;--awb-border-radius-top-right:0px;--awb-border-radius-bottom-right:0px;--awb-border-radius-bottom-left:0px;--awb-flex-wrap:wrap;\" ><div class=\"fusion-builder-row fusion-row fusion-flex-align-items-flex-start fusion-flex-content-wrap\" style=\"max-width:1331.2px;margin-left: calc(-4% \/ 2 );margin-right: calc(-4% \/ 2 );\"><div class=\"fusion-layout-column fusion_builder_column fusion-builder-column-0 fusion_builder_column_1_1 1_1 fusion-flex-column\" style=\"--awb-bg-size:cover;--awb-width-large:100%;--awb-margin-top-large:10px;--awb-spacing-right-large:1.92%;--awb-margin-bottom-large:10px;--awb-spacing-left-large:1.92%;--awb-width-medium:100%;--awb-order-medium:0;--awb-spacing-right-medium:1.92%;--awb-spacing-left-medium:1.92%;--awb-width-small:100%;--awb-order-small:0;--awb-spacing-right-small:1.92%;--awb-spacing-left-small:1.92%;\"><div class=\"fusion-column-wrapper fusion-column-has-shadow fusion-flex-justify-content-flex-start fusion-content-layout-column\"><div class=\"fusion-text fusion-text-1\"><h2 class=\"p1\">Avustralya&#8217;da E\u011fitim Almak \u0130\u00e7in Kar\u015f\u0131laman\u0131z Gereken Maliyetler \u0130le \u0130lgili T\u00fcm Merak Edilenler<\/h2>\n<p class=\"p1\">E\u011fitim \u00fccretlerinden zorunlu sa\u011fl\u0131k sigortas\u0131na (OSHC), konaklama masraflar\u0131ndan g\u00fcnl\u00fck ya\u015fam giderlerine kadar t\u00fcm finansal tabloyu netle\u015ftirmek, vize s\u00fcrecinizin ba\u015far\u0131s\u0131 ve konforlu bir e\u011fitim hayat\u0131 i\u00e7in kritiktir.<\/p>\n<p>SmartEDU olarak, en g\u00fcncel okul kampanyalar\u0131n\u0131 ve burs olanaklar\u0131n\u0131 takip ederek b\u00fct\u00e7enize en uygun se\u00e7enekleri sunuyoruz. A\u015fa\u011f\u0131da, Avustralya&#8217;daki maliyetlere dair t\u00fcm merak edilenleri bulabilirsiniz.<\/p>\n<\/div><div class=\"accordian fusion-accordian\" style=\"--awb-border-size:1px;--awb-icon-size:25px;--awb-content-font-size:var(--awb-typography4-font-size);--awb-icon-alignment:left;--awb-hover-color:var(--awb-color1);--awb-border-color:var(--awb-color3);--awb-background-color:var(--awb-color1);--awb-divider-color:var(--awb-color3);--awb-divider-hover-color:var(--awb-color3);--awb-icon-color:var(--awb-color4);--awb-title-color:var(--awb-color4);--awb-content-color:var(--awb-color6);--awb-icon-box-color:var(--awb-color8);--awb-toggle-hover-accent-color:var(--awb-color4);--awb-title-font-family:var(--awb-typography1-font-family);--awb-title-font-weight:var(--awb-typography1-font-weight);--awb-title-font-style:var(--awb-typography1-font-style);--awb-content-font-family:var(--awb-typography4-font-family);--awb-content-font-weight:var(--awb-typography4-font-weight);--awb-content-font-style:var(--awb-typography4-font-style);\"><div class=\"panel-group fusion-toggle-icon-unboxed\" id=\"accordion-4043-1\"><div class=\"fusion-panel panel-default panel-e1b7d695240896bd0 fusion-toggle-no-divider fusion-toggle-boxed-mode\" style=\"--awb-title-color:var(--awb-color4);\"><div class=\"panel-heading\"><h4 class=\"panel-title toggle\" id=\"toggle_e1b7d695240896bd0\"><a aria-expanded=\"false\" aria-controls=\"e1b7d695240896bd0\" role=\"button\" data-toggle=\"collapse\" data-parent=\"#accordion-4043-1\" data-target=\"#e1b7d695240896bd0\" href=\"#e1b7d695240896bd0\"><span class=\"fusion-toggle-icon-wrapper\" aria-hidden=\"true\"><i class=\"fa-fusion-box active-icon awb-icon-minus\" aria-hidden=\"true\"><\/i><i class=\"fa-fusion-box inactive-icon awb-icon-plus\" aria-hidden=\"true\"><\/i><\/span><span class=\"fusion-toggle-heading\">Avustralya \u0130ngilizce E\u011fitimi \u00dccretleri Ne Kadard\u0131r?<\/span><\/a><\/h4><\/div><div id=\"e1b7d695240896bd0\" class=\"panel-collapse collapse \" aria-labelledby=\"toggle_e1b7d695240896bd0\"><div class=\"panel-body toggle-content fusion-clearfix\">\n<p class=\"p1\">Haftal\u0131k \u0130ngilizce e\u011fitimi \u00fccretleri genellikle <b>200 ile 350 AUD<\/b> aras\u0131nda de\u011fi\u015fmektedir. Uzun d\u00f6nemli (24 hafta ve \u00fczeri) programlarda haftal\u0131k \u00fccretler genellikle daha avantajl\u0131 hale gelir. SmartEDU dan\u0131\u015fmanlar\u0131m\u0131zla ileti\u015fime ge\u00e7erek en g\u00fcncel fiyat bilgileri ve size \u00f6zel kampanyalardan faydalanabilirsiniz.<\/p>\n<\/div><\/div><\/div><div class=\"fusion-panel panel-default panel-2994c4eeb588525d9 fusion-toggle-no-divider fusion-toggle-boxed-mode\" style=\"--awb-title-color:var(--awb-color4);\"><div class=\"panel-heading\"><h4 class=\"panel-title toggle\" id=\"toggle_2994c4eeb588525d9\"><a aria-expanded=\"false\" aria-controls=\"2994c4eeb588525d9\" role=\"button\" data-toggle=\"collapse\" data-parent=\"#accordion-4043-1\" data-target=\"#2994c4eeb588525d9\" href=\"#2994c4eeb588525d9\"><span class=\"fusion-toggle-icon-wrapper\" aria-hidden=\"true\"><i class=\"fa-fusion-box active-icon awb-icon-minus\" aria-hidden=\"true\"><\/i><i class=\"fa-fusion-box inactive-icon awb-icon-plus\" aria-hidden=\"true\"><\/i><\/span><span class=\"fusion-toggle-heading\">Avustralya\u2019da Ayl\u0131k Ya\u015fam Maliyetleri Ne Kadard\u0131r?<\/span><\/a><\/h4><\/div><div id=\"2994c4eeb588525d9\" class=\"panel-collapse collapse \" aria-labelledby=\"toggle_2994c4eeb588525d9\"><div class=\"panel-body toggle-content fusion-clearfix\">\n<p class=\"p1\">Ya\u015fam maliyetleri se\u00e7ilen \u015fehre ve ya\u015fam tarz\u0131na ba\u011fl\u0131 olarak de\u011fi\u015fmekle birlikte, ayl\u0131k ortalama <b>1.800 \u2013 2.200 AUD<\/b> band\u0131nda d\u00fc\u015f\u00fcn\u00fclebilir. Ancak, Avustralya h\u00fck\u00fcmetinin \u00f6\u011frenci vizesi gerekliliklerine g\u00f6re belirledi\u011fi yasal ayl\u0131k ya\u015fam masraf\u0131 <b>2.500 AUD<\/b>\u2019dir. Vize ba\u015fvurusu s\u0131ras\u0131nda bu rakam baz al\u0131nmaktad\u0131r.<\/p>\n<\/div><\/div><\/div><div class=\"fusion-panel panel-default panel-05b6b843c9319f1e6 fusion-toggle-no-divider fusion-toggle-boxed-mode\" style=\"--awb-title-color:var(--awb-color4);\"><div class=\"panel-heading\"><h4 class=\"panel-title toggle\" id=\"toggle_05b6b843c9319f1e6\"><a aria-expanded=\"false\" aria-controls=\"05b6b843c9319f1e6\" role=\"button\" data-toggle=\"collapse\" data-parent=\"#accordion-4043-1\" data-target=\"#05b6b843c9319f1e6\" href=\"#05b6b843c9319f1e6\"><span class=\"fusion-toggle-icon-wrapper\" aria-hidden=\"true\"><i class=\"fa-fusion-box active-icon awb-icon-minus\" aria-hidden=\"true\"><\/i><i class=\"fa-fusion-box inactive-icon awb-icon-plus\" aria-hidden=\"true\"><\/i><\/span><span class=\"fusion-toggle-heading\">Avustralya \u00d6\u011frenci Sa\u011fl\u0131k Sigortas\u0131 (OSHC) Zorunlu mu?<\/span><\/a><\/h4><\/div><div id=\"05b6b843c9319f1e6\" class=\"panel-collapse collapse \" aria-labelledby=\"toggle_05b6b843c9319f1e6\"><div class=\"panel-body toggle-content fusion-clearfix\">\n<p class=\"p1\">Evet. <b>Overseas Student Health Cover (OSHC)<\/b> olarak bilinen \u00f6\u011frenci sa\u011fl\u0131k sigortas\u0131, \u00f6\u011frenci vizesi alabilmek i\u00e7in zorunludur. Bu sigortan\u0131n, Avustralya\u2019da kalaca\u011f\u0131n\u0131z s\u00fcrenin tamam\u0131n\u0131 (e\u011fitim + tatil d\u00f6nemi) kapsamas\u0131 \u015fartt\u0131r.<\/p>\n<\/div><\/div><\/div><div class=\"fusion-panel panel-default panel-6b2a7178db1e7a21d fusion-toggle-no-divider fusion-toggle-boxed-mode\" style=\"--awb-title-color:var(--awb-color4);\"><div class=\"panel-heading\"><h4 class=\"panel-title toggle\" id=\"toggle_6b2a7178db1e7a21d\"><a aria-expanded=\"false\" aria-controls=\"6b2a7178db1e7a21d\" role=\"button\" data-toggle=\"collapse\" data-parent=\"#accordion-4043-1\" data-target=\"#6b2a7178db1e7a21d\" href=\"#6b2a7178db1e7a21d\"><span class=\"fusion-toggle-icon-wrapper\" aria-hidden=\"true\"><i class=\"fa-fusion-box active-icon awb-icon-minus\" aria-hidden=\"true\"><\/i><i class=\"fa-fusion-box inactive-icon awb-icon-plus\" aria-hidden=\"true\"><\/i><\/span><span class=\"fusion-toggle-heading\">Sa\u011fl\u0131k Sigortas\u0131 (OSHC) Neleri Kapsar?<\/span><\/a><\/h4><\/div><div id=\"6b2a7178db1e7a21d\" class=\"panel-collapse collapse \" aria-labelledby=\"toggle_6b2a7178db1e7a21d\"><div class=\"panel-body toggle-content fusion-clearfix\">\n<ul class=\"ul1\">\n<li class=\"li1\">\n<p class=\"p1\">OSHC, Avustralya\u2019da bulundu\u011funuz s\u00fcrece doktor muayenelerini, hastane hizmetlerini b\u00fcy\u00fck \u00f6l\u00e7\u00fcde kar\u015f\u0131lar ve acil sa\u011fl\u0131k giderlerinizin tamam\u0131n\u0131 kapsama dahil eder. Sigorta sa\u011flay\u0131c\u0131s\u0131na g\u00f6re ek teminatlar de\u011fi\u015febilece\u011fi i\u00e7in en net bilgi poli\u00e7enizde yer almaktad\u0131r.<\/p>\n<\/li>\n<\/ul>\n<\/div><\/div><\/div><div class=\"fusion-panel panel-default panel-176822c0b2ff110a9 fusion-toggle-no-divider fusion-toggle-boxed-mode\" style=\"--awb-title-color:var(--awb-color4);\"><div class=\"panel-heading\"><h4 class=\"panel-title toggle\" id=\"toggle_176822c0b2ff110a9\"><a aria-expanded=\"false\" aria-controls=\"176822c0b2ff110a9\" role=\"button\" data-toggle=\"collapse\" data-parent=\"#accordion-4043-1\" data-target=\"#176822c0b2ff110a9\" href=\"#176822c0b2ff110a9\"><span class=\"fusion-toggle-icon-wrapper\" aria-hidden=\"true\"><i class=\"fa-fusion-box active-icon awb-icon-minus\" aria-hidden=\"true\"><\/i><i class=\"fa-fusion-box inactive-icon awb-icon-plus\" aria-hidden=\"true\"><\/i><\/span><span class=\"fusion-toggle-heading\">Avustralya Sa\u011fl\u0131k Sigortas\u0131 \u00dccreti Nedir?<\/span><\/a><\/h4><\/div><div id=\"176822c0b2ff110a9\" class=\"panel-collapse collapse \" aria-labelledby=\"toggle_176822c0b2ff110a9\"><div class=\"panel-body toggle-content fusion-clearfix\">\n<p class=\"p1\">Sigorta \u015firketlerine g\u00f6re k\u00fc\u00e7\u00fck farkl\u0131l\u0131klar olsa da, bireysel ba\u015fvurularda ayl\u0131k sigorta maliyeti ortalama <b>55-60 AUD<\/b> civar\u0131ndad\u0131r. \u00d6rne\u011fin; 6 ayl\u0131k e\u011fitim ve 2 ayl\u0131k tatil d\u00f6nemi (toplam 8 ay) i\u00e7in sigorta \u00fccreti yakla\u015f\u0131k <b>500 AUD<\/b> tutmaktad\u0131r. Bu \u00fccretin vize ba\u015fvurusu \u00f6ncesinde pe\u015fin olarak \u00f6denmesi gerekir.<\/p>\n<\/div><\/div><\/div><div class=\"fusion-panel panel-default panel-c4e6154efd92ba748 fusion-toggle-no-divider fusion-toggle-boxed-mode\" style=\"--awb-title-color:var(--awb-color4);\"><div class=\"panel-heading\"><h4 class=\"panel-title toggle\" id=\"toggle_c4e6154efd92ba748\"><a aria-expanded=\"false\" aria-controls=\"c4e6154efd92ba748\" role=\"button\" data-toggle=\"collapse\" data-parent=\"#accordion-4043-1\" data-target=\"#c4e6154efd92ba748\" href=\"#c4e6154efd92ba748\"><span class=\"fusion-toggle-icon-wrapper\" aria-hidden=\"true\"><i class=\"fa-fusion-box active-icon awb-icon-minus\" aria-hidden=\"true\"><\/i><i class=\"fa-fusion-box inactive-icon awb-icon-plus\" aria-hidden=\"true\"><\/i><\/span><span class=\"fusion-toggle-heading\">Okul ve Vize \u00d6demelerimi Nereye Yapabilirim?<\/span><\/a><\/h4><\/div><div id=\"c4e6154efd92ba748\" class=\"panel-collapse collapse \" aria-labelledby=\"toggle_c4e6154efd92ba748\"><div class=\"panel-body toggle-content fusion-clearfix\">\n<p class=\"p1\">Okul, sigorta, konaklama ve vize ba\u015fvuru \u00fccretlerinizi dilerseniz g\u00fcvenli bir \u015fekilde <b>SmartEDU<\/b> hesaplar\u0131na iletebilirsiniz. Tercih etmeniz durumunda, okul \u00fccretini direkt olarak e\u011fitim kurumunun hesab\u0131na da yat\u0131rman\u0131z m\u00fcmk\u00fcnd\u00fcr.<\/p>\n<\/div><\/div><\/div><div class=\"fusion-panel panel-default panel-c758fcf83ad9389f5 fusion-toggle-no-divider fusion-toggle-boxed-mode\" style=\"--awb-title-color:var(--awb-color4);\"><div class=\"panel-heading\"><h4 class=\"panel-title toggle\" id=\"toggle_c758fcf83ad9389f5\"><a aria-expanded=\"false\" aria-controls=\"c758fcf83ad9389f5\" role=\"button\" data-toggle=\"collapse\" data-parent=\"#accordion-4043-1\" data-target=\"#c758fcf83ad9389f5\" href=\"#c758fcf83ad9389f5\"><span class=\"fusion-toggle-icon-wrapper\" aria-hidden=\"true\"><i class=\"fa-fusion-box active-icon awb-icon-minus\" aria-hidden=\"true\"><\/i><i class=\"fa-fusion-box inactive-icon awb-icon-plus\" aria-hidden=\"true\"><\/i><\/span><span class=\"fusion-toggle-heading\">\u00d6deme Se\u00e7enekleri ve Kredi Kart\u0131 Kullan\u0131m\u0131<\/span><\/a><\/h4><\/div><div id=\"c758fcf83ad9389f5\" class=\"panel-collapse collapse \" aria-labelledby=\"toggle_c758fcf83ad9389f5\"><div class=\"panel-body toggle-content fusion-clearfix\">\n<p class=\"p1\">\u00d6demelerinizi banka transferi veya kredi kart\u0131 ile yapabilirsiniz. Kredi kart\u0131 ile yap\u0131lan \u00f6demelerde, okullar\u0131n sistemlerinden kaynaklanan yakla\u015f\u0131k <b>%2 oran\u0131nda ek bir i\u015flem maliyeti<\/b> olu\u015fabildi\u011fini hat\u0131rlatmak isteriz.<\/p>\n<\/div><\/div><\/div><\/div><\/div><div class=\"fusion-text fusion-text-2\"><p><b>Arad\u0131\u011f\u0131n\u0131z cevab\u0131 bulamad\u0131n\u0131z m\u0131?<\/b> Bilgi istek formumuzu doldurarak e\u011fitim dan\u0131\u015fmanlar\u0131m\u0131zla hemen \u00fccretsiz bir \u00f6n g\u00f6r\u00fc\u015fme planlay\u0131n ve t\u00fcm s\u00fcre\u00e7 hakk\u0131nda en g\u00fcncel ve do\u011fru bilgilere ula\u015f\u0131n. <a href=\"https:\/\/smartedu.com.au\/tr\/bilgi-istek-formu\/\">Bilgi \u0130stek Formuna Buradan Ula\u015fabilirsiniz.<\/a><\/p>\n<\/div><script type=\"application\/ld+json\">\n{\n  \"@context\": \"https:\/\/schema.org\",\n  \"@type\": \"FAQPage\",\n  \"mainEntity\": [\n    {\n      \"@type\": \"Question\",\n      \"name\": \"\u0130ngilizce e\u011fitimi \u00fccretleri ne kadard\u0131r?\",\n      \"acceptedAnswer\": {\n        \"@type\": \"Answer\",\n        \"text\": \"Haftal\u0131k \u0130ngilizce e\u011fitimi \u00fccretleri genellikle 200 ile 350 AUD aras\u0131nda de\u011fi\u015fir. Uzun d\u00f6nemli programlarda haftal\u0131k maliyetler daha ekonomik olmaktad\u0131r.\"\n      }\n    },\n    {\n      \"@type\": \"Question\",\n      \"name\": \"Avustralya\u2019da ayl\u0131k ya\u015fam maliyetleri ne kadard\u0131r?\",\n      \"acceptedAnswer\": {\n        \"@type\": \"Answer\",\n        \"text\": \"Ya\u015fam tarz\u0131na g\u00f6re ayl\u0131k 1.800-2.200 AUD harcama \u00f6ng\u00f6r\u00fcl\u00fcr. Ancak vize yasalar\u0131na g\u00f6re bir \u00f6\u011frencinin ayl\u0131k resmi ya\u015fam gideri 2.500 AUD olarak hesaplan\u0131r.\"\n      }\n    },\n    {\n      \"@type\": \"Question\",\n      \"name\": \"Sa\u011fl\u0131k sigortas\u0131 (OSHC) zorunlu mu?\",\n      \"acceptedAnswer\": {\n        \"@type\": \"Answer\",\n        \"text\": \"Evet. Avustralya \u00f6\u011frenci vizesi i\u00e7in Overseas Student Health Cover (OSHC) yapt\u0131rmak zorunludur ve vize s\u00fcresinin tamam\u0131n\u0131 kapsamal\u0131d\u0131r.\"\n      }\n    },\n    {\n      \"@type\": \"Question\",\n      \"name\": \"\u00d6\u011frenci Sa\u011fl\u0131k Sigortas\u0131 (OSHC) neleri kapsar?\",\n      \"acceptedAnswer\": {\n        \"@type\": \"Answer\",\n        \"text\": \"OSHC, doktor muayeneleri, hastane hizmetleri ve acil durum giderlerini b\u00fcy\u00fck oranda kar\u015f\u0131layan kapsaml\u0131 bir sigorta t\u00fcr\u00fcd\u00fcr.\"\n      }\n    },\n    {\n      \"@type\": \"Question\",\n      \"name\": \"Sa\u011fl\u0131k sigortas\u0131n\u0131n \u00fccreti nedir?\",\n      \"acceptedAnswer\": {\n        \"@type\": \"Answer\",\n        \"text\": \"Ayl\u0131k maliyet ortalama 55-60 AUD'dir. 8 ayl\u0131k bir vize s\u00fcreci i\u00e7in toplamda yakla\u015f\u0131k 500 AUD civar\u0131nda bir \u00f6deme yap\u0131lmas\u0131 gerekir.\"\n      }\n    },\n    {\n      \"@type\": \"Question\",\n      \"name\": \"Sa\u011fl\u0131k sigortas\u0131n\u0131n s\u00fcresi ne kadar olmal\u0131d\u0131r?\",\n      \"acceptedAnswer\": {\n        \"@type\": \"Answer\",\n        \"text\": \"Sigortan\u0131z, Avustralya\u2019ya var\u0131\u015f\u0131n\u0131zdan ayr\u0131l\u0131\u015f\u0131n\u0131za kadar ge\u00e7en t\u00fcm s\u00fcreyi ve tatilleri eksiksiz kapsamal\u0131d\u0131r.\"\n      }\n    },\n    {\n      \"@type\": \"Question\",\n      \"name\": \"\u00d6demelerimi nereye yapabilirim?\",\n      \"acceptedAnswer\": {\n        \"@type\": \"Answer\",\n        \"text\": \"\u00d6demelerinizi SmartEDU hesaplar\u0131na veya do\u011frudan okulun resmi hesaplar\u0131na yapabilirsiniz.\"\n      }\n    },\n    {\n      \"@type\": \"Question\",\n      \"name\": \"Kredi kart\u0131 ile \u00f6deme yaparken ek \u00fccret al\u0131n\u0131r m\u0131?\",\n      \"acceptedAnswer\": {\n        \"@type\": \"Answer\",\n        \"text\": \"Kredi kart\u0131 ile yap\u0131lan \u00f6demelerde, e\u011fitim kurumlar\u0131n\u0131n sistemlerinden dolay\u0131 yakla\u015f\u0131k %2 oran\u0131nda bir ek komisyon maliyeti olu\u015fabilmektedir.\"\n      }\n    }\n  ]\n}\n<\/script><\/div><\/div><\/div><\/div>\n","protected":false},"excerpt":{"rendered":"","protected":false},"author":1,"featured_media":0,"parent":3135,"menu_order":0,"comment_status":"closed","ping_status":"closed","template":"","meta":{"footnotes":""},"class_list":["post-4043","page","type-page","status-publish","hentry"],"_links":{"self":[{"href":"https:\/\/smartedu.com.au\/tr\/wp-json\/wp\/v2\/pages\/4043"}],"collection":[{"href":"https:\/\/smartedu.com.au\/tr\/wp-json\/wp\/v2\/pages"}],"about":[{"href":"https:\/\/smartedu.com.au\/tr\/wp-json\/wp\/v2\/types\/page"}],"author":[{"embeddable":true,"href":"https:\/\/smartedu.com.au\/tr\/wp-json\/wp\/v2\/users\/1"}],"replies":[{"embeddable":true,"href":"https:\/\/smartedu.com.au\/tr\/wp-json\/wp\/v2\/comments?post=4043"}],"version-history":[{"count":4,"href":"https:\/\/smartedu.com.au\/tr\/wp-json\/wp\/v2\/pages\/4043\/revisions"}],"predecessor-version":[{"id":4114,"href":"https:\/\/smartedu.com.au\/tr\/wp-json\/wp\/v2\/pages\/4043\/revisions\/4114"}],"up":[{"embeddable":true,"href":"https:\/\/smartedu.com.au\/tr\/wp-json\/wp\/v2\/pages\/3135"}],"wp:attachment":[{"href":"https:\/\/smartedu.com.au\/tr\/wp-json\/wp\/v2\/media?parent=4043"}],"curies":[{"name":"wp","href":"https:\/\/api.w.org\/{rel}","templated":true}]}}