{"id":4034,"date":"2026-01-16T15:26:52","date_gmt":"2026-01-16T12:26:52","guid":{"rendered":"https:\/\/smartedu.com.au\/tr\/?page_id=4034"},"modified":"2026-01-22T04:38:09","modified_gmt":"2026-01-22T01:38:09","slug":"finansal-gereklilikler-banka-sartlari","status":"publish","type":"page","link":"https:\/\/smartedu.com.au\/tr\/avustralya-sik-sorulan-sorular\/finansal-gereklilikler-banka-sartlari\/","title":{"rendered":"Finansal Gereklilikler ve Banka \u015eartlar\u0131"},"content":{"rendered":"<div class=\"fusion-fullwidth fullwidth-box fusion-builder-row-1 fusion-flex-container has-pattern-background has-mask-background nonhundred-percent-fullwidth non-hundred-percent-height-scrolling\" style=\"--awb-border-radius-top-left:0px;--awb-border-radius-top-right:0px;--awb-border-radius-bottom-right:0px;--awb-border-radius-bottom-left:0px;--awb-flex-wrap:wrap;\" ><div class=\"fusion-builder-row fusion-row fusion-flex-align-items-flex-start fusion-flex-content-wrap\" style=\"max-width:1331.2px;margin-left: calc(-4% \/ 2 );margin-right: calc(-4% \/ 2 );\"><div class=\"fusion-layout-column fusion_builder_column fusion-builder-column-0 fusion_builder_column_1_1 1_1 fusion-flex-column\" style=\"--awb-bg-size:cover;--awb-width-large:100%;--awb-margin-top-large:10px;--awb-spacing-right-large:1.92%;--awb-margin-bottom-large:10px;--awb-spacing-left-large:1.92%;--awb-width-medium:100%;--awb-order-medium:0;--awb-spacing-right-medium:1.92%;--awb-spacing-left-medium:1.92%;--awb-width-small:100%;--awb-order-small:0;--awb-spacing-right-small:1.92%;--awb-spacing-left-small:1.92%;\"><div class=\"fusion-column-wrapper fusion-column-has-shadow fusion-flex-justify-content-flex-start fusion-content-layout-column\"><div class=\"fusion-text fusion-text-1\"><h2>Avustralya \u00d6\u011frenci Vizesi (Subclass 500) Onay\u0131 \u0130\u00e7in G\u00f6stermeniz Gereken Finansal Yeterlilik &#8211; En \u00c7ok Merak Edilenler<\/h2>\n<p>Avustralya \u00f6\u011frenci vizesi ba\u015fvuru s\u00fcrecinin en kritik a\u015famalar\u0131ndan biri, e\u011fitim ve ya\u015fam giderlerinizi kar\u015f\u0131layabilece\u011finizi kan\u0131tlayan <b>finansal yeterlilik<\/b> ad\u0131m\u0131d\u0131r. Avustralya h\u00fck\u00fcmeti, uluslararas\u0131 \u00f6\u011frencilerin e\u011fitim s\u00fcreleri boyunca ekonomik zorluk ya\u015famadan derslerine odaklanabilmelerini sa\u011flamak amac\u0131yla belirli bir maddi teminat g\u00f6sterilmesini \u015fart ko\u015far.<\/p>\n<p>A\u015fa\u011f\u0131daki b\u00f6l\u00fcmde, banka hesab\u0131n\u0131zda bulunmas\u0131 gereken tutarlardan sponsorluk \u015fartlar\u0131na kadar t\u00fcm mali detaylar\u0131 bulabilirsiniz.<\/p>\n<\/div><div class=\"accordian fusion-accordian\" style=\"--awb-border-size:1px;--awb-icon-size:25px;--awb-content-font-size:var(--awb-typography4-font-size);--awb-icon-alignment:left;--awb-hover-color:var(--awb-color1);--awb-border-color:var(--awb-color3);--awb-background-color:var(--awb-color1);--awb-divider-color:var(--awb-color3);--awb-divider-hover-color:var(--awb-color3);--awb-icon-color:var(--awb-color4);--awb-title-color:var(--awb-color4);--awb-content-color:var(--awb-color6);--awb-icon-box-color:var(--awb-color8);--awb-toggle-hover-accent-color:var(--awb-color4);--awb-title-font-family:var(--awb-typography1-font-family);--awb-title-font-weight:var(--awb-typography1-font-weight);--awb-title-font-style:var(--awb-typography1-font-style);--awb-content-font-family:var(--awb-typography4-font-family);--awb-content-font-weight:var(--awb-typography4-font-weight);--awb-content-font-style:var(--awb-typography4-font-style);\"><div class=\"panel-group fusion-toggle-icon-unboxed\" id=\"accordion-4034-1\"><div class=\"fusion-panel panel-default panel-ab839f8f26c7556a4 fusion-toggle-no-divider fusion-toggle-boxed-mode\" style=\"--awb-title-color:var(--awb-color4);\"><div class=\"panel-heading\"><h4 class=\"panel-title toggle\" id=\"toggle_ab839f8f26c7556a4\"><a aria-expanded=\"false\" aria-controls=\"ab839f8f26c7556a4\" role=\"button\" data-toggle=\"collapse\" data-parent=\"#accordion-4034-1\" data-target=\"#ab839f8f26c7556a4\" href=\"#ab839f8f26c7556a4\"><span class=\"fusion-toggle-icon-wrapper\" aria-hidden=\"true\"><i class=\"fa-fusion-box active-icon awb-icon-minus\" aria-hidden=\"true\"><\/i><i class=\"fa-fusion-box inactive-icon awb-icon-plus\" aria-hidden=\"true\"><\/i><\/span><span class=\"fusion-toggle-heading\">\u00d6\u011frenci Vizesi \u0130\u00e7in Banka Hesab\u0131nda Ne Kadar Para G\u00f6stermek Gerekir?<\/span><\/a><\/h4><\/div><div id=\"ab839f8f26c7556a4\" class=\"panel-collapse collapse \" aria-labelledby=\"toggle_ab839f8f26c7556a4\"><div class=\"panel-body toggle-content fusion-clearfix\">\n<p class=\"p1\">Vize kanunlar\u0131na g\u00f6re ayl\u0131k ya\u015fam maliyeti <b>2.500 AUD<\/b> olarak hesaplanmaktad\u0131r. Buna ek olarak, \u00f6denmemi\u015f e\u011fitim \u00fccretleriniz varsa bu tutar da hesaplamaya dahil edilmelidir.<\/p>\n<pre class=\"p1\"><b>Finansal Gereklilik \u0130\u00e7in \u00d6rnek Hesaplama\r\n8 ay x 2500 AUD = 20.000 AUD\r\n<\/b><\/pre>\n<p data-path-to-node=\"33\">Bu miktar ve \u00fczerindeki bir kaynak finansal belge olarak sunulmal\u0131d\u0131r.<\/p>\n<\/div><\/div><\/div><div class=\"fusion-panel panel-default panel-566d78bc0d3b548db fusion-toggle-no-divider fusion-toggle-boxed-mode\" style=\"--awb-title-color:var(--awb-color4);\"><div class=\"panel-heading\"><h4 class=\"panel-title toggle\" id=\"toggle_566d78bc0d3b548db\"><a aria-expanded=\"false\" aria-controls=\"566d78bc0d3b548db\" role=\"button\" data-toggle=\"collapse\" data-parent=\"#accordion-4034-1\" data-target=\"#566d78bc0d3b548db\" href=\"#566d78bc0d3b548db\"><span class=\"fusion-toggle-icon-wrapper\" aria-hidden=\"true\"><i class=\"fa-fusion-box active-icon awb-icon-minus\" aria-hidden=\"true\"><\/i><i class=\"fa-fusion-box inactive-icon awb-icon-plus\" aria-hidden=\"true\"><\/i><\/span><span class=\"fusion-toggle-heading\">Okul \u00d6demesinin Tamam\u0131n\u0131 Yapmam\u0131\u015f \u00d6\u011frenciler Banka Hesaplar\u0131nda Ne Kadar Bakiye G\u00f6stermelidir?<\/span><\/a><\/h4><\/div><div id=\"566d78bc0d3b548db\" class=\"panel-collapse collapse \" aria-labelledby=\"toggle_566d78bc0d3b548db\"><div class=\"panel-body toggle-content fusion-clearfix\">\n<p>E\u011fitim \u00fccretinin tamam\u0131n\u0131 hen\u00fcz \u00f6dememi\u015f olan \u00f6\u011frenci adaylar\u0131m\u0131z; gelecekte okula \u00f6deyecekleri taksit tutarlar\u0131n\u0131, yasal olarak beyan edilmesi gereken toplam ya\u015fam masraflar\u0131na ekleyerek finansal kaynak g\u00f6stermelidir. Bu sayede hem ya\u015fam hem de e\u011fitim giderlerinin g\u00fcvence alt\u0131nda oldu\u011fu kan\u0131tlanm\u0131\u015f olur.<\/p>\n<\/div><\/div><\/div><div class=\"fusion-panel panel-default panel-f967f81d77c23cdb1 fusion-toggle-no-divider fusion-toggle-boxed-mode\" style=\"--awb-title-color:var(--awb-color4);\"><div class=\"panel-heading\"><h4 class=\"panel-title toggle\" id=\"toggle_f967f81d77c23cdb1\"><a aria-expanded=\"false\" aria-controls=\"f967f81d77c23cdb1\" role=\"button\" data-toggle=\"collapse\" data-parent=\"#accordion-4034-1\" data-target=\"#f967f81d77c23cdb1\" href=\"#f967f81d77c23cdb1\"><span class=\"fusion-toggle-icon-wrapper\" aria-hidden=\"true\"><i class=\"fa-fusion-box active-icon awb-icon-minus\" aria-hidden=\"true\"><\/i><i class=\"fa-fusion-box inactive-icon awb-icon-plus\" aria-hidden=\"true\"><\/i><\/span><span class=\"fusion-toggle-heading\">Finansal Yeterlilik Hangi Y\u00f6ntemlerle Kan\u0131tlanabilir?<\/span><\/a><\/h4><\/div><div id=\"f967f81d77c23cdb1\" class=\"panel-collapse collapse \" aria-labelledby=\"toggle_f967f81d77c23cdb1\"><div class=\"panel-body toggle-content fusion-clearfix\">\n<p class=\"p1\">Herhangi bir para birimindeki birikiminizi g\u00f6steren g\u00fcncel banka hesap d\u00f6k\u00fcm\u00fc en ge\u00e7erli kaynakt\u0131r. Gayrimenkul, fiziksel alt\u0131n, dijital yat\u0131r\u0131mlar, hisse senetleri veya kripto paralar yasal olarak do\u011frudan finansal yeterlilik kayna\u011f\u0131 olarak kabul edilmemektedir. Ancak d\u00fczenli kira geliri veya maa\u015f bordrolar\u0131 gelir kayna\u011f\u0131n\u0131 ispatlamak i\u00e7in sunulabilir.<\/p>\n<\/div><\/div><\/div><div class=\"fusion-panel panel-default panel-884279ebd2d901ce4 fusion-toggle-no-divider fusion-toggle-boxed-mode\" style=\"--awb-title-color:var(--awb-color4);\"><div class=\"panel-heading\"><h4 class=\"panel-title toggle\" id=\"toggle_884279ebd2d901ce4\"><a aria-expanded=\"false\" aria-controls=\"884279ebd2d901ce4\" role=\"button\" data-toggle=\"collapse\" data-parent=\"#accordion-4034-1\" data-target=\"#884279ebd2d901ce4\" href=\"#884279ebd2d901ce4\"><span class=\"fusion-toggle-icon-wrapper\" aria-hidden=\"true\"><i class=\"fa-fusion-box active-icon awb-icon-minus\" aria-hidden=\"true\"><\/i><i class=\"fa-fusion-box inactive-icon awb-icon-plus\" aria-hidden=\"true\"><\/i><\/span><span class=\"fusion-toggle-heading\">Banka Hesab\u0131 Kimin \u00dczerine Olmal\u0131d\u0131r ve Kimler Sponsor Olabilir?<\/span><\/a><\/h4><\/div><div id=\"884279ebd2d901ce4\" class=\"panel-collapse collapse \" aria-labelledby=\"toggle_884279ebd2d901ce4\"><div class=\"panel-body toggle-content fusion-clearfix\">\n<p class=\"p1\">Banka hesab\u0131 ba\u015fvuru sahibinin ad\u0131na olabilece\u011fi gibi, birinci derece yak\u0131nlar\u0131na (anne, baba, e\u015f, karde\u015f) da ait olabilir. Bu durumda finansal sponsorluk belgesi eklenmelidir. Aile b\u00fcy\u00fcklerinin (babaanne, dede vb.) sponsorluklar\u0131 da kabul edilebilmektedir.<\/p>\n<\/div><\/div><\/div><div class=\"fusion-panel panel-default panel-c24cb08cdeafb1f7f fusion-toggle-no-divider fusion-toggle-boxed-mode\" style=\"--awb-title-color:var(--awb-color4);\"><div class=\"panel-heading\"><h4 class=\"panel-title toggle\" id=\"toggle_c24cb08cdeafb1f7f\"><a aria-expanded=\"false\" aria-controls=\"c24cb08cdeafb1f7f\" role=\"button\" data-toggle=\"collapse\" data-parent=\"#accordion-4034-1\" data-target=\"#c24cb08cdeafb1f7f\" href=\"#c24cb08cdeafb1f7f\"><span class=\"fusion-toggle-icon-wrapper\" aria-hidden=\"true\"><i class=\"fa-fusion-box active-icon awb-icon-minus\" aria-hidden=\"true\"><\/i><i class=\"fa-fusion-box inactive-icon awb-icon-plus\" aria-hidden=\"true\"><\/i><\/span><span class=\"fusion-toggle-heading\">Hesaptaki Paran\u0131n Ba\u015fvurudan \u00d6nce Ne Kadar S\u00fcre Durmas\u0131 Gerekir?<\/span><\/a><\/h4><\/div><div id=\"c24cb08cdeafb1f7f\" class=\"panel-collapse collapse \" aria-labelledby=\"toggle_c24cb08cdeafb1f7f\"><div class=\"panel-body toggle-content fusion-clearfix\">\n<p class=\"p1\">Hesab\u0131n\u0131zdaki paran\u0131n ge\u00e7mi\u015fi <b>3 aydan k\u0131sa ise<\/b> bu durum riskli de\u011ferlendirilebilir. Son 3 ay i\u00e7inde hesaba giren y\u00fckl\u00fc miktarlar\u0131n (sat\u0131\u015f, miras vb.) kayna\u011f\u0131 mutlaka belgelenmelidir.<\/p>\n<\/div><\/div><\/div><\/div><\/div><div class=\"fusion-text fusion-text-2\"><p><b>Arad\u0131\u011f\u0131n\u0131z cevab\u0131 bulamad\u0131n\u0131z m\u0131?<\/b> Bilgi istek formumuzu doldurarak e\u011fitim dan\u0131\u015fmanlar\u0131m\u0131zla hemen \u00fccretsiz bir \u00f6n g\u00f6r\u00fc\u015fme planlay\u0131n ve t\u00fcm s\u00fcre\u00e7 hakk\u0131nda en g\u00fcncel ve do\u011fru bilgilere ula\u015f\u0131n. <a href=\"https:\/\/smartedu.com.au\/tr\/bilgi-istek-formu\/\">Bilgi \u0130stek Formuna Buradan Ula\u015fabilirsiniz.<\/a><\/p>\n<\/div><script type=\"application\/ld+json\">\n{\n  \"@context\": \"https:\/\/schema.org\",\n  \"@type\": \"FAQPage\",\n  \"mainEntity\": [\n    {\n      \"@type\": \"Question\",\n      \"name\": \"Avustralya \u00f6\u011frenci vizesi i\u00e7in banka hesab\u0131nda ne kadar para g\u00f6stermek gerekir?\",\n      \"acceptedAnswer\": {\n        \"@type\": \"Answer\",\n        \"text\": \"Avustralya\u2019da kalaca\u011f\u0131n\u0131z s\u00fcreyi kapsayacak \u015fekilde ya\u015fam ve e\u011fitim masraflar\u0131n\u0131z\u0131 kan\u0131tlaman\u0131z gerekir. Vize kanunlar\u0131na g\u00f6re ayl\u0131k ya\u015fam maliyeti 2.500 AUD olarak hesaplan\u0131r; buna varsa kalan e\u011fitim \u00fccretiniz de eklenmelidir.\"\n      }\n    },\n    {\n      \"@type\": \"Question\",\n      \"name\": \"Finansal yeterlilik i\u00e7in \u00f6rnek bakiye hesaplamas\u0131 nas\u0131l yap\u0131l\u0131r?\",\n      \"acceptedAnswer\": {\n        \"@type\": \"Answer\",\n        \"text\": \"Okul \u00fccretini \u00f6demi\u015f bir \u00f6\u011frenci 8 ayl\u0131k vize i\u00e7in (6 ay okul + 2 ay tatil) ayl\u0131k 2.500 AUD\u2019den toplam 20.000 AUD ve \u00fczerinde bir kaynak g\u00f6stermelidir. \u00dccretini \u00f6dememi\u015f \u00f6\u011frenciler bu miktara kalan taksitlerini de eklemelidir.\"\n      }\n    },\n    {\n      \"@type\": \"Question\",\n      \"name\": \"Finansal yeterlili\u011fimi hangi belgelerle kan\u0131tlayabilirim?\",\n      \"acceptedAnswer\": {\n        \"@type\": \"Answer\",\n        \"text\": \"Herhangi bir para birimindeki birikiminizi g\u00f6steren banka hesap d\u00f6k\u00fcm\u00fc en ge\u00e7erli kaynakt\u0131r. Gayrimenkul, alt\u0131n, kripto paralar veya hisse senetleri mevcut kanunlar gere\u011fi do\u011frudan nakit teminat olarak kabul edilmemektedir.\"\n      }\n    },\n    {\n      \"@type\": \"Question\",\n      \"name\": \"Banka d\u00f6k\u00fcm\u00fc d\u0131\u015f\u0131nda gelir ispat\u0131 yap\u0131labilir mi?\",\n      \"acceptedAnswer\": {\n        \"@type\": \"Answer\",\n        \"text\": \"Evet, nakit birikimin yan\u0131 s\u0131ra maa\u015f bordrosu, d\u00fczenli kira geliri veya di\u011fer d\u00fczenli gelir kalemleri finansal g\u00fcc\u00fcn\u00fcz\u00fc destekleyen belgeler olarak g\u00f6sterilebilir.\"\n      }\n    },\n    {\n      \"@type\": \"Question\",\n      \"name\": \"Banka hesab\u0131 kimin \u00fczerine olmal\u0131d\u0131r?\",\n      \"acceptedAnswer\": {\n        \"@type\": \"Answer\",\n        \"text\": \"Hesap ba\u015fvuru sahibinin kendi ad\u0131na olabilece\u011fi gibi tercihen birinci derece aile yak\u0131nlar\u0131na (anne, baba, e\u015f, karde\u015f) ait olabilir. Bu durumda sponsorluk prosed\u00fcrleri uygulan\u0131r.\"\n      }\n    },\n    {\n      \"@type\": \"Question\",\n      \"name\": \"Kimler finansal sponsor olabilir?\",\n      \"acceptedAnswer\": {\n        \"@type\": \"Answer\",\n        \"text\": \"Vize ba\u015far\u0131s\u0131 i\u00e7in \u00f6ncelikle birinci derece aile yak\u0131nlar\u0131n\u0131n sponsorlu\u011fu tavsiye edilir. Ancak aile b\u00fcy\u00fcklerinin veya yak\u0131n akrabalar\u0131n sponsorluklar\u0131 ile de olumlu sonu\u00e7lar al\u0131nabilmektedir.\"\n      }\n    },\n    {\n      \"@type\": \"Question\",\n      \"name\": \"Para vize ba\u015fvurusundan \u00f6nce ne kadar s\u00fcre bankada durmal\u0131d\u0131r?\",\n      \"acceptedAnswer\": {\n        \"@type\": \"Answer\",\n        \"text\": \"Hesaptaki paran\u0131n 3 aydan k\u0131sa ge\u00e7mi\u015fi olmas\u0131 riskli kabul edilir. Son 3 ay i\u00e7inde yap\u0131lan y\u00fckl\u00fc giri\u015flerin (sat\u0131\u015f, miras vb.) mutlaka resmi belgelerle kan\u0131tlanmas\u0131 gerekir.\"\n      }\n    },\n    {\n      \"@type\": \"Question\",\n      \"name\": \"Banka bakiyesi d\u0131\u015f\u0131nda niyet mektubunda nelere dikkat edilmelidir?\",\n      \"acceptedAnswer\": {\n        \"@type\": \"Answer\",\n        \"text\": \"Niyet mektubunda dil e\u011fitiminin kariyer hedefleriyle ili\u015fkisi net kurulmal\u0131, amac\u0131n g\u00f6\u00e7 de\u011fil dil geli\u015fimi oldu\u011fu vurgulanmal\u0131d\u0131r.\"\n      }\n    },\n  {\n  \"@type\": \"Question\",\n  \"name\": \"Okul \u00f6demesinin tamam\u0131n\u0131 yapmam\u0131\u015f \u00f6\u011frenciler banka hesab\u0131nda ne kadar bakiye g\u00f6stermelidir?\",\n  \"acceptedAnswer\": {\n    \"@type\": \"Answer\",\n    \"text\": \"E\u011fitim \u00fccretinin tamam\u0131n\u0131 hen\u00fcz \u00f6dememi\u015f olan \u00f6\u011frenci adaylar\u0131m\u0131z; gelecekte okula \u00f6deyecekleri taksit tutarlar\u0131n\u0131, yasal olarak beyan edilmesi gereken toplam ya\u015fam masraflar\u0131na ekleyerek finansal kaynak g\u00f6stermelidir.\"\n  }\n}\n  ]\n}\n<\/script><\/div><\/div><\/div><\/div>\n","protected":false},"excerpt":{"rendered":"","protected":false},"author":1,"featured_media":0,"parent":3135,"menu_order":1,"comment_status":"closed","ping_status":"closed","template":"","meta":{"footnotes":""},"class_list":["post-4034","page","type-page","status-publish","hentry"],"_links":{"self":[{"href":"https:\/\/smartedu.com.au\/tr\/wp-json\/wp\/v2\/pages\/4034"}],"collection":[{"href":"https:\/\/smartedu.com.au\/tr\/wp-json\/wp\/v2\/pages"}],"about":[{"href":"https:\/\/smartedu.com.au\/tr\/wp-json\/wp\/v2\/types\/page"}],"author":[{"embeddable":true,"href":"https:\/\/smartedu.com.au\/tr\/wp-json\/wp\/v2\/users\/1"}],"replies":[{"embeddable":true,"href":"https:\/\/smartedu.com.au\/tr\/wp-json\/wp\/v2\/comments?post=4034"}],"version-history":[{"count":12,"href":"https:\/\/smartedu.com.au\/tr\/wp-json\/wp\/v2\/pages\/4034\/revisions"}],"predecessor-version":[{"id":4115,"href":"https:\/\/smartedu.com.au\/tr\/wp-json\/wp\/v2\/pages\/4034\/revisions\/4115"}],"up":[{"embeddable":true,"href":"https:\/\/smartedu.com.au\/tr\/wp-json\/wp\/v2\/pages\/3135"}],"wp:attachment":[{"href":"https:\/\/smartedu.com.au\/tr\/wp-json\/wp\/v2\/media?parent=4034"}],"curies":[{"name":"wp","href":"https:\/\/api.w.org\/{rel}","templated":true}]}}