{"id":3786,"date":"2025-09-07T20:28:44","date_gmt":"2025-09-07T17:28:44","guid":{"rendered":"https:\/\/smartedu.com.au\/tr\/?page_id=3786"},"modified":"2025-09-07T20:34:21","modified_gmt":"2025-09-07T17:34:21","slug":"ruh-sagligi-destegi-ve-danismanligi","status":"publish","type":"page","link":"https:\/\/smartedu.com.au\/tr\/ogrenci-rehberi\/ruh-sagligi-destegi-ve-danismanligi\/","title":{"rendered":"Ruh Sa\u011fl\u0131\u011f\u0131 Deste\u011fi ve Dan\u0131\u015fmanl\u0131\u011f\u0131"},"content":{"rendered":"<div class=\"fusion-fullwidth fullwidth-box fusion-builder-row-1 fusion-flex-container nonhundred-percent-fullwidth non-hundred-percent-height-scrolling\" style=\"--awb-border-radius-top-left:0px;--awb-border-radius-top-right:0px;--awb-border-radius-bottom-right:0px;--awb-border-radius-bottom-left:0px;--awb-flex-wrap:wrap;\" ><div class=\"fusion-builder-row fusion-row fusion-flex-align-items-flex-start fusion-flex-content-wrap\" style=\"max-width:1331.2px;margin-left: calc(-4% \/ 2 );margin-right: calc(-4% \/ 2 );\"><div class=\"fusion-layout-column fusion_builder_column fusion-builder-column-0 fusion_builder_column_1_1 1_1 fusion-flex-column\" style=\"--awb-bg-blend:overlay;--awb-bg-size:cover;--awb-width-large:100%;--awb-margin-top-large:0px;--awb-spacing-right-large:1.92%;--awb-margin-bottom-large:0px;--awb-spacing-left-large:1.92%;--awb-width-medium:100%;--awb-spacing-right-medium:1.92%;--awb-spacing-left-medium:1.92%;--awb-width-small:100%;--awb-spacing-right-small:1.92%;--awb-spacing-left-small:1.92%;\"><div class=\"fusion-column-wrapper fusion-flex-justify-content-flex-start fusion-content-layout-column\"><div class=\"fusion-text fusion-text-1\"><h1>Avustralya\u2019da Uluslararas\u0131 \u00d6\u011frenciler \u0130\u00e7in Ruh Sa\u011fl\u0131\u011f\u0131 Deste\u011fi ve Onu Korumak<\/h1>\n<p>Avustralya, kaliteli e\u011fitimi, g\u00fcvenli ya\u015fam ko\u015fullar\u0131 ve \u00e7ok k\u00fclt\u00fcrl\u00fc yap\u0131s\u0131yla her y\u0131l binlerce uluslararas\u0131 \u00f6\u011frenciyi kendine \u00e7eker. Ancak yeni bir \u00fclkeye ta\u015f\u0131nmak yaln\u0131zca akademik bir ser\u00fcven de\u011fil; ayn\u0131 zamanda ki\u015fisel, sosyal ve duygusal a\u00e7\u0131dan da b\u00fcy\u00fck bir s\u0131navd\u0131r. \u00d6zellikle aileden ve al\u0131\u015f\u0131lan \u00e7evreden uzak olmak, \u00f6\u011frencilerde zaman zaman <strong>yaln\u0131zl\u0131k, kayg\u0131 ve stres<\/strong> gibi duygulara yol a\u00e7abilir. Bu nedenle <strong>ruh sa\u011fl\u0131\u011f\u0131<\/strong>, Avustralya\u2019daki e\u011fitim yolculu\u011funun merkezinde yer al\u0131r.<\/p>\n<h2>Uluslararas\u0131 \u00d6\u011frencilerin Kar\u015f\u0131la\u015ft\u0131\u011f\u0131 Ruhsal Zorluklar<\/h2>\n<p>Yeni bir \u00fclkede ya\u015famak bir\u00e7ok f\u0131rsat sunsa da baz\u0131 zorluklar\u0131 beraberinde getirir:<\/p>\n<ul>\n<li><strong>K\u00fclt\u00fcrel Uyum:<\/strong> Yeni ya\u015fam tarz\u0131 ve sosyal ili\u015fkiler ilk etapta yabanc\u0131la\u015fma yaratabilir.<\/li>\n<li><strong>Dil Bariyeri:<\/strong> \u0130ngilizce bilinse dahi aksan, g\u00fcnl\u00fck konu\u015fmalar ve akademik terimler zorluk \u00e7\u0131karabilir.<\/li>\n<li><strong>Akademik Bask\u0131lar:<\/strong> Y\u00fcksek standartl\u0131 e\u011fitim sistemi yo\u011fun stres yaratabilir.<\/li>\n<li><strong>Maddi Zorluklar:<\/strong> B\u00fcy\u00fck \u015fehirlerde ya\u015fam maliyetleri \u00f6\u011frenciler i\u00e7in \u00f6nemli bir bask\u0131 unsurudur.<\/li>\n<li><strong>Aileden Uzakl\u0131k:<\/strong> \u00d6zlem ve yaln\u0131zl\u0131k ruhsal sorunlar\u0131 tetikleyebilir.<\/li>\n<\/ul>\n<p>Bu fakt\u00f6rler zamanla <strong>depresyon, kayg\u0131 bozuklu\u011fu, uyku problemleri ve motivasyon kayb\u0131<\/strong> gibi durumlara d\u00f6n\u00fc\u015febilir.<\/p>\n<h3>Ruh Sa\u011fl\u0131\u011f\u0131n\u0131 Korumak \u0130\u00e7in Etkili Stratejiler<\/h3>\n<p>Avustralya\u2019da e\u011fitim g\u00f6ren \u00f6\u011frenciler i\u00e7in g\u00fcnl\u00fck ya\u015famda al\u0131nabilecek baz\u0131 \u00f6nlemler ruhsal dengeyi korumaya yard\u0131mc\u0131 olur:<\/p>\n<ol>\n<li><strong>D\u00fczenli bir rutin olu\u015fturun:<\/strong> Sa\u011fl\u0131kl\u0131 beslenme, yeterli uyku ve egzersiz.<\/li>\n<li><strong>Sosyal \u00e7evre edinin:<\/strong> \u00dcniversite kul\u00fcpleri, etkinlikler ve arkada\u015fl\u0131klar yaln\u0131zl\u0131\u011f\u0131 azalt\u0131r.<\/li>\n<li><strong>Zaman\u0131 iyi y\u00f6netin:<\/strong> Planl\u0131 \u00e7al\u0131\u015farak akademik stresi azalt\u0131n.<\/li>\n<li><strong>K\u00fclt\u00fcr\u00fcn\u00fczle ba\u011f\u0131n\u0131z\u0131 koruyun:<\/strong> T\u00fcrk \u00f6\u011frenci derneklerine kat\u0131l\u0131n.<\/li>\n<li><strong>Hobiler geli\u015ftirin:<\/strong> Spor, sanat, yaz\u0131 veya film izlemek stresi hafifletir.<\/li>\n<li><strong>Profesyonel destek al\u0131n:<\/strong> Psikolog, dan\u0131\u015fman veya destek hatlar\u0131yla ileti\u015fime ge\u00e7mekten \u00e7ekinmeyin.<\/li>\n<\/ol>\n<h2>Avustralya\u2019daki Ruh Sa\u011fl\u0131\u011f\u0131 Hizmetleri<\/h2>\n<p>\u00dclke genelinde \u00f6\u011frenciler i\u00e7in g\u00fc\u00e7l\u00fc bir destek sistemi bulunur:<\/p>\n<ul>\n<li><strong>\u00dcniversite Dan\u0131\u015fmanl\u0131k Merkezleri:<\/strong> \u00c7o\u011fu \u00fccretsiz veya d\u00fc\u015f\u00fck maliyetli psikolojik destek sunar.<\/li>\n<li><strong>Toplum Temelli Destekler:<\/strong> Beyond Blue, Lifeline, Headspace gibi kurulu\u015flar 7\/24 hizmet verir.<\/li>\n<li><strong>OSHC Sa\u011fl\u0131k Sigortas\u0131:<\/strong> Uluslararas\u0131 \u00f6\u011frencilerin sahip oldu\u011fu zorunlu sigorta, terapi hizmetlerini k\u0131smen kar\u015f\u0131lar.<\/li>\n<li><strong>Gen\u00e7lik Merkezleri:<\/strong> \u00dccretsiz veya d\u00fc\u015f\u00fck maliyetli dan\u0131\u015fmanl\u0131k sa\u011flar.<\/li>\n<\/ul>\n<h3>T\u00fcrk\u00e7e Dilinde Destek Alma \u0130mk\u00e2n\u0131<\/h3>\n<p>Avustralya\u2019n\u0131n \u00e7ok k\u00fclt\u00fcrl\u00fc yap\u0131s\u0131 sayesinde T\u00fcrk \u00f6\u011frenciler, <strong>T\u00fcrk\u00e7e konu\u015fan doktor, psikolog ve dan\u0131\u015fmanlara<\/strong> ula\u015fabilir. Ayr\u0131ca resmi kurumlarda terc\u00fcman deste\u011fi de bulunur. Bu, \u00f6\u011frencilerin kendilerini do\u011fru ifade etmelerini ve g\u00fcvenle destek almalar\u0131n\u0131 kolayla\u015ft\u0131r\u0131r.<\/p>\n<h2>Neden Destek Almak \u00d6nemlidir?<\/h2>\n<p>Bir\u00e7ok \u00f6\u011frenci ya\u015fad\u0131\u011f\u0131 duygusal sorunlar\u0131 \u201cge\u00e7ici\u201d g\u00f6rerek yard\u0131m aramay\u0131 erteleyebilir. Oysa profesyonel destek almak bir <strong>zay\u0131fl\u0131k de\u011fil, bilin\u00e7li bir ad\u0131m<\/strong>d\u0131r. Bu ad\u0131m yaln\u0131zca akademik ba\u015far\u0131y\u0131 de\u011fil, genel ya\u015fam kalitesini de y\u00fckseltir.<\/p>\n<p>Avustralya\u2019da \u00f6\u011frenci olmak hayat\u0131n\u0131z\u0131n en de\u011ferli deneyimlerinden biri olabilir. Ancak bu deneyimden en y\u00fcksek verimi almak i\u00e7in ruh sa\u011fl\u0131\u011f\u0131n\u0131z\u0131 korumak \u00e7ok \u00f6nemlidir. D\u00fczenli ya\u015fam al\u0131\u015fkanl\u0131klar\u0131 edinmek, sosyal ba\u011flar kurmak, gerekti\u011finde profesyonel destek almak ve T\u00fcrk\u00e7e dilinde hizmetlerden yararlanmak sizi bu s\u00fcre\u00e7te daha g\u00fc\u00e7l\u00fc k\u0131lar.<\/p>\n<p><strong>Unutmay\u0131n: Ruh sa\u011fl\u0131\u011f\u0131, ba\u015far\u0131 ve mutlulu\u011fun anahtar\u0131d\u0131r.<\/strong><\/p>\n<\/div><\/div><\/div><\/div><\/div>\n","protected":false},"excerpt":{"rendered":"","protected":false},"author":1,"featured_media":0,"parent":2975,"menu_order":0,"comment_status":"closed","ping_status":"open","template":"","meta":{"footnotes":""},"class_list":["post-3786","page","type-page","status-publish","hentry"],"_links":{"self":[{"href":"https:\/\/smartedu.com.au\/tr\/wp-json\/wp\/v2\/pages\/3786"}],"collection":[{"href":"https:\/\/smartedu.com.au\/tr\/wp-json\/wp\/v2\/pages"}],"about":[{"href":"https:\/\/smartedu.com.au\/tr\/wp-json\/wp\/v2\/types\/page"}],"author":[{"embeddable":true,"href":"https:\/\/smartedu.com.au\/tr\/wp-json\/wp\/v2\/users\/1"}],"replies":[{"embeddable":true,"href":"https:\/\/smartedu.com.au\/tr\/wp-json\/wp\/v2\/comments?post=3786"}],"version-history":[{"count":5,"href":"https:\/\/smartedu.com.au\/tr\/wp-json\/wp\/v2\/pages\/3786\/revisions"}],"predecessor-version":[{"id":3791,"href":"https:\/\/smartedu.com.au\/tr\/wp-json\/wp\/v2\/pages\/3786\/revisions\/3791"}],"up":[{"embeddable":true,"href":"https:\/\/smartedu.com.au\/tr\/wp-json\/wp\/v2\/pages\/2975"}],"wp:attachment":[{"href":"https:\/\/smartedu.com.au\/tr\/wp-json\/wp\/v2\/media?parent=3786"}],"curies":[{"name":"wp","href":"https:\/\/api.w.org\/{rel}","templated":true}]}}