{"id":3766,"date":"2025-09-07T19:29:47","date_gmt":"2025-09-07T16:29:47","guid":{"rendered":"https:\/\/smartedu.com.au\/tr\/?page_id=3766"},"modified":"2025-09-07T23:30:45","modified_gmt":"2025-09-07T20:30:45","slug":"konaklama","status":"publish","type":"page","link":"https:\/\/smartedu.com.au\/tr\/ogrenci-rehberi\/konaklama\/","title":{"rendered":"Avustralya&#8217;da Konaklama"},"content":{"rendered":"<div class=\"fusion-fullwidth fullwidth-box fusion-builder-row-1 fusion-flex-container nonhundred-percent-fullwidth non-hundred-percent-height-scrolling\" style=\"--awb-border-radius-top-left:0px;--awb-border-radius-top-right:0px;--awb-border-radius-bottom-right:0px;--awb-border-radius-bottom-left:0px;--awb-flex-wrap:wrap;\" ><div class=\"fusion-builder-row fusion-row fusion-flex-align-items-flex-start fusion-flex-content-wrap\" style=\"max-width:1331.2px;margin-left: calc(-4% \/ 2 );margin-right: calc(-4% \/ 2 );\"><div class=\"fusion-layout-column fusion_builder_column fusion-builder-column-0 fusion_builder_column_1_1 1_1 fusion-flex-column\" style=\"--awb-bg-blend:overlay;--awb-bg-size:cover;--awb-width-large:100%;--awb-margin-top-large:0px;--awb-spacing-right-large:1.92%;--awb-margin-bottom-large:0px;--awb-spacing-left-large:1.92%;--awb-width-medium:100%;--awb-spacing-right-medium:1.92%;--awb-spacing-left-medium:1.92%;--awb-width-small:100%;--awb-spacing-right-small:1.92%;--awb-spacing-left-small:1.92%;\"><div class=\"fusion-column-wrapper fusion-flex-justify-content-flex-start fusion-content-layout-column\"><div class=\"fusion-text fusion-text-1\"><h1>Avustralya\u2019da \u00d6\u011frenciler \u0130\u00e7in Konaklama Rehberi<\/h1>\n<p>Avustralya, her y\u0131l y\u00fcz binlerce uluslararas\u0131 \u00f6\u011frenciyi a\u011f\u0131rlayan, e\u011fitim kalitesi ve ya\u015fam tarz\u0131yla \u00f6ne \u00e7\u0131kan bir \u00fclkedir. \u00d6\u011frencilerin Avustralya&#8217;da ya\u015famak s\u00f6z konusu oldu\u011funda en \u00e7ok merak etti\u011fi temel ba\u015fl\u0131klardan biri de <strong>konaklama se\u00e7enekleri ve maliyetleridir<\/strong>. Sydney\u2019den Melbourne\u2019e, Brisbane\u2019den Adelaide\u2019e kadar farkl\u0131 \u015fehirlerde sunulan konaklama t\u00fcrleri hem b\u00fct\u00e7eye hem de ya\u015fam tarz\u0131na g\u00f6re de\u011fi\u015fiklik g\u00f6sterir.<\/p>\n<\/div><div class=\"fusion-text fusion-text-2\"><h2 data-start=\"799\" data-end=\"844\">\u00d6\u011frenciler Neden Avustralya&#8217;y\u0131 Se\u00e7iyor?<\/h2>\n<ul data-start=\"845\" data-end=\"1012\">\n<li data-start=\"845\" data-end=\"891\">\n<p data-start=\"847\" data-end=\"891\">Modern kamp\u00fcsler ve \u00f6\u011frenci dostu \u015fehirler<\/p>\n<\/li>\n<li data-start=\"892\" data-end=\"916\">\n<p data-start=\"894\" data-end=\"916\">G\u00fcvenli ya\u015fam ortam\u0131<\/p>\n<\/li>\n<li data-start=\"917\" data-end=\"952\">\n<p data-start=\"919\" data-end=\"952\">Farkl\u0131 k\u00fclt\u00fcrleri tan\u0131ma imk\u00e2n\u0131<\/p>\n<\/li>\n<li data-start=\"953\" data-end=\"1012\">\n<p data-start=\"955\" data-end=\"1012\">Hem \u015fehir hem de do\u011fa ya\u015fam\u0131n\u0131 bir arada sunan b\u00f6lgeler<\/p>\n<\/li>\n<\/ul>\n<\/div><div class=\"fusion-text fusion-text-3\"><h2 data-start=\"2947\" data-end=\"3011\">Avustralya\u2019da Konaklama Se\u00e7erken Dikkat Edilmesi Gerekenler<\/h2>\n<ul data-start=\"3012\" data-end=\"3277\">\n<li data-start=\"3012\" data-end=\"3088\">\n<p data-start=\"3014\" data-end=\"3088\"><strong data-start=\"3014\" data-end=\"3024\">B\u00fct\u00e7e:<\/strong> \u015eehir merkezleri daha pahal\u0131, banliy\u00f6ler daha uygun olabilir.<\/p>\n<\/li>\n<li data-start=\"3089\" data-end=\"3154\">\n<p data-start=\"3091\" data-end=\"3154\"><strong data-start=\"3091\" data-end=\"3102\">Ula\u015f\u0131m:<\/strong> \u00dcniversiteye yak\u0131nl\u0131k ve toplu ta\u015f\u0131ma a\u011f\u0131 \u00f6nemli.<\/p>\n<\/li>\n<li data-start=\"3155\" data-end=\"3221\">\n<p data-start=\"3157\" data-end=\"3221\"><strong data-start=\"3157\" data-end=\"3173\">Ya\u015fam Tarz\u0131:<\/strong> Sosyal hayat m\u0131, sakinlik mi tercih ediliyor?<\/p>\n<\/li>\n<li data-start=\"3222\" data-end=\"3277\">\n<p data-start=\"3224\" data-end=\"3277\"><strong data-start=\"3224\" data-end=\"3233\">S\u00fcre:<\/strong> K\u0131sa s\u00fcreli mi, uzun vadeli mi kal\u0131nacak?<\/p>\n<\/li>\n<\/ul>\n<\/div><div class=\"fusion-text fusion-text-4\"><h2>Konaklama T\u00fcrleri<\/h2>\n<p>Avustralya\u2019da \u00f6\u011frenciler i\u00e7in en yayg\u0131n konaklama se\u00e7enekleri:<\/p>\n<div>\n<h3>1. Ev Kiralama<\/h3>\n<ul id=\"home\">\n<li>Ba\u011f\u0131ms\u0131z ya\u015famak isteyen \u00f6\u011frenciler i\u00e7in uygundur.<\/li>\n<li>Sydney ve Melbourne merkezlerinde daha pahal\u0131, d\u0131\u015f b\u00f6lgelerde uygun fiyatl\u0131d\u0131r.<\/li>\n<\/ul>\n<h3>2. Oda Kiralama (Payla\u015f\u0131ml\u0131 veya \u00d6zel)<\/h3>\n<ul>\n<li>\u00d6\u011frenciler aras\u0131nda en pop\u00fcler se\u00e7enek.<\/li>\n<li>\u00dcniversiteye yak\u0131n b\u00f6lgelerde sosyal ya\u015fam\u0131 da destekler.<\/li>\n<\/ul>\n<h3 id=\"hostel\">3. Hostel Konaklamas\u0131<\/h3>\n<ul>\n<li>K\u0131sa s\u00fcreli konaklamalar i\u00e7in idealdir.<\/li>\n<li>Sosyal ortam sunar, \u00f6zellikle yeni gelen \u00f6\u011frenciler i\u00e7in uygundur.<\/li>\n<\/ul>\n<h3 id=\"homestay\">4. Aile Yan\u0131 Konaklama (Homestay)<\/h3>\n<ul>\n<li>Yerel k\u00fclt\u00fcr\u00fc tan\u0131mak isteyen \u00f6\u011frenciler i\u00e7in avantajl\u0131d\u0131r.<\/li>\n<li>Yemek ve temel ihtiya\u00e7lar \u00e7o\u011funlukla fiyata dahildir.<\/li>\n<\/ul>\n<\/div><div class=\"fusion-text fusion-text-5\"><h2 class=\"p1\"><b>Genel Bak\u0131\u015f ve Fiyat Aral\u0131klar\u0131\u00a0<\/b><\/h2>\n<h3 class=\"p2\"><b>Hafta\/Ba\u015f\u0131na Ortalama Konaklama Maliyetleri<\/b><\/h3>\n<p class=\"p2\">\u25cf <b>Sydney<\/b>: Genel kiral\u0131k konutlar haftal\u0131k <b>AUD 350 &#8211; 900\/hafta<\/b> aral\u0131\u011f\u0131nda<\/p>\n<p class=\"p2\">\u25cf <b>Melbourne<\/b>: Yakla\u015f\u0131k <b>AUD 300-750\/hafta<\/b><\/p>\n<p class=\"p2\">\u25cf <b>Brisbane<\/b>: Yakla\u015f\u0131k <b>AUD 300\u2013600\/hafta<\/b><\/p>\n<p class=\"p2\">\u25cf <b>Adelaide<\/b>: Yakla\u015f\u0131k <b>AUD 185\u2013345\/hafta<\/b><\/p>\n<p class=\"p2\">\u25cf <b>Perth<\/b>: Yakla\u015f\u0131k <b>AUD 310-580\/hafta<\/b><\/p>\n<p class=\"p2\">\u25cf <b>Gold Coast<\/b>: Bulunulan b\u00f6lgeye g\u00f6re farkl\u0131l\u0131k g\u00f6sterebilir. \u00d6rne\u011fin Queensland k\u0131y\u0131s\u0131nda haftal\u0131k <b>AUD 350+<\/b><\/p>\n<p class=\"p2\">olabiliyor.<\/p>\n<h3 class=\"p2\"><b>Ayl\u0131k Ortalama Ya\u015fam Maliyeti (Kira + Genel Ya\u015fam Maliyetleri)<\/b><\/h3>\n<p class=\"p2\">\u25cf <b>Sydney<\/b>: <b>AUD 2,100\u20133,000\/ay<\/b><\/p>\n<p class=\"p2\">\u25cf <b>Melbourne<\/b>: <b>AUD 2,000\u20132,800\/ay<\/b><\/p>\n<p class=\"p2\">\u25cf <b>Brisbane<\/b>: <b>AUD 1,800\u20132,500\/ay<\/b><\/p>\n<p class=\"p2\">\u25cf <b>Perth<\/b>: <b>AUD 1,700\u20132,400\/ay<\/b><\/p>\n<p class=\"p2\">\u25cf <b>Adelaide<\/b>: <b>AUD 1,600\u20132,200\/ay<\/b><\/p>\n<p class=\"p2\">\u25cf <b>Gold Coast<\/b>: <strong>AUD<\/strong>\u00a0 <b>1,800\u20132,500\/ay<\/b><\/p>\n<p>A\u015fa\u011f\u0131daki tabloda ise \u015fehir\/konaklama t\u00fcr\u00fc \u015feklinde se\u00e7enekleri daha detayl\u0131 g\u00f6rebilirsiniz.<\/p>\n<\/div><div class=\"fusion-text fusion-text-6\"><h2>\u015eehir Baz\u0131nda \u00d6\u011frenci Konaklama Fiyatlar\u0131<\/h2>\n<p>Avustralya\u2019da \u015fehirler aras\u0131 ya\u015fam maliyetleri \u00f6nemli \u00f6l\u00e7\u00fcde farkl\u0131l\u0131k g\u00f6sterebilir. \u0130\u015fte en pop\u00fcler \u015fehirler ve ortalama kira aral\u0131klar\u0131:<\/p>\n<\/div>\n<div class=\"table-1\">\n<table width=\"100%\">\n<thead>\n<tr>\n<th align=\"left\">#<\/th>\n<th align=\"left\">Ev Kiralama<\/th>\n<th align=\"left\">Oda Kiralama<\/th>\n<th align=\"left\">Hostel-Yatak Kiralama<\/th>\n<th align=\"left\">Aile Yan\u0131 Konaklama(Homestay)<\/th>\n<\/tr>\n<\/thead>\n<tbody>\n<tr>\n<th align=\"left\">Sydney<\/th>\n<td align=\"left\">Merkezde pahal\u0131, d\u0131\u015f b\u00f6lgelerde uygun se\u00e7enekler.<\/p>\n<p><strong>~350\u2013900 AUD\/hafta<\/strong><\/td>\n<td align=\"left\">\u00d6\u011frenciler aras\u0131nda en pop\u00fcler se\u00e7enek.Payla\u015f\u0131ml\u0131 ya da \u00f6zel oda.<\/p>\n<p><strong>~250\u2013400 AUD\/hafta<\/strong><\/td>\n<td align=\"left\">\u00c7ok say\u0131da uluslararas\u0131 hostel mevcut.<\/p>\n<p><strong>~250-400 AUD\/hafta<\/strong><\/td>\n<td align=\"left\">Yerel ya\u015fam\u0131 deneyimleme f\u0131rsat\u0131.<\/p>\n<p><strong>~250\u2013400 AUD\/hafta<\/strong><\/td>\n<\/tr>\n<tr>\n<th align=\"left\">Melbourne<\/th>\n<td align=\"left\">\n<p class=\"p1\">Tramvay hatt\u0131 sayesinde uzak b\u00f6lgelerde avantajl\u0131.<\/p>\n<p class=\"p1\"><b>~300\u2013750 AUD\/hafta<\/b><\/p>\n<\/td>\n<td align=\"left\">\n<p class=\"p1\">Yo\u011fun \u00f6\u011frenci n\u00fcfusu, se\u00e7enek \u00e7ok.<\/p>\n<p class=\"p1\"><b>~200\u2013350 AUD\/hafta<\/b><\/p>\n<\/td>\n<td align=\"left\">\n<p class=\"p1\">K\u0131sa s\u00fcreli konaklamalarda yayg\u0131n.<\/p>\n<p class=\"p1\"><b>~150\u2013350 AUD\/hafta<\/b><\/p>\n<\/td>\n<td align=\"left\">\n<p class=\"p1\">K\u00fclt\u00fcrel \u00e7e\u015fitlili\u011fe a\u00e7\u0131k aileler.<\/p>\n<p class=\"p1\"><b>~250\u2013370 AUD\/hafta<\/b><\/p>\n<\/td>\n<\/tr>\n<tr>\n<th align=\"left\">Adelaide<\/th>\n<td align=\"left\">\n<p class=\"p1\">Uygun maliyetli ve geni\u015f evler.<\/p>\n<p class=\"p1\"><b>~300\u2013550 AUD\/hafta<\/b><\/p>\n<\/td>\n<td align=\"left\">\n<p class=\"p1\">Kamp\u00fcslere yak\u0131n ekonomik \u00e7\u00f6z\u00fcmler.<\/p>\n<p class=\"p1\"><b>~180\u2013300 AUD\/hafta<\/b><\/p>\n<\/td>\n<td align=\"left\">\n<p class=\"p1\">Daha s\u0131n\u0131rl\u0131 se\u00e7enekler.<\/p>\n<p class=\"p1\"><b>~150\u2013350 AUD\/hafta<\/b><\/p>\n<\/td>\n<td align=\"left\">\n<p class=\"p1\">K\u00fc\u00e7\u00fck \u015fehir yap\u0131s\u0131 sayesinde kolay uyum.<\/p>\n<p class=\"p1\"><b>~230\u2013340 AUD\/hafta<\/b><\/p>\n<\/td>\n<\/tr>\n<tr>\n<th align=\"left\">Brisbane<\/th>\n<td align=\"left\">\n<p class=\"p1\">Ferah ve rahat evler.<\/p>\n<p class=\"p1\"><b>~300\u2013600 AUD\/hafta<\/b><\/p>\n<\/td>\n<td align=\"left\">\n<p class=\"p1\">\u00dcniversitelere yak\u0131n b\u00f6lgelerde pop\u00fcler.<\/p>\n<p class=\"p1\"><b>~180\u2013320 AUD\/hafta<\/b><\/p>\n<\/td>\n<td align=\"left\">\n<p class=\"p1\">Sosyal ortam sunan hosteller.<\/p>\n<p class=\"p1\">~150-350 AUD\/hafta<\/p>\n<\/td>\n<td align=\"left\">\n<p class=\"p1\">Rahat ya\u015fam tarz\u0131yla uyumlu.<\/p>\n<p class=\"p1\"><b>~240\u2013360 AUD\/hafta<\/b><\/p>\n<\/td>\n<\/tr>\n<tr>\n<th align=\"left\">Perth<\/th>\n<td align=\"left\">\n<p class=\"p1\">Sahile yak\u0131n b\u00f6lgeler \u00f6\u011frenciler aras\u0131nda reva\u00e7ta.<\/p>\n<p class=\"p1\"><b>~310\u2013580 AUD\/hafta<\/b><\/p>\n<\/td>\n<td align=\"left\">\n<p class=\"p1\">Ekonomik ve sosyal se\u00e7enek.<\/p>\n<p class=\"p1\"><b>~170\u2013300 AUD\/hafta<\/b><\/p>\n<\/td>\n<td align=\"left\">\n<p class=\"p1\">K\u0131sa s\u00fcreli \u00e7\u00f6z\u00fcmler i\u00e7in uygun.<\/p>\n<p class=\"p1\"><b>~150-350 AUD\/hafta<\/b><\/p>\n<\/td>\n<td align=\"left\">\n<p class=\"p1\">Yerel k\u00fclt\u00fcrle i\u00e7 i\u00e7e ya\u015fama f\u0131rsat\u0131.<\/p>\n<p class=\"p1\"><b>~230\u2013350 AUD\/hafta<\/b><\/p>\n<\/td>\n<\/tr>\n<tr>\n<th align=\"left\">Gold Coast<\/th>\n<td align=\"left\">\n<p class=\"p1\">Plajlara yak\u0131n evler cazip ama pahal\u0131.<\/p>\n<p class=\"p1\"><b>~350\u2013650 AUD\/hafta<\/b><\/p>\n<\/td>\n<td align=\"left\">\n<p class=\"p1\">Sahile veya \u00fcniversiteye yak\u0131n odalar pop\u00fcler.<\/p>\n<p class=\"p1\"><b>~180\u2013330 AUD\/hafta<\/b><\/p>\n<\/td>\n<td align=\"left\">\n<p class=\"p1\">Turistik yap\u0131s\u0131 sayesinde \u00e7ok say\u0131da hostel.<\/p>\n<p class=\"p1\"><b>~150-350 AUD\/hafta<\/b><\/p>\n<\/td>\n<td align=\"left\">\n<p class=\"p1\">Enerjik ya\u015fam tarz\u0131n\u0131 aile s\u0131cakl\u0131\u011f\u0131yla birle\u015ftirir.<\/p>\n<p class=\"p1\"><b>~240\u2013360 AUD\/hafta<\/b><\/p>\n<\/td>\n<\/tr>\n<\/tbody>\n<\/table>\n<\/div>\n<div class=\"fusion-text fusion-text-7\"><h2>\u015eehirlerin \u00d6\u011frenci Dostu \u00d6zellikleri<\/h2>\n<ul>\n<li><strong>Sydney:<\/strong> Kozmopolit ya\u015fam, \u00e7ok \u00e7e\u015fitli konaklama imk\u00e2n\u0131.<\/li>\n<li><strong>Melbourne:<\/strong> K\u00fclt\u00fcrel etkinlikler ve geli\u015fmi\u015f ula\u015f\u0131m.<\/li>\n<li><strong>Adelaide:<\/strong> Daha uygun fiyatl\u0131 ve sakin ya\u015fam.<\/li>\n<li><strong>Brisbane:<\/strong> S\u0131cak iklim, rahat ya\u015fam tarz\u0131.<\/li>\n<li><strong>Perth:<\/strong> Do\u011fal g\u00fczellikler ve sahil ya\u015fam\u0131.<\/li>\n<li><strong>Gold Coast:<\/strong> Plajlar ve enerjik sosyal hayat.<\/li>\n<\/ul>\n<p>Avustralya\u2019da \u00f6\u011frenci konaklamas\u0131, hem b\u00fct\u00e7enize hem de ya\u015fam beklentinize g\u00f6re \u00e7ok say\u0131da se\u00e7enek sunar. \u0130ster aile yan\u0131nda s\u0131cak bir ortam, ister arkada\u015flar\u0131n\u0131zla payla\u015f\u0131ml\u0131 bir ev ya da ba\u011f\u0131ms\u0131z bir daire\u2026 Karar sizin!<\/p>\n<p>Umar\u0131m Avustralya&#8217;da \u00f6\u011frenciler i\u00e7in konaklama konusunda akl\u0131n\u0131zdaki soru i\u015faretlerini giderebilmi\u015fizdir. E\u011fer sizler de Avustralya&#8217;da e\u011fitime y\u00f6nelik bir plan kuruyorsan\u0131z bu konuda akl\u0131n\u0131za tak\u0131lan her t\u00fcrl\u00fc soru i\u00e7in bizlerle \u00fccretsiz bir \u015fekilde ileti\u015fime ge\u00e7ebilirsiniz.<\/p>\n<\/div><\/div><\/div><\/div><\/div>\n","protected":false},"excerpt":{"rendered":"","protected":false},"author":1,"featured_media":0,"parent":2975,"menu_order":0,"comment_status":"closed","ping_status":"open","template":"","meta":{"footnotes":""},"class_list":["post-3766","page","type-page","status-publish","hentry"],"_links":{"self":[{"href":"https:\/\/smartedu.com.au\/tr\/wp-json\/wp\/v2\/pages\/3766"}],"collection":[{"href":"https:\/\/smartedu.com.au\/tr\/wp-json\/wp\/v2\/pages"}],"about":[{"href":"https:\/\/smartedu.com.au\/tr\/wp-json\/wp\/v2\/types\/page"}],"author":[{"embeddable":true,"href":"https:\/\/smartedu.com.au\/tr\/wp-json\/wp\/v2\/users\/1"}],"replies":[{"embeddable":true,"href":"https:\/\/smartedu.com.au\/tr\/wp-json\/wp\/v2\/comments?post=3766"}],"version-history":[{"count":38,"href":"https:\/\/smartedu.com.au\/tr\/wp-json\/wp\/v2\/pages\/3766\/revisions"}],"predecessor-version":[{"id":3815,"href":"https:\/\/smartedu.com.au\/tr\/wp-json\/wp\/v2\/pages\/3766\/revisions\/3815"}],"up":[{"embeddable":true,"href":"https:\/\/smartedu.com.au\/tr\/wp-json\/wp\/v2\/pages\/2975"}],"wp:attachment":[{"href":"https:\/\/smartedu.com.au\/tr\/wp-json\/wp\/v2\/media?parent=3766"}],"curies":[{"name":"wp","href":"https:\/\/api.w.org\/{rel}","templated":true}]}}