{"id":3200,"date":"2024-09-16T11:19:42","date_gmt":"2024-09-16T08:19:42","guid":{"rendered":"https:\/\/octosee.com\/smartedu2\/tr\/?page_id=3200"},"modified":"2026-01-22T04:38:24","modified_gmt":"2026-01-22T01:38:24","slug":"yolculuk-ulkeye-giris-ve-kurallar","status":"publish","type":"page","link":"https:\/\/smartedu.com.au\/tr\/avustralya-sik-sorulan-sorular\/yolculuk-ulkeye-giris-ve-kurallar\/","title":{"rendered":"Avustralya Yolculu\u011fu, \u00dclkeye Giri\u015f ve Kurallar"},"content":{"rendered":"<div class=\"fusion-fullwidth fullwidth-box fusion-builder-row-1 fusion-flex-container has-pattern-background has-mask-background nonhundred-percent-fullwidth non-hundred-percent-height-scrolling\" style=\"--awb-border-radius-top-left:0px;--awb-border-radius-top-right:0px;--awb-border-radius-bottom-right:0px;--awb-border-radius-bottom-left:0px;--awb-flex-wrap:wrap;\" ><div class=\"fusion-builder-row fusion-row fusion-flex-align-items-flex-start fusion-flex-content-wrap\" style=\"max-width:1331.2px;margin-left: calc(-4% \/ 2 );margin-right: calc(-4% \/ 2 );\"><div class=\"fusion-layout-column fusion_builder_column fusion-builder-column-0 fusion_builder_column_1_1 1_1 fusion-flex-column\" style=\"--awb-bg-size:cover;--awb-width-large:100%;--awb-margin-top-large:10px;--awb-spacing-right-large:1.92%;--awb-margin-bottom-large:10px;--awb-spacing-left-large:1.92%;--awb-width-medium:100%;--awb-order-medium:0;--awb-spacing-right-medium:1.92%;--awb-spacing-left-medium:1.92%;--awb-width-small:100%;--awb-order-small:0;--awb-spacing-right-small:1.92%;--awb-spacing-left-small:1.92%;\"><div class=\"fusion-column-wrapper fusion-column-has-shadow fusion-flex-justify-content-flex-start fusion-content-layout-column\"><div class=\"fusion-text fusion-text-1\"><h2>Avustralya Yolculu\u011fu, \u00dclkeye Giri\u015f ve Kurallar \u0130le \u0130lgili En \u00c7ok Merak Edilenler<\/h2>\n<p>Avustralya\u2019ya seyahat etmeyi planlayanlar i\u00e7in en \u00f6nemli sorular\u0131 yan\u0131tl\u0131yoruz. U\u00e7ak bileti ve bagaj hakk\u0131ndan g\u00fcmr\u00fck kurallar\u0131na, seyahat s\u0131ras\u0131nda yan\u0131n\u0131zda bulundurman\u0131z gereken belgelere kadar bilmeniz gereken t\u00fcm detaylar\u0131 bu sayfada bulabilirsiniz.<\/p>\n<\/div><div class=\"accordian fusion-accordian\" style=\"--awb-border-size:1px;--awb-icon-size:25px;--awb-content-font-size:var(--awb-typography4-font-size);--awb-icon-alignment:left;--awb-hover-color:var(--awb-color1);--awb-border-color:var(--awb-color3);--awb-background-color:var(--awb-color1);--awb-divider-color:var(--awb-color3);--awb-divider-hover-color:var(--awb-color3);--awb-icon-color:var(--awb-color4);--awb-title-color:var(--awb-color4);--awb-content-color:var(--awb-color6);--awb-icon-box-color:var(--awb-color8);--awb-toggle-hover-accent-color:var(--awb-color4);--awb-title-font-family:var(--awb-typography1-font-family);--awb-title-font-weight:var(--awb-typography1-font-weight);--awb-title-font-style:var(--awb-typography1-font-style);--awb-content-font-family:var(--awb-typography4-font-family);--awb-content-font-weight:var(--awb-typography4-font-weight);--awb-content-font-style:var(--awb-typography4-font-style);\"><div class=\"panel-group fusion-toggle-icon-unboxed\" id=\"accordion-3200-1\"><div class=\"fusion-panel panel-default panel-8a1e9f83d509bdf69 fusion-toggle-no-divider fusion-toggle-boxed-mode\"><div class=\"panel-heading\"><h4 class=\"panel-title toggle\" id=\"toggle_8a1e9f83d509bdf69\"><a aria-expanded=\"false\" aria-controls=\"8a1e9f83d509bdf69\" role=\"button\" data-toggle=\"collapse\" data-parent=\"#accordion-3200-1\" data-target=\"#8a1e9f83d509bdf69\" href=\"#8a1e9f83d509bdf69\"><span class=\"fusion-toggle-icon-wrapper\" aria-hidden=\"true\"><i class=\"fa-fusion-box active-icon awb-icon-minus\" aria-hidden=\"true\"><\/i><i class=\"fa-fusion-box inactive-icon awb-icon-plus\" aria-hidden=\"true\"><\/i><\/span><span class=\"fusion-toggle-heading\">Avustralya\u2019ya hangi hava yollar\u0131 ile u\u00e7abilirim ve bagaj hakk\u0131m nedir?<\/span><\/a><\/h4><\/div><div id=\"8a1e9f83d509bdf69\" class=\"panel-collapse collapse \" aria-labelledby=\"toggle_8a1e9f83d509bdf69\"><div class=\"panel-body toggle-content fusion-clearfix\">\n<p>Avustralya\u2019ya bir\u00e7ok uluslararas\u0131 havayolu ile u\u00e7abilirsiniz. <strong>Qantas<\/strong>, <strong>Singapore Airlines<\/strong>, <strong>Emirates<\/strong>, <strong>Turkish Airlines<\/strong> gibi b\u00fcy\u00fck havayollar\u0131 Avustralya\u2019ya direkt ve aktarmal\u0131 u\u00e7u\u015flar sunar. Bagaj hakk\u0131, havayolu firmas\u0131na ve u\u00e7u\u015f s\u0131n\u0131f\u0131n\u0131za g\u00f6re de\u011fi\u015fir. Ekonomi s\u0131n\u0131f\u0131 i\u00e7in genellikle 23-30 kg aras\u0131 bir bagaj hakk\u0131 tan\u0131n\u0131rken, el bagaj\u0131 limiti 7-10 kg aras\u0131nda olabilir. Bilet sat\u0131n almadan \u00f6nce bagaj haklar\u0131n\u0131z\u0131 kontrol etmek \u00f6nemlidir.<\/p>\n<\/div><\/div><\/div><div class=\"fusion-panel panel-default panel-6fc3340a910f57062 fusion-toggle-no-divider fusion-toggle-boxed-mode\"><div class=\"panel-heading\"><h4 class=\"panel-title toggle\" id=\"toggle_6fc3340a910f57062\"><a aria-expanded=\"false\" aria-controls=\"6fc3340a910f57062\" role=\"button\" data-toggle=\"collapse\" data-parent=\"#accordion-3200-1\" data-target=\"#6fc3340a910f57062\" href=\"#6fc3340a910f57062\"><span class=\"fusion-toggle-icon-wrapper\" aria-hidden=\"true\"><i class=\"fa-fusion-box active-icon awb-icon-minus\" aria-hidden=\"true\"><\/i><i class=\"fa-fusion-box inactive-icon awb-icon-plus\" aria-hidden=\"true\"><\/i><\/span><span class=\"fusion-toggle-heading\">Avustralya\u2019ya giri\u015f yaparken g\u00fcmr\u00fck kurallar\u0131 nelerdir?<\/span><\/a><\/h4><\/div><div id=\"6fc3340a910f57062\" class=\"panel-collapse collapse \" aria-labelledby=\"toggle_6fc3340a910f57062\"><div class=\"panel-body toggle-content fusion-clearfix\">\n<p>Avustralya, g\u00fcmr\u00fck kurallar\u0131 konusunda olduk\u00e7a kat\u0131 bir politikaya sahiptir. G\u0131da maddeleri, bitki ve hayvansal \u00fcr\u00fcnler gibi baz\u0131 \u00fcr\u00fcnlerin \u00fclkeye giri\u015fi yasak ya da s\u0131n\u0131rl\u0131d\u0131r. \u00dclkeye giri\u015fte, yan\u0131n\u0131zda ta\u015f\u0131d\u0131\u011f\u0131n\u0131z mallar ve para miktar\u0131 beyan edilmelidir. 10,000 AUD veya daha fazla para ta\u015f\u0131yorsan\u0131z bunu bildirmek zorundas\u0131n\u0131z. Yan\u0131n\u0131zda getirdi\u011finiz \u00fcr\u00fcnleri do\u011fru \u015fekilde beyan etmemeniz, a\u011f\u0131r cezalarla sonu\u00e7lanabilir.<\/p>\n<\/div><\/div><\/div><div class=\"fusion-panel panel-default panel-9606da8a2612617bd fusion-toggle-no-divider fusion-toggle-boxed-mode\"><div class=\"panel-heading\"><h4 class=\"panel-title toggle\" id=\"toggle_9606da8a2612617bd\"><a aria-expanded=\"false\" aria-controls=\"9606da8a2612617bd\" role=\"button\" data-toggle=\"collapse\" data-parent=\"#accordion-3200-1\" data-target=\"#9606da8a2612617bd\" href=\"#9606da8a2612617bd\"><span class=\"fusion-toggle-icon-wrapper\" aria-hidden=\"true\"><i class=\"fa-fusion-box active-icon awb-icon-minus\" aria-hidden=\"true\"><\/i><i class=\"fa-fusion-box inactive-icon awb-icon-plus\" aria-hidden=\"true\"><\/i><\/span><span class=\"fusion-toggle-heading\">Avustralya\u2019ya gelirken hangi belgeler yan\u0131mda olmal\u0131?<\/span><\/a><\/h4><\/div><div id=\"9606da8a2612617bd\" class=\"panel-collapse collapse \" aria-labelledby=\"toggle_9606da8a2612617bd\"><div class=\"panel-body toggle-content fusion-clearfix\">\n<p>Avustralya\u2019ya giri\u015f yaparken yan\u0131n\u0131zda bulunmas\u0131 gereken belgeler aras\u0131nda ge\u00e7erli bir <strong>pasaport<\/strong>, <strong>vize onay belgesi<\/strong>, <strong>u\u00e7u\u015f biletleri<\/strong> ve varsa <strong>sa\u011fl\u0131k sigortas\u0131<\/strong> belgeleri yer almal\u0131d\u0131r. Ayr\u0131ca, e\u011fitim ama\u00e7l\u0131 geliyorsan\u0131z <strong>okul kabul mektubu<\/strong>, turist olarak geliyorsan\u0131z <strong>otel rezervasyonlar\u0131<\/strong> ve d\u00f6n\u00fc\u015f u\u00e7ak biletlerinizin kopyalar\u0131n\u0131 da ta\u015f\u0131man\u0131z \u00f6nerilir. Yan\u0131n\u0131zda bulundurman\u0131z gereken belgeleri tam ve eksiksiz \u015fekilde haz\u0131rlamak, \u00fclkeye giri\u015f s\u00fcrecinizi kolayla\u015ft\u0131r\u0131r.<\/p>\n<\/div><\/div><\/div><\/div><\/div><div class=\"fusion-text fusion-text-2\"><p><b>Arad\u0131\u011f\u0131n\u0131z cevab\u0131 bulamad\u0131n\u0131z m\u0131?<\/b> Bilgi istek formumuzu doldurarak e\u011fitim dan\u0131\u015fmanlar\u0131m\u0131zla hemen \u00fccretsiz bir \u00f6n g\u00f6r\u00fc\u015fme planlay\u0131n ve t\u00fcm s\u00fcre\u00e7 hakk\u0131nda en g\u00fcncel ve do\u011fru bilgilere ula\u015f\u0131n. <a href=\"https:\/\/smartedu.com.au\/tr\/bilgi-istek-formu\/\">Bilgi \u0130stek Formuna Buradan Ula\u015fabilirsiniz.<\/a><\/p>\n<\/div><\/div><\/div><\/div><\/div>\n","protected":false},"excerpt":{"rendered":"","protected":false},"author":1,"featured_media":0,"parent":3135,"menu_order":3,"comment_status":"closed","ping_status":"closed","template":"","meta":{"footnotes":""},"class_list":["post-3200","page","type-page","status-publish","hentry"],"_links":{"self":[{"href":"https:\/\/smartedu.com.au\/tr\/wp-json\/wp\/v2\/pages\/3200"}],"collection":[{"href":"https:\/\/smartedu.com.au\/tr\/wp-json\/wp\/v2\/pages"}],"about":[{"href":"https:\/\/smartedu.com.au\/tr\/wp-json\/wp\/v2\/types\/page"}],"author":[{"embeddable":true,"href":"https:\/\/smartedu.com.au\/tr\/wp-json\/wp\/v2\/users\/1"}],"replies":[{"embeddable":true,"href":"https:\/\/smartedu.com.au\/tr\/wp-json\/wp\/v2\/comments?post=3200"}],"version-history":[{"count":9,"href":"https:\/\/smartedu.com.au\/tr\/wp-json\/wp\/v2\/pages\/3200\/revisions"}],"predecessor-version":[{"id":4116,"href":"https:\/\/smartedu.com.au\/tr\/wp-json\/wp\/v2\/pages\/3200\/revisions\/4116"}],"up":[{"embeddable":true,"href":"https:\/\/smartedu.com.au\/tr\/wp-json\/wp\/v2\/pages\/3135"}],"wp:attachment":[{"href":"https:\/\/smartedu.com.au\/tr\/wp-json\/wp\/v2\/media?parent=3200"}],"curies":[{"name":"wp","href":"https:\/\/api.w.org\/{rel}","templated":true}]}}