{"id":3173,"date":"2024-09-16T10:45:58","date_gmt":"2024-09-16T07:45:58","guid":{"rendered":"https:\/\/octosee.com\/smartedu2\/tr\/?page_id=3173"},"modified":"2026-01-22T04:38:29","modified_gmt":"2026-01-22T01:38:29","slug":"gunluk-yasam-kultur-eglence","status":"publish","type":"page","link":"https:\/\/smartedu.com.au\/tr\/avustralya-sik-sorulan-sorular\/gunluk-yasam-kultur-eglence\/","title":{"rendered":"Avustralya&#8217;da G\u00fcnl\u00fck Ya\u015fam, K\u00fclt\u00fcr ve E\u011flence"},"content":{"rendered":"<div class=\"fusion-fullwidth fullwidth-box fusion-builder-row-1 fusion-flex-container has-pattern-background has-mask-background nonhundred-percent-fullwidth non-hundred-percent-height-scrolling\" style=\"--awb-border-radius-top-left:0px;--awb-border-radius-top-right:0px;--awb-border-radius-bottom-right:0px;--awb-border-radius-bottom-left:0px;--awb-flex-wrap:wrap;\" ><div class=\"fusion-builder-row fusion-row fusion-flex-align-items-flex-start fusion-flex-content-wrap\" style=\"max-width:1331.2px;margin-left: calc(-4% \/ 2 );margin-right: calc(-4% \/ 2 );\"><div class=\"fusion-layout-column fusion_builder_column fusion-builder-column-0 fusion_builder_column_1_1 1_1 fusion-flex-column\" style=\"--awb-bg-size:cover;--awb-width-large:100%;--awb-margin-top-large:10px;--awb-spacing-right-large:1.92%;--awb-margin-bottom-large:10px;--awb-spacing-left-large:1.92%;--awb-width-medium:100%;--awb-order-medium:0;--awb-spacing-right-medium:1.92%;--awb-spacing-left-medium:1.92%;--awb-width-small:100%;--awb-order-small:0;--awb-spacing-right-small:1.92%;--awb-spacing-left-small:1.92%;\"><div class=\"fusion-column-wrapper fusion-column-has-shadow fusion-flex-justify-content-flex-start fusion-content-layout-column\"><div class=\"fusion-text fusion-text-1\"><h2>Avustralya&#8217;da G\u00fcnl\u00fck Ya\u015fam ve K\u00fclt\u00fcr \u0130le \u0130lgili T\u00fcm Merak Ettikleriniz<\/h2>\n<p>Avustralya&#8217;da ya\u015famay\u0131 planlayanlar i\u00e7in en \u00e7ok merak edilen konular\u0131 kapsaml\u0131 bir \u015fekilde ele almaktad\u0131r. K\u00fclt\u00fcrel zenginliklerden do\u011fal g\u00fczelliklere, eyaletler aras\u0131ndaki ya\u015fam ko\u015fullar\u0131ndan iklim ve mevsim farkl\u0131l\u0131klar\u0131na kadar geni\u015f bir yelpazede bilgi sunuyoruz. Ayr\u0131ca, asgari \u00fccret ve g\u00fcnl\u00fck ya\u015fam giderleri, vize se\u00e7enekleri, evcil hayvan getirme s\u00fcre\u00e7leri gibi pratik bilgilere de yer veriyoruz. Avustralya&#8217;daki ya\u015fam hakk\u0131nda detayl\u0131 bilgiye ula\u015fmak i\u00e7in s\u0131k sorulan sorular sayfam\u0131z\u0131 inceleyebilirsiniz.<\/p>\n<\/div><div class=\"accordian fusion-accordian\" style=\"--awb-border-size:1px;--awb-icon-size:25px;--awb-content-font-size:var(--awb-typography4-font-size);--awb-icon-alignment:left;--awb-hover-color:var(--awb-color1);--awb-border-color:var(--awb-color3);--awb-background-color:var(--awb-color1);--awb-divider-color:var(--awb-color3);--awb-divider-hover-color:var(--awb-color3);--awb-icon-color:var(--awb-color4);--awb-title-color:var(--awb-color4);--awb-content-color:var(--awb-color6);--awb-icon-box-color:var(--awb-color8);--awb-toggle-hover-accent-color:var(--awb-color4);--awb-title-font-family:var(--awb-typography1-font-family);--awb-title-font-weight:var(--awb-typography1-font-weight);--awb-title-font-style:var(--awb-typography1-font-style);--awb-content-font-family:var(--awb-typography4-font-family);--awb-content-font-weight:var(--awb-typography4-font-weight);--awb-content-font-style:var(--awb-typography4-font-style);\"><div class=\"panel-group fusion-toggle-icon-unboxed\" id=\"accordion-3173-1\"><div class=\"fusion-panel panel-default panel-8d981f23c10bd1998 fusion-toggle-no-divider fusion-toggle-boxed-mode\"><div class=\"panel-heading\"><h4 class=\"panel-title toggle\" id=\"toggle_8d981f23c10bd1998\"><a aria-expanded=\"false\" aria-controls=\"8d981f23c10bd1998\" role=\"button\" data-toggle=\"collapse\" data-parent=\"#accordion-3173-1\" data-target=\"#8d981f23c10bd1998\" href=\"#8d981f23c10bd1998\"><span class=\"fusion-toggle-icon-wrapper\" aria-hidden=\"true\"><i class=\"fa-fusion-box active-icon awb-icon-minus\" aria-hidden=\"true\"><\/i><i class=\"fa-fusion-box inactive-icon awb-icon-plus\" aria-hidden=\"true\"><\/i><\/span><span class=\"fusion-toggle-heading\">Avustralya'da ya\u015fam nas\u0131ld\u0131r? \u00dclkenin k\u00fclt\u00fcrel zenginlikleri ve do\u011fal g\u00fczellikleri nelerdir?<\/span><\/a><\/h4><\/div><div id=\"8d981f23c10bd1998\" class=\"panel-collapse collapse \" aria-labelledby=\"toggle_8d981f23c10bd1998\"><div class=\"panel-body toggle-content fusion-clearfix\">\n<p>Avustralya, \u00e7ok k\u00fclt\u00fcrl\u00fc yap\u0131s\u0131yla dikkat \u00e7eken, modern bir ya\u015fam tarz\u0131 sunan bir \u00fclkedir. \u00dclkede Aborjin k\u00fclt\u00fcr\u00fc \u00f6nemli bir yer tutar ve yerel halk\u0131n gelenekleri g\u00fcn\u00fcm\u00fcze kadar ula\u015fm\u0131\u015ft\u0131r. Modern Avustralya ise, festivalleri, sanat galerileri, m\u00fczeleri ve farkl\u0131 etnik k\u00f6kenlerden insanlar\u0131n bir araya geldi\u011fi sosyal etkinlikleri ile k\u00fclt\u00fcrel \u00e7e\u015fitlili\u011fiyle bilinir. Do\u011fal g\u00fczellikler a\u00e7\u0131s\u0131ndan, B\u00fcy\u00fck Bariyer Resifi, Daintree Ya\u011fmur Ormanlar\u0131, Uluru (Ayers Rock) ve say\u0131s\u0131z plaj, do\u011fa severlerin ilgisini \u00e7eker. Avustralya, do\u011fal ya\u015fam alanlar\u0131 ve milli parklar\u0131yla da macera tutkunlar\u0131na geni\u015f f\u0131rsatlar sunar.<\/p>\n<\/div><\/div><\/div><div class=\"fusion-panel panel-default panel-c300d12c2fd2dabf3 fusion-toggle-no-divider fusion-toggle-boxed-mode\"><div class=\"panel-heading\"><h4 class=\"panel-title toggle\" id=\"toggle_c300d12c2fd2dabf3\"><a aria-expanded=\"false\" aria-controls=\"c300d12c2fd2dabf3\" role=\"button\" data-toggle=\"collapse\" data-parent=\"#accordion-3173-1\" data-target=\"#c300d12c2fd2dabf3\" href=\"#c300d12c2fd2dabf3\"><span class=\"fusion-toggle-icon-wrapper\" aria-hidden=\"true\"><i class=\"fa-fusion-box active-icon awb-icon-minus\" aria-hidden=\"true\"><\/i><i class=\"fa-fusion-box inactive-icon awb-icon-plus\" aria-hidden=\"true\"><\/i><\/span><span class=\"fusion-toggle-heading\">Avustralya\u2019da asgari \u00fccret nedir ve g\u00fcnl\u00fck ya\u015fam giderleri nelerdir?<\/span><\/a><\/h4><\/div><div id=\"c300d12c2fd2dabf3\" class=\"panel-collapse collapse \" aria-labelledby=\"toggle_c300d12c2fd2dabf3\"><div class=\"panel-body toggle-content fusion-clearfix\">\n<p>Avustralya&#8217;n\u0131n para birimi Avustralya Dolar\u0131&#8217;d\u0131r (AUD). 2024 y\u0131l\u0131 itibar\u0131yla, 21 ya\u015f\u0131ndan b\u00fcy\u00fckler i\u00e7in saatlik asgari \u00fccret 21.98 AUD olarak belirlenmi\u015ftir. G\u00fcnl\u00fck ya\u015fam giderleri, \u015fehirden \u015fehre de\u011fi\u015fmekle birlikte ortalama olarak \u015fu \u015fekildedir:<\/p>\n<ul>\n<li>Bir fincan kahve: 4-5 AUD<\/li>\n<li>G\u00fcnl\u00fck toplu ta\u015f\u0131ma bileti: 5-10 AUD<\/li>\n<li>Bir \u015fi\u015fe bira: 7-10 AUD<\/li>\n<li>Kiral\u0131k daire (\u015fehir merkezinde): 2,000-3,000 AUD\/ay<\/li>\n<li>Market al\u0131\u015fveri\u015fi (haftal\u0131k): 100-200 AUD<\/li>\n<\/ul>\n<p>Bu maliyetler, ya\u015fam tarz\u0131n\u0131za ve bulundu\u011funuz b\u00f6lgeye g\u00f6re de\u011fi\u015fiklik g\u00f6sterebilir.<\/p>\n<\/div><\/div><\/div><div class=\"fusion-panel panel-default panel-672157247cfb0c34a fusion-toggle-no-divider fusion-toggle-boxed-mode\"><div class=\"panel-heading\"><h4 class=\"panel-title toggle\" id=\"toggle_672157247cfb0c34a\"><a aria-expanded=\"false\" aria-controls=\"672157247cfb0c34a\" role=\"button\" data-toggle=\"collapse\" data-parent=\"#accordion-3173-1\" data-target=\"#672157247cfb0c34a\" href=\"#672157247cfb0c34a\"><span class=\"fusion-toggle-icon-wrapper\" aria-hidden=\"true\"><i class=\"fa-fusion-box active-icon awb-icon-minus\" aria-hidden=\"true\"><\/i><i class=\"fa-fusion-box inactive-icon awb-icon-plus\" aria-hidden=\"true\"><\/i><\/span><span class=\"fusion-toggle-heading\">Avustralya\u2019daki eyaletler ve \u015fehirler aras\u0131nda ya\u015fam ko\u015fullar\u0131 nas\u0131l farkl\u0131l\u0131k g\u00f6sterir?<\/span><\/a><\/h4><\/div><div id=\"672157247cfb0c34a\" class=\"panel-collapse collapse \" aria-labelledby=\"toggle_672157247cfb0c34a\"><div class=\"panel-body toggle-content fusion-clearfix\">\n<p>Avustralya\u2019da her eyalet ve \u015fehir kendine \u00f6zg\u00fc ya\u015fam ko\u015fullar\u0131 sunar. Sydney ve Melbourne gibi b\u00fcy\u00fck \u015fehirler daha y\u00fcksek ya\u015fam maliyetlerine sahipken, Brisbane, Perth ve Adelaide gibi \u015fehirler nispeten daha uygun fiyatl\u0131d\u0131r. B\u00fcy\u00fck \u015fehirlerde modern ya\u015fam olanaklar\u0131, uluslararas\u0131 topluluklar ve i\u015f f\u0131rsatlar\u0131 bulunurken, k\u0131rsal b\u00f6lgeler do\u011fa ile i\u00e7 i\u00e7e, daha sakin bir ya\u015fam sunar. Her eyaletin kendine has bir iklimi ve k\u00fclt\u00fcr\u00fc vard\u0131r, bu nedenle ya\u015fam tercihleriniz do\u011frultusunda bir se\u00e7im yapman\u0131z \u00f6nerilir.<\/p>\n<\/div><\/div><\/div><div class=\"fusion-panel panel-default panel-5af7c3deb6e1df541 fusion-toggle-no-divider fusion-toggle-boxed-mode\"><div class=\"panel-heading\"><h4 class=\"panel-title toggle\" id=\"toggle_5af7c3deb6e1df541\"><a aria-expanded=\"false\" aria-controls=\"5af7c3deb6e1df541\" role=\"button\" data-toggle=\"collapse\" data-parent=\"#accordion-3173-1\" data-target=\"#5af7c3deb6e1df541\" href=\"#5af7c3deb6e1df541\"><span class=\"fusion-toggle-icon-wrapper\" aria-hidden=\"true\"><i class=\"fa-fusion-box active-icon awb-icon-minus\" aria-hidden=\"true\"><\/i><i class=\"fa-fusion-box inactive-icon awb-icon-plus\" aria-hidden=\"true\"><\/i><\/span><span class=\"fusion-toggle-heading\">Avustralya\u2019da mevsimler ve iklim nas\u0131l?<\/span><\/a><\/h4><\/div><div id=\"5af7c3deb6e1df541\" class=\"panel-collapse collapse \" aria-labelledby=\"toggle_5af7c3deb6e1df541\"><div class=\"panel-body toggle-content fusion-clearfix\">\n<p>Avustralya, g\u00fcney yar\u0131mk\u00fcrede yer ald\u0131\u011f\u0131 i\u00e7in mevsimleri kuzey yar\u0131mk\u00fcreye g\u00f6re ters ya\u015fan\u0131r. Yaz aylar\u0131 Aral\u0131k-\u015eubat, k\u0131\u015f aylar\u0131 ise Haziran-A\u011fustos aras\u0131nda ya\u015fan\u0131r. \u00dclkenin genelinde \u0131l\u0131man bir iklim h\u00fck\u00fcm s\u00fcrse de, kuzeyde tropikal iklim, g\u00fcneyde ise daha serin ve ya\u011f\u0131\u015fl\u0131 bir iklim g\u00f6r\u00fcl\u00fcr. K\u0131y\u0131 \u015fehirlerinde k\u0131\u015flar \u0131l\u0131man ge\u00e7erken, i\u00e7 kesimlerde yaz aylar\u0131 olduk\u00e7a s\u0131cak olabilir. Avustralya&#8217;n\u0131n geni\u015f co\u011frafyas\u0131 nedeniyle iklim ko\u015fullar\u0131 eyaletlere g\u00f6re de\u011fi\u015fiklik g\u00f6sterir.<\/p>\n<\/div><\/div><\/div><div class=\"fusion-panel panel-default panel-d7b06e74ac54df3eb fusion-toggle-no-divider fusion-toggle-boxed-mode\"><div class=\"panel-heading\"><h4 class=\"panel-title toggle\" id=\"toggle_d7b06e74ac54df3eb\"><a aria-expanded=\"false\" aria-controls=\"d7b06e74ac54df3eb\" role=\"button\" data-toggle=\"collapse\" data-parent=\"#accordion-3173-1\" data-target=\"#d7b06e74ac54df3eb\" href=\"#d7b06e74ac54df3eb\"><span class=\"fusion-toggle-icon-wrapper\" aria-hidden=\"true\"><i class=\"fa-fusion-box active-icon awb-icon-minus\" aria-hidden=\"true\"><\/i><i class=\"fa-fusion-box inactive-icon awb-icon-plus\" aria-hidden=\"true\"><\/i><\/span><span class=\"fusion-toggle-heading\">Avustralya\u2019ya hangi vize se\u00e7enekleriyle gelinmesi m\u00fcmk\u00fcn ve bunlar\u0131n maliyetleri nedir?<\/span><\/a><\/h4><\/div><div id=\"d7b06e74ac54df3eb\" class=\"panel-collapse collapse \" aria-labelledby=\"toggle_d7b06e74ac54df3eb\"><div class=\"panel-body toggle-content fusion-clearfix\">\n<p>Avustralya\u2019ya gelmek i\u00e7in \u00e7e\u015fitli vize se\u00e7enekleri vard\u0131r. Bunlar aras\u0131nda \u00f6\u011frenci vizeleri, turist vizeleri, \u00e7al\u0131\u015fma vizeleri ve g\u00f6\u00e7menlik vizeleri yer al\u0131r. Vize t\u00fcr\u00fcne g\u00f6re \u00fccretler ve ba\u015fvuru gereklilikleri de\u011fi\u015fir. \u00d6rnek olarak, bir turist vizesi ba\u015fvuru \u00fccreti yakla\u015f\u0131k 150-300 AUD iken, \u00f6\u011frenci vizesi ba\u015fvuru \u00fccreti yakla\u015f\u0131k 650 AUD\u2019dur. Partner ve dependant vizeleri gibi aile birle\u015fimi ama\u00e7l\u0131 vizeler de mevcuttur, bu vizeler i\u00e7in s\u00fcre\u00e7 daha uzun ve maliyetler daha y\u00fcksektir. Vize ba\u015fvurusu yapmadan \u00f6nce dan\u0131\u015fmanl\u0131k alman\u0131z \u00f6nerilir.<\/p>\n<\/div><\/div><\/div><div class=\"fusion-panel panel-default panel-fe9923a90fca8a662 fusion-toggle-no-divider fusion-toggle-boxed-mode\"><div class=\"panel-heading\"><h4 class=\"panel-title toggle\" id=\"toggle_fe9923a90fca8a662\"><a aria-expanded=\"false\" aria-controls=\"fe9923a90fca8a662\" role=\"button\" data-toggle=\"collapse\" data-parent=\"#accordion-3173-1\" data-target=\"#fe9923a90fca8a662\" href=\"#fe9923a90fca8a662\"><span class=\"fusion-toggle-icon-wrapper\" aria-hidden=\"true\"><i class=\"fa-fusion-box active-icon awb-icon-minus\" aria-hidden=\"true\"><\/i><i class=\"fa-fusion-box inactive-icon awb-icon-plus\" aria-hidden=\"true\"><\/i><\/span><span class=\"fusion-toggle-heading\">Evcil hayvan\u0131m\u0131 Avustralya\u2019ya g\u00f6t\u00fcrebilir miyim ve s\u00fcre\u00e7 nas\u0131ld\u0131r?<\/span><\/a><\/h4><\/div><div id=\"fe9923a90fca8a662\" class=\"panel-collapse collapse \" aria-labelledby=\"toggle_fe9923a90fca8a662\"><div class=\"panel-body toggle-content fusion-clearfix\">\n<p>Evet, evcil hayvan\u0131n\u0131z\u0131 Avustralya\u2019ya g\u00f6t\u00fcrebilirsiniz, ancak s\u00fcre\u00e7 olduk\u00e7a detayl\u0131d\u0131r. Avustralya\u2019ya hayvan getirirken karantina s\u00fcreci uygulanmaktad\u0131r. Evcil hayvan\u0131n\u0131z\u0131n a\u015f\u0131lar\u0131 tam olmal\u0131, sa\u011fl\u0131k sertifikas\u0131 bulunmal\u0131 ve belirli testlerden ge\u00e7melidir. Ayr\u0131ca, Avustralya&#8217;ya giri\u015f yapmadan \u00f6nce bir karantina rezervasyonu yapman\u0131z gerekmektedir. Bu s\u00fcre\u00e7, hayvan\u0131n t\u00fcr\u00fcne ve \u00fclkenin veteriner d\u00fczenlemelerine g\u00f6re de\u011fi\u015febilir. Maliyetler ise karantina s\u00fcresi ve veteriner kontrolleri ile ilgili olarak 1,000-3,000 AUD aras\u0131nda de\u011fi\u015febilir.<\/p>\n<\/div><\/div><\/div><\/div><\/div><div class=\"fusion-text fusion-text-2\"><p><b>Arad\u0131\u011f\u0131n\u0131z cevab\u0131 bulamad\u0131n\u0131z m\u0131?<\/b> Bilgi istek formumuzu doldurarak e\u011fitim dan\u0131\u015fmanlar\u0131m\u0131zla hemen \u00fccretsiz bir \u00f6n g\u00f6r\u00fc\u015fme planlay\u0131n ve t\u00fcm s\u00fcre\u00e7 hakk\u0131nda en g\u00fcncel ve do\u011fru bilgilere ula\u015f\u0131n. <a href=\"https:\/\/smartedu.com.au\/tr\/bilgi-istek-formu\/\">Bilgi \u0130stek Formuna Buradan Ula\u015fabilirsiniz.<\/a><\/p>\n<\/div><\/div><\/div><\/div><\/div>\n","protected":false},"excerpt":{"rendered":"","protected":false},"author":1,"featured_media":0,"parent":3135,"menu_order":3,"comment_status":"closed","ping_status":"closed","template":"","meta":{"footnotes":""},"class_list":["post-3173","page","type-page","status-publish","hentry"],"_links":{"self":[{"href":"https:\/\/smartedu.com.au\/tr\/wp-json\/wp\/v2\/pages\/3173"}],"collection":[{"href":"https:\/\/smartedu.com.au\/tr\/wp-json\/wp\/v2\/pages"}],"about":[{"href":"https:\/\/smartedu.com.au\/tr\/wp-json\/wp\/v2\/types\/page"}],"author":[{"embeddable":true,"href":"https:\/\/smartedu.com.au\/tr\/wp-json\/wp\/v2\/users\/1"}],"replies":[{"embeddable":true,"href":"https:\/\/smartedu.com.au\/tr\/wp-json\/wp\/v2\/comments?post=3173"}],"version-history":[{"count":13,"href":"https:\/\/smartedu.com.au\/tr\/wp-json\/wp\/v2\/pages\/3173\/revisions"}],"predecessor-version":[{"id":4117,"href":"https:\/\/smartedu.com.au\/tr\/wp-json\/wp\/v2\/pages\/3173\/revisions\/4117"}],"up":[{"embeddable":true,"href":"https:\/\/smartedu.com.au\/tr\/wp-json\/wp\/v2\/pages\/3135"}],"wp:attachment":[{"href":"https:\/\/smartedu.com.au\/tr\/wp-json\/wp\/v2\/media?parent=3173"}],"curies":[{"name":"wp","href":"https:\/\/api.w.org\/{rel}","templated":true}]}}