{"id":3149,"date":"2024-09-16T09:39:41","date_gmt":"2024-09-16T06:39:41","guid":{"rendered":"https:\/\/octosee.com\/smartedu2\/tr\/?page_id=3149"},"modified":"2024-11-12T14:03:54","modified_gmt":"2024-11-12T11:03:54","slug":"avustralya-is-imkanlari","status":"publish","type":"page","link":"https:\/\/smartedu.com.au\/tr\/ogrenci-rehberi\/avustralya-is-imkanlari\/","title":{"rendered":"Avustralya \u0130\u015f \u0130mkanlar\u0131"},"content":{"rendered":"<div class=\"fusion-fullwidth fullwidth-box fusion-builder-row-1 fusion-flex-container nonhundred-percent-fullwidth non-hundred-percent-height-scrolling\" style=\"--awb-border-radius-top-left:0px;--awb-border-radius-top-right:0px;--awb-border-radius-bottom-right:0px;--awb-border-radius-bottom-left:0px;--awb-flex-wrap:wrap;\" ><div class=\"fusion-builder-row fusion-row fusion-flex-align-items-flex-start fusion-flex-content-wrap\" style=\"max-width:1331.2px;margin-left: calc(-4% \/ 2 );margin-right: calc(-4% \/ 2 );\"><div class=\"fusion-layout-column fusion_builder_column fusion-builder-column-0 fusion_builder_column_1_1 1_1 fusion-flex-column\" style=\"--awb-bg-blend:overlay;--awb-bg-size:cover;--awb-width-large:100%;--awb-margin-top-large:0px;--awb-spacing-right-large:1.92%;--awb-margin-bottom-large:0px;--awb-spacing-left-large:1.92%;--awb-width-medium:100%;--awb-spacing-right-medium:1.92%;--awb-spacing-left-medium:1.92%;--awb-width-small:100%;--awb-spacing-right-small:1.92%;--awb-spacing-left-small:1.92%;\"><div class=\"fusion-column-wrapper fusion-flex-justify-content-flex-start fusion-content-layout-column\"><div class=\"fusion-text fusion-text-1\"><\/p>\n<h2 class=\"fusion-responsive-typography-calculated\" style=\"--fontsize: 34; line-height: 1.15;\" data-fontsize=\"34\" data-lineheight=\"39.1px\">Avustralya&#8217;da \u0130\u015f \u0130mkanlar\u0131 ve \u00d6\u011frenci \u00c7al\u0131\u015fma Ko\u015fullar\u0131<\/h2>\n<p>Avustralya, uluslararas\u0131 \u00f6\u011frenciler i\u00e7in \u00e7e\u015fitli i\u015f imkanlar\u0131 sunan ve ekonomik b\u00fcy\u00fcmeyle desteklenen bir \u00fclkedir. \u0130\u015f arayan \u00f6\u011frenciler i\u00e7in, Avustralya&#8217;daki i\u015f piyasas\u0131 ve \u00e7al\u0131\u015fma ko\u015fullar\u0131 hakk\u0131nda bilgi sahibi olmak \u00f6nemlidir.<\/p><\/p>\n<\/div><div class=\"fusion-image-element \" style=\"--awb-caption-title-font-family:var(--h2_typography-font-family);--awb-caption-title-font-weight:var(--h2_typography-font-weight);--awb-caption-title-font-style:var(--h2_typography-font-style);--awb-caption-title-size:var(--h2_typography-font-size);--awb-caption-title-transform:var(--h2_typography-text-transform);--awb-caption-title-line-height:var(--h2_typography-line-height);--awb-caption-title-letter-spacing:var(--h2_typography-letter-spacing);\"><span class=\" fusion-imageframe imageframe-none imageframe-1 hover-type-none\"><img decoding=\"async\" width=\"900\" height=\"500\" alt=\"avustralya asgari \u00fccret\" title=\"avustralya asgari \u00fccret\" src=\"https:\/\/smartedu.com.au\/tr\/wp-content\/uploads\/sites\/3\/2024\/09\/australia_work_life_.jpg\" data-orig-src=\"https:\/\/octosee.com\/smartedu2\/tr\/wp-content\/uploads\/sites\/3\/2024\/09\/australia_work_life_.jpg\" class=\"lazyload img-responsive wp-image-3153\" srcset=\"data:image\/svg+xml,%3Csvg%20xmlns%3D%27http%3A%2F%2Fwww.w3.org%2F2000%2Fsvg%27%20width%3D%27900%27%20height%3D%27500%27%20viewBox%3D%270%200%20900%20500%27%3E%3Crect%20width%3D%27900%27%20height%3D%27500%27%20fill-opacity%3D%220%22%2F%3E%3C%2Fsvg%3E\" data-srcset=\"https:\/\/smartedu.com.au\/tr\/wp-content\/uploads\/sites\/3\/2024\/09\/australia_work_life_-200x111.jpg 200w, https:\/\/smartedu.com.au\/tr\/wp-content\/uploads\/sites\/3\/2024\/09\/australia_work_life_-400x222.jpg 400w, https:\/\/smartedu.com.au\/tr\/wp-content\/uploads\/sites\/3\/2024\/09\/australia_work_life_-600x333.jpg 600w, https:\/\/smartedu.com.au\/tr\/wp-content\/uploads\/sites\/3\/2024\/09\/australia_work_life_-800x444.jpg 800w, https:\/\/smartedu.com.au\/tr\/wp-content\/uploads\/sites\/3\/2024\/09\/australia_work_life_.jpg 900w\" data-sizes=\"auto\" data-orig-sizes=\"(max-width: 1024px) 100vw, (max-width: 640px) 100vw, 900px\" \/><\/span><\/div><div class=\"fusion-text fusion-text-2\"><\/div><div class=\"fusion-title title fusion-title-1 fusion-sep-none fusion-title-text fusion-title-size-three\"><h3 class=\"fusion-title-heading title-heading-left fusion-responsive-typography-calculated\" style=\"margin:0;text-transform:capitalize;--fontSize:24;line-height:var(--awb-typography1-line-height);\">Avustralya&#8217;da \u0130htiya\u00e7 Duyulan Meslekler<\/h3><\/div><div class=\"fusion-text fusion-text-3\"><p>Avustralya, \u00f6zellikle sa\u011fl\u0131k hizmetleri, m\u00fchendislik, bili\u015fim teknolojileri, in\u015faat, e\u011fitim ve turizm gibi alanlarda yetenekli i\u015f g\u00fcc\u00fcne ihtiya\u00e7 duymaktad\u0131r. Bu mesleklerde e\u011fitim alm\u0131\u015f veya deneyim kazanm\u0131\u015f \u00f6\u011frenciler, Avustralya&#8217;da i\u015f bulma \u015fans\u0131n\u0131 art\u0131rabilirler. Ayr\u0131ca, Avustralya h\u00fck\u00fcmeti belirli meslek gruplar\u0131 i\u00e7in \u00f6zel vize se\u00e7enekleri ve te\u015fvikler sunmaktad\u0131r.<\/p>\n<\/div><div class=\"fusion-title title fusion-title-2 fusion-sep-none fusion-title-text fusion-title-size-three\"><h3 class=\"fusion-title-heading title-heading-left fusion-responsive-typography-calculated\" style=\"margin:0;text-transform:capitalize;--fontSize:24;line-height:var(--awb-typography1-line-height);\">\u00d6\u011frenci Vizesinde \u00c7al\u0131\u015fma \u0130zni<\/h3><\/div><div class=\"fusion-text fusion-text-4\"><p>Avustralya&#8217;da uluslararas\u0131 \u00f6\u011frenciler, e\u011fitim s\u00fcreleri boyunca belirli ko\u015fullar alt\u0131nda \u00e7al\u0131\u015fma izni alabilirler. \u00d6\u011frenci vizesi sahipleri, haftada 20 saatlik yasal \u00e7al\u0131\u015fma iznine sahiptirler. Ancak, resmi tatiller ve ders zamanlar\u0131 d\u0131\u015f\u0131nda tam zamanl\u0131 olarak \u00e7al\u0131\u015fabilirler. Bu \u00e7al\u0131\u015fma izni, \u00f6\u011frencilere ya\u015fam giderlerini kar\u015f\u0131lamalar\u0131 ve mesleki deneyim kazanmalar\u0131 i\u00e7in f\u0131rsat sunar.<\/p>\n<p>Avustralya&#8217;da 2024 y\u0131l\u0131 itibar\u0131yla <b>minimum \u00fccret<\/b> (minimum wage), federal yasalar taraf\u0131ndan belirlenen asgari \u00fccret miktar\u0131d\u0131r. Bu \u00fccret her y\u0131l g\u00f6zden ge\u00e7irilir ve g\u00fcncellenir. 1 Temmuz 2023 tarihinden itibaren Avustralya&#8217;daki minimum saatlik \u00fccret, 21 ya\u015f\u0131ndan b\u00fcy\u00fck i\u015f\u00e7iler i\u00e7in saat ba\u015f\u0131na br\u00fct 21.98 Avustralya Dolar\u0131d\u0131r.<\/p>\n<\/div><div class=\"fusion-title title fusion-title-3 fusion-sep-none fusion-title-text fusion-title-size-three\"><h3 class=\"fusion-title-heading title-heading-left fusion-responsive-typography-calculated\" style=\"margin:0;text-transform:capitalize;--fontSize:24;line-height:var(--awb-typography1-line-height);\">Avustralya&#8217;da \u0130\u015f Arama S\u00fcreci<\/h3><\/div><div class=\"fusion-text fusion-text-5\"><p>Avustralya&#8217;da i\u015f aramak i\u00e7in \u00e7e\u015fitli kaynaklar mevcuttur. \u00dcniversiteler, kariyer merkezleri ve online i\u015f ilanlar\u0131, \u00f6\u011frencilere i\u015f bulmada yard\u0131mc\u0131 olabilir. Ayr\u0131ca, staj ve \u00f6\u011frenci programlar\u0131, \u00f6\u011frencilerin mesleki a\u011flar\u0131n\u0131 geni\u015fletmelerine ve sekt\u00f6rel deneyim kazanmalar\u0131na yard\u0131mc\u0131 olabilir.<\/p>\n<\/div><div class=\"fusion-title title fusion-title-4 fusion-sep-none fusion-title-text fusion-title-size-three\"><h3 class=\"fusion-title-heading title-heading-left fusion-responsive-typography-calculated\" style=\"margin:0;text-transform:capitalize;--fontSize:24;line-height:var(--awb-typography1-line-height);\">Avustralya&#8217;da \u0130\u015f Hayat\u0131n\u0131n Avantajlar\u0131<\/h3><\/div><div class=\"fusion-text fusion-text-6\"><p>Avustralya&#8217;da \u00e7al\u0131\u015fmak, k\u00fcresel bir i\u015f deneyimi sa\u011flar ve uluslararas\u0131 i\u015f pazar\u0131na eri\u015fim imkan\u0131 sunar. Y\u00fcksek ya\u015fam standartlar\u0131, g\u00fcvenli \u00e7al\u0131\u015fma ortamlar\u0131 ve i\u015f\u00e7i haklar\u0131, Avustralya&#8217;da i\u015f hayat\u0131n\u0131n \u00f6nemli avantajlar\u0131 aras\u0131ndad\u0131r.<\/p>\n<p>Avustralya&#8217;da i\u015f imkanlar\u0131 ve \u00f6\u011frenci \u00e7al\u0131\u015fma ko\u015fullar\u0131 hakk\u0131nda daha fazla bilgi edinmek i\u00e7in SmartEdu E\u011fitim Acentas\u0131 olarak size rehberlik etmeye haz\u0131r\u0131z. Detayl\u0131 bilgi ve dan\u0131\u015fmanl\u0131k i\u00e7in <a href=\"https:\/\/smartedu.com.au\/tr\/iletisim\/\">bize ula\u015f\u0131n<\/a>.<\/p>\n<\/div><\/div><\/div><\/div><\/div>","protected":false},"excerpt":{"rendered":"","protected":false},"author":1,"featured_media":0,"parent":2975,"menu_order":0,"comment_status":"closed","ping_status":"open","template":"","meta":{"footnotes":""},"class_list":["post-3149","page","type-page","status-publish","hentry"],"_links":{"self":[{"href":"https:\/\/smartedu.com.au\/tr\/wp-json\/wp\/v2\/pages\/3149"}],"collection":[{"href":"https:\/\/smartedu.com.au\/tr\/wp-json\/wp\/v2\/pages"}],"about":[{"href":"https:\/\/smartedu.com.au\/tr\/wp-json\/wp\/v2\/types\/page"}],"author":[{"embeddable":true,"href":"https:\/\/smartedu.com.au\/tr\/wp-json\/wp\/v2\/users\/1"}],"replies":[{"embeddable":true,"href":"https:\/\/smartedu.com.au\/tr\/wp-json\/wp\/v2\/comments?post=3149"}],"version-history":[{"count":7,"href":"https:\/\/smartedu.com.au\/tr\/wp-json\/wp\/v2\/pages\/3149\/revisions"}],"predecessor-version":[{"id":3448,"href":"https:\/\/smartedu.com.au\/tr\/wp-json\/wp\/v2\/pages\/3149\/revisions\/3448"}],"up":[{"embeddable":true,"href":"https:\/\/smartedu.com.au\/tr\/wp-json\/wp\/v2\/pages\/2975"}],"wp:attachment":[{"href":"https:\/\/smartedu.com.au\/tr\/wp-json\/wp\/v2\/media?parent=3149"}],"curies":[{"name":"wp","href":"https:\/\/api.w.org\/{rel}","templated":true}]}}