{"id":3135,"date":"2024-09-13T19:12:46","date_gmt":"2024-09-13T16:12:46","guid":{"rendered":"https:\/\/octosee.com\/smartedu2\/tr\/?page_id=3135"},"modified":"2026-04-01T22:49:51","modified_gmt":"2026-04-01T19:49:51","slug":"avustralya-sik-sorulan-sorular","status":"publish","type":"page","link":"https:\/\/smartedu.com.au\/tr\/avustralya-sik-sorulan-sorular\/","title":{"rendered":"Merak Ettikleriniz"},"content":{"rendered":"<div class=\"fusion-fullwidth fullwidth-box fusion-builder-row-1 fusion-flex-container has-pattern-background has-mask-background nonhundred-percent-fullwidth non-hundred-percent-height-scrolling\" style=\"--awb-border-radius-top-left:0px;--awb-border-radius-top-right:0px;--awb-border-radius-bottom-right:0px;--awb-border-radius-bottom-left:0px;--awb-flex-wrap:wrap;\" ><div class=\"fusion-builder-row fusion-row fusion-flex-align-items-flex-start fusion-flex-content-wrap\" style=\"max-width:1331.2px;margin-left: calc(-4% \/ 2 );margin-right: calc(-4% \/ 2 );\"><div class=\"fusion-layout-column fusion_builder_column fusion-builder-column-0 fusion_builder_column_1_1 1_1 fusion-flex-column\" style=\"--awb-bg-size:cover;--awb-width-large:100%;--awb-margin-top-large:10px;--awb-spacing-right-large:1.92%;--awb-margin-bottom-large:10px;--awb-spacing-left-large:1.92%;--awb-width-medium:100%;--awb-order-medium:0;--awb-spacing-right-medium:1.92%;--awb-spacing-left-medium:1.92%;--awb-width-small:100%;--awb-order-small:0;--awb-spacing-right-small:1.92%;--awb-spacing-left-small:1.92%;\"><div class=\"fusion-column-wrapper fusion-column-has-shadow fusion-flex-justify-content-flex-start fusion-content-layout-column\"><div class=\"fusion-text fusion-text-1\"><h2>Avustralya \u0130le \u0130lgili Vize, E\u011fitim, Ya\u015fam Konular\u0131na Dair En \u00c7ok Merak Edilenler Rehberi &#8211; 2026<\/h2>\n<p>Avustralya&#8217;da e\u011fitim ve ya\u015fam s\u00fcre\u00e7lerine dair merak etti\u011finiz t\u00fcm sorular\u0131n yan\u0131tlar\u0131n\u0131 bu sayfada bulabilirsiniz. <b><span style=\"color: var(--awb-color7);\">Smart<\/span><span style=\"color: var(--awb-color4);\">EDU<\/span><\/b> olarak, Avustralya&#8217;da e\u011fitim almak isteyen uluslararas\u0131 \u00f6\u011frencilere dan\u0131\u015fmanl\u0131k sa\u011fl\u0131yor, vize i\u015flemleri ve g\u00fcnl\u00fck ya\u015famla ilgili her t\u00fcrl\u00fc sorular\u0131n\u0131za profesyonel \u00e7\u00f6z\u00fcmler sunuyoruz. Bu S\u0131k\u00e7a Sorulan Sorular sayfas\u0131nda, e\u011fitimden, vize ba\u015fvurular\u0131ndan konaklama se\u00e7eneklerine kadar pek \u00e7ok ba\u015fl\u0131k alt\u0131nda en \u00f6nemli bilgileri derledik. Avustralya maceran\u0131za ba\u015flarken t\u00fcm detaylar i\u00e7in <b style=\"color: #7e8890;\"><span style=\"color: var(--awb-color7);\">Smart<\/span><span style=\"color: var(--awb-color4);\">EDU<\/span><\/b> g\u00fcvencesiyle yan\u0131n\u0131zday\u0131z.<\/p>\n<\/div><div class=\"accordian fusion-accordian\" style=\"--awb-border-size:1px;--awb-icon-size:25px;--awb-content-font-size:var(--awb-typography4-font-size);--awb-icon-alignment:left;--awb-hover-color:var(--awb-color1);--awb-border-color:var(--awb-color3);--awb-background-color:var(--awb-color1);--awb-divider-color:var(--awb-color3);--awb-divider-hover-color:var(--awb-color3);--awb-icon-color:var(--awb-color4);--awb-title-color:var(--awb-color4);--awb-content-color:var(--awb-color6);--awb-icon-box-color:var(--awb-color8);--awb-toggle-hover-accent-color:var(--awb-color4);--awb-title-font-family:var(--awb-typography1-font-family);--awb-title-font-weight:var(--awb-typography1-font-weight);--awb-title-font-style:var(--awb-typography1-font-style);--awb-content-font-family:var(--awb-typography4-font-family);--awb-content-font-weight:var(--awb-typography4-font-weight);--awb-content-font-style:var(--awb-typography4-font-style);\"><div class=\"panel-group fusion-toggle-icon-unboxed\" id=\"accordion-3135-1\"><div class=\"fusion-panel panel-default panel-4273d8795a8f7a488 fusion-toggle-no-divider fusion-toggle-boxed-mode\" style=\"--awb-title-color:var(--awb-color4);\"><div class=\"panel-heading\"><h4 class=\"panel-title toggle\" id=\"toggle_4273d8795a8f7a488\"><a aria-expanded=\"false\" aria-controls=\"4273d8795a8f7a488\" role=\"button\" data-toggle=\"collapse\" data-parent=\"#accordion-3135-1\" data-target=\"#4273d8795a8f7a488\" href=\"#4273d8795a8f7a488\"><span class=\"fusion-toggle-icon-wrapper\" aria-hidden=\"true\"><i class=\"fa-fusion-box active-icon awb-icon-minus\" aria-hidden=\"true\"><\/i><i class=\"fa-fusion-box inactive-icon awb-icon-plus\" aria-hidden=\"true\"><\/i><\/span><span class=\"fusion-toggle-heading\">Neden SmartEDU\u2019yu Tercih Etmelisiniz? Di\u011fer Dan\u0131\u015fmanl\u0131k Firmalar\u0131ndan Fark\u0131 Nedir?<\/span><\/a><\/h4><\/div><div id=\"4273d8795a8f7a488\" class=\"panel-collapse collapse \" aria-labelledby=\"toggle_4273d8795a8f7a488\"><div class=\"panel-body toggle-content fusion-clearfix\">\n<p>SmartEDU, Avustralya merkezli, sadece Avustralya\u2019ya \u00f6\u011frenci ba\u015fvurusu yapan ve alan\u0131nda uzmanla\u015fm\u0131\u015f, <b>lisans sahibi<\/b> bir yurt d\u0131\u015f\u0131 e\u011fitim dan\u0131\u015fmanl\u0131k kurumudur. <strong>Odak noktam\u0131z\u0131n sadece Avustralya olmas\u0131,<\/strong> vize yasalar\u0131 ve okul politikalar\u0131 konusundaki derin uzmanl\u0131\u011f\u0131m\u0131z\u0131 beraberinde getirir.<\/p>\n<\/div><\/div><\/div><div class=\"fusion-panel panel-default panel-922ad7e0444daeaf6 fusion-toggle-no-divider fusion-toggle-boxed-mode\" style=\"--awb-title-color:var(--awb-color4);\"><div class=\"panel-heading\"><h4 class=\"panel-title toggle\" id=\"toggle_922ad7e0444daeaf6\"><a aria-expanded=\"false\" aria-controls=\"922ad7e0444daeaf6\" role=\"button\" data-toggle=\"collapse\" data-parent=\"#accordion-3135-1\" data-target=\"#922ad7e0444daeaf6\" href=\"#922ad7e0444daeaf6\"><span class=\"fusion-toggle-icon-wrapper\" aria-hidden=\"true\"><i class=\"fa-fusion-box active-icon awb-icon-minus\" aria-hidden=\"true\"><\/i><i class=\"fa-fusion-box inactive-icon awb-icon-plus\" aria-hidden=\"true\"><\/i><\/span><span class=\"fusion-toggle-heading\">SmartEDU E\u011fitim S\u00fcrecinde Size Nas\u0131l Destek Olur?<\/span><\/a><\/h4><\/div><div id=\"922ad7e0444daeaf6\" class=\"panel-collapse collapse \" aria-labelledby=\"toggle_922ad7e0444daeaf6\"><div class=\"panel-body toggle-content fusion-clearfix\">\n<p class=\"p1\">Sadece okul ve \u015fehir se\u00e7iminizde de\u011fil; e\u011fitim s\u00fcrecinizin planlanmas\u0131nda, en kritik belge olan <b>Niyet Mektubu\u2019nuzun (GS Letter)<\/b> haz\u0131rlanmas\u0131nda ve vize ba\u015fvurular\u0131n\u0131z\u0131n her a\u015famas\u0131nda profesyonel rehberlik sunuyoruz. Bunlara ek olarak; konaklama organizasyonu ve Avustralya\u2019ya var\u0131\u015f sonras\u0131 destek de dahil olmak \u00fczere s\u00fcrecin her ad\u0131m\u0131nda tecr\u00fcbemizle yan\u0131n\u0131zday\u0131z.<\/p>\n<\/div><\/div><\/div><div class=\"fusion-panel panel-default panel-865c875c46835e49a fusion-toggle-no-divider fusion-toggle-boxed-mode\" style=\"--awb-title-color:var(--awb-color4);\"><div class=\"panel-heading\"><h4 class=\"panel-title toggle\" id=\"toggle_865c875c46835e49a\"><a aria-expanded=\"false\" aria-controls=\"865c875c46835e49a\" role=\"button\" data-toggle=\"collapse\" data-parent=\"#accordion-3135-1\" data-target=\"#865c875c46835e49a\" href=\"#865c875c46835e49a\"><span class=\"fusion-toggle-icon-wrapper\" aria-hidden=\"true\"><i class=\"fa-fusion-box active-icon awb-icon-minus\" aria-hidden=\"true\"><\/i><i class=\"fa-fusion-box inactive-icon awb-icon-plus\" aria-hidden=\"true\"><\/i><\/span><span class=\"fusion-toggle-heading\">SmartEDU Ofisleri Nerede Bulunuyor?<\/span><\/a><\/h4><\/div><div id=\"865c875c46835e49a\" class=\"panel-collapse collapse \" aria-labelledby=\"toggle_865c875c46835e49a\"><div class=\"panel-body toggle-content fusion-clearfix\">\n<p class=\"p1\">Avustralya\u2019da <b>Sidney ve Melbourne<\/b> \u015fehir merkezlerindeki ofislerimiz ile \u00f6\u011frencilerimizin e\u011fitim s\u00fcre\u00e7lerinde her zaman fiziksel olarak yanlar\u0131nday\u0131z. T\u00fcrkiye\u2019de ise <b>\u0130stanbul ve Bursa<\/b> ofislerimizde y\u00fcz y\u00fcze dan\u0131\u015fmanl\u0131k sunarken; telefon ve video randevular\u0131m\u0131z ile T\u00fcrkiye\u2019nin her yerindeki adaylar\u0131m\u0131za kesintisiz hizmet sa\u011fl\u0131yoruz.<\/p>\n<\/div><\/div><\/div><div class=\"fusion-panel panel-default panel-250c43f0bf48d3aec fusion-toggle-no-divider fusion-toggle-boxed-mode\" style=\"--awb-title-color:var(--awb-color4);\"><div class=\"panel-heading\"><h4 class=\"panel-title toggle\" id=\"toggle_250c43f0bf48d3aec\"><a aria-expanded=\"false\" aria-controls=\"250c43f0bf48d3aec\" role=\"button\" data-toggle=\"collapse\" data-parent=\"#accordion-3135-1\" data-target=\"#250c43f0bf48d3aec\" href=\"#250c43f0bf48d3aec\"><span class=\"fusion-toggle-icon-wrapper\" aria-hidden=\"true\"><i class=\"fa-fusion-box active-icon awb-icon-minus\" aria-hidden=\"true\"><\/i><i class=\"fa-fusion-box inactive-icon awb-icon-plus\" aria-hidden=\"true\"><\/i><\/span><span class=\"fusion-toggle-heading\">SmartEDU ile Nas\u0131l \u0130leti\u015fime Ge\u00e7ebilirim?<\/span><\/a><\/h4><\/div><div id=\"250c43f0bf48d3aec\" class=\"panel-collapse collapse \" aria-labelledby=\"toggle_250c43f0bf48d3aec\"><div class=\"panel-body toggle-content fusion-clearfix\">\n<p class=\"p1\">Tecr\u00fcbeli dan\u0131\u015fmanlar\u0131m\u0131za bir telefon, bir e-posta ya da bir WhatsApp mesaj\u0131 kadar yak\u0131ns\u0131n\u0131z:<\/p>\n<ul class=\"ul1\">\n<li class=\"li1\"><b>Telefon:<\/b> 0850 242 42 42<\/li>\n<li class=\"li1\"><b>E-posta:<\/b> aday@smartedu.com.au<\/li>\n<li class=\"li1\"><b>\u00dccretsiz Randevu:<\/b> <a href=\"https:\/\/smartedu.com.au\/tr\/bilgi-istek-formu\/\">Bilgi \u0130stek Formu<\/a><\/li>\n<li class=\"li1\"><b>Sosyal Medya:<\/b> Bizi <a href=\"https:\/\/instagram.com\/smarteduavustralya\"><span class=\"s2\">Instagram<\/span><\/a>, <a href=\"https:\/\/www.facebook.com\/SmartEduAvustralya\"><span class=\"s2\">Facebook<\/span><\/a> ve <a href=\"https:\/\/www.youtube.com\/channel\/UC1SKNh_0IDR6_UmuC3J01QA\"><span class=\"s2\">YouTube<\/span><\/a> \u00fczerinden takip edebilir, g\u00fcncel \u00f6\u011frenci yorumlar\u0131m\u0131z\u0131 <a href=\"https:\/\/g.page\/r\/CVoPoy-EiU1BEBM\/review\"><span class=\"s2\">Google<\/span><\/a> \u00fczerinden inceleyebilirsiniz.<\/li>\n<\/ul>\n<\/div><\/div><\/div><\/div><\/div><div class=\"fusion-text fusion-text-2\"><p><b>Arad\u0131\u011f\u0131n\u0131z cevab\u0131 bulamad\u0131n\u0131z m\u0131?<\/b> \u0130leti\u015fim formunu doldurarak e\u011fitim dan\u0131\u015fmanlar\u0131m\u0131zla hemen \u00fccretsiz bir \u00f6n g\u00f6r\u00fc\u015fme planlay\u0131n ve t\u00fcm s\u00fcre\u00e7 hakk\u0131nda en g\u00fcncel ve do\u011fru bilgilere ula\u015f\u0131n. <a href=\"https:\/\/smartedu.com.au\/tr\/iletisim\">\u0130leti\u015fim Formuna Buradan Ula\u015fabilirsiniz.<\/a><\/p>\n<\/div><\/div><\/div><\/div><\/div>\n","protected":false},"excerpt":{"rendered":"","protected":false},"author":1,"featured_media":0,"parent":0,"menu_order":0,"comment_status":"closed","ping_status":"closed","template":"","meta":{"footnotes":""},"class_list":["post-3135","page","type-page","status-publish","hentry"],"_links":{"self":[{"href":"https:\/\/smartedu.com.au\/tr\/wp-json\/wp\/v2\/pages\/3135"}],"collection":[{"href":"https:\/\/smartedu.com.au\/tr\/wp-json\/wp\/v2\/pages"}],"about":[{"href":"https:\/\/smartedu.com.au\/tr\/wp-json\/wp\/v2\/types\/page"}],"author":[{"embeddable":true,"href":"https:\/\/smartedu.com.au\/tr\/wp-json\/wp\/v2\/users\/1"}],"replies":[{"embeddable":true,"href":"https:\/\/smartedu.com.au\/tr\/wp-json\/wp\/v2\/comments?post=3135"}],"version-history":[{"count":27,"href":"https:\/\/smartedu.com.au\/tr\/wp-json\/wp\/v2\/pages\/3135\/revisions"}],"predecessor-version":[{"id":4242,"href":"https:\/\/smartedu.com.au\/tr\/wp-json\/wp\/v2\/pages\/3135\/revisions\/4242"}],"wp:attachment":[{"href":"https:\/\/smartedu.com.au\/tr\/wp-json\/wp\/v2\/media?parent=3135"}],"curies":[{"name":"wp","href":"https:\/\/api.w.org\/{rel}","templated":true}]}}