{"id":2975,"date":"2024-09-09T13:52:32","date_gmt":"2024-09-09T13:52:32","guid":{"rendered":"https:\/\/octosee.com\/smartedu2\/?page_id=2975"},"modified":"2025-09-11T14:07:46","modified_gmt":"2025-09-11T11:07:46","slug":"ogrenci-rehberi","status":"publish","type":"page","link":"https:\/\/smartedu.com.au\/tr\/ogrenci-rehberi\/","title":{"rendered":"\u00d6\u011frenci Rehberi"},"content":{"rendered":"<div class=\"fusion-fullwidth fullwidth-box fusion-builder-row-1 fusion-flex-container has-pattern-background has-mask-background nonhundred-percent-fullwidth non-hundred-percent-height-scrolling\" style=\"--awb-border-radius-top-left:0px;--awb-border-radius-top-right:0px;--awb-border-radius-bottom-right:0px;--awb-border-radius-bottom-left:0px;--awb-flex-wrap:wrap;\" ><div class=\"fusion-builder-row fusion-row fusion-flex-align-items-flex-start fusion-flex-content-wrap\" style=\"max-width:1331.2px;margin-left: calc(-4% \/ 2 );margin-right: calc(-4% \/ 2 );\"><div class=\"fusion-layout-column fusion_builder_column fusion-builder-column-0 fusion_builder_column_1_1 1_1 fusion-flex-column\" style=\"--awb-bg-size:cover;--awb-width-large:100%;--awb-margin-top-large:0px;--awb-spacing-right-large:0%;--awb-margin-bottom-large:0px;--awb-spacing-left-large:0%;--awb-width-medium:100%;--awb-order-medium:0;--awb-spacing-right-medium:1.92%;--awb-spacing-left-medium:1.92%;--awb-width-small:100%;--awb-order-small:0;--awb-spacing-right-small:1.92%;--awb-spacing-left-small:1.92%;\"><div class=\"fusion-column-wrapper fusion-column-has-shadow fusion-flex-justify-content-flex-start fusion-content-layout-column\"><div class=\"awb-gallery-wrapper awb-gallery-wrapper-1 button-span-no\" style=\"--more-btn-alignment:center;\" data-limit=\"10\" data-page=\"1\"><div style=\"margin:-5px;--awb-bordersize:0px;--awb-caption-title-size:25px;--awb-caption-title-line-height:25px;--awb-caption-title-font-family:&quot;Poppins&quot;;--awb-caption-title-font-style:normal;--awb-caption-title-font-weight:700;--awb-caption-text-font-family:&quot;Poppins&quot;;--awb-caption-text-font-style:normal;--awb-caption-text-font-weight:400;--awb-columns-medium:50%;--awb-columns-small:100%;\" class=\"fusion-gallery fusion-gallery-container fusion-grid-4 fusion-columns-total-8 fusion-gallery-layout-grid fusion-gallery-1\"><div style=\"padding:5px;\" class=\"fusion-grid-column fusion-gallery-column fusion-gallery-column-4\"><div class=\"fusion-gallery-image awb-imageframe-style awb-imageframe-style-dany\"><a href=\"https:\/\/smartedu.com.au\/tr\/ogrenci-rehberi\/kultur-ve-doga\/\" rel=\"noreferrer\" data-rel=\"iLightbox[gallery_image_1]\" class=\"fusion-lightbox\" target=\"_self\"><img decoding=\"async\" src=\"https:\/\/smartedu.com.au\/tr\/wp-content\/uploads\/sites\/3\/2024\/09\/Culture-and-Nature.jpg\" data-orig-src=\"https:\/\/smartedu.com.au\/tr\/wp-content\/uploads\/sites\/3\/2024\/09\/Culture-and-Nature.jpg\" width=\"677\" height=\"693\" alt=\"Culture and Nature Australia\" title=\"Culture and Nature Australia\" aria-label=\"Culture and Nature Australia\" class=\"lazyload img-responsive wp-image-2979\" srcset=\"data:image\/svg+xml,%3Csvg%20xmlns%3D%27http%3A%2F%2Fwww.w3.org%2F2000%2Fsvg%27%20width%3D%27677%27%20height%3D%27693%27%20viewBox%3D%270%200%20677%20693%27%3E%3Crect%20width%3D%27677%27%20height%3D%27693%27%20fill-opacity%3D%220%22%2F%3E%3C%2Fsvg%3E\" data-srcset=\"https:\/\/smartedu.com.au\/tr\/wp-content\/uploads\/sites\/3\/2024\/09\/Culture-and-Nature-200x205.jpg 200w, https:\/\/smartedu.com.au\/tr\/wp-content\/uploads\/sites\/3\/2024\/09\/Culture-and-Nature-400x409.jpg 400w, https:\/\/smartedu.com.au\/tr\/wp-content\/uploads\/sites\/3\/2024\/09\/Culture-and-Nature-600x614.jpg 600w, https:\/\/smartedu.com.au\/tr\/wp-content\/uploads\/sites\/3\/2024\/09\/Culture-and-Nature.jpg 677w\" data-sizes=\"auto\" data-orig-sizes=\"(min-width: 2200px) 100vw, (min-width: 916px) 316px, (min-width: 824px) 422px, (min-width: 732px) 633px, (min-width: 640px) 732px, \" \/><div class=\"awb-imageframe-caption-container\"><div class=\"awb-imageframe-caption\"><h2 class=\"awb-imageframe-caption-title\">K\u00fclt\u00fcr ve Do\u011fa<\/h2><p class=\"awb-imageframe-caption-text\">Avustralya'n\u0131n Do\u011fas\u0131n\u0131 Ke\u015ffedin<\/p><\/div><\/div><\/a><\/div><\/div><div style=\"padding:5px;\" class=\"fusion-grid-column fusion-gallery-column fusion-gallery-column-4\"><div class=\"fusion-gallery-image awb-imageframe-style awb-imageframe-style-dany\"><a href=\"https:\/\/smartedu.com.au\/tr\/ogrenci-rehberi\/avustralya-is-imkanlari\/\" rel=\"noreferrer\" data-rel=\"iLightbox[gallery_image_1]\" class=\"fusion-lightbox\" target=\"_self\"><img decoding=\"async\" src=\"https:\/\/smartedu.com.au\/tr\/wp-content\/uploads\/sites\/3\/2024\/09\/work-permits-and-jobs.jpg\" data-orig-src=\"https:\/\/smartedu.com.au\/tr\/wp-content\/uploads\/sites\/3\/2024\/09\/work-permits-and-jobs.jpg\" width=\"677\" height=\"693\" alt=\"Work permits and jobs\" title=\"Work permits and jobs\" aria-label=\"Work permits and jobs\" class=\"lazyload img-responsive wp-image-2978\" srcset=\"data:image\/svg+xml,%3Csvg%20xmlns%3D%27http%3A%2F%2Fwww.w3.org%2F2000%2Fsvg%27%20width%3D%27677%27%20height%3D%27693%27%20viewBox%3D%270%200%20677%20693%27%3E%3Crect%20width%3D%27677%27%20height%3D%27693%27%20fill-opacity%3D%220%22%2F%3E%3C%2Fsvg%3E\" data-srcset=\"https:\/\/smartedu.com.au\/tr\/wp-content\/uploads\/sites\/3\/2024\/09\/work-permits-and-jobs-200x205.jpg 200w, https:\/\/smartedu.com.au\/tr\/wp-content\/uploads\/sites\/3\/2024\/09\/work-permits-and-jobs-400x409.jpg 400w, https:\/\/smartedu.com.au\/tr\/wp-content\/uploads\/sites\/3\/2024\/09\/work-permits-and-jobs-600x614.jpg 600w, https:\/\/smartedu.com.au\/tr\/wp-content\/uploads\/sites\/3\/2024\/09\/work-permits-and-jobs.jpg 677w\" data-sizes=\"auto\" data-orig-sizes=\"(min-width: 2200px) 100vw, (min-width: 916px) 316px, (min-width: 824px) 422px, (min-width: 732px) 633px, (min-width: 640px) 732px, \" \/><div class=\"awb-imageframe-caption-container\"><div class=\"awb-imageframe-caption\"><h2 class=\"awb-imageframe-caption-title\">\u00c7al\u0131\u015fma \u0130zinleri ve \u0130\u015fler<\/h2><p class=\"awb-imageframe-caption-text\">\u0130\u015e FIRSATLARI<\/p><\/div><\/div><\/a><\/div><\/div><div style=\"padding:5px;\" class=\"fusion-grid-column fusion-gallery-column fusion-gallery-column-4\"><div class=\"fusion-gallery-image awb-imageframe-style awb-imageframe-style-dany\"><a href=\"https:\/\/smartedu.com.au\/tr\/ogrenci-rehberi\/avustralyada-okul-hayati\/\" rel=\"noreferrer\" data-rel=\"iLightbox[gallery_image_1]\" class=\"fusion-lightbox\" target=\"_self\"><img decoding=\"async\" src=\"https:\/\/smartedu.com.au\/tr\/wp-content\/uploads\/sites\/3\/2024\/09\/School-Life.jpg\" data-orig-src=\"https:\/\/smartedu.com.au\/tr\/wp-content\/uploads\/sites\/3\/2024\/09\/School-Life.jpg\" width=\"677\" height=\"693\" alt=\"School Life\" title=\"School Life\" aria-label=\"School Life\" class=\"lazyload img-responsive wp-image-2980\" srcset=\"data:image\/svg+xml,%3Csvg%20xmlns%3D%27http%3A%2F%2Fwww.w3.org%2F2000%2Fsvg%27%20width%3D%27677%27%20height%3D%27693%27%20viewBox%3D%270%200%20677%20693%27%3E%3Crect%20width%3D%27677%27%20height%3D%27693%27%20fill-opacity%3D%220%22%2F%3E%3C%2Fsvg%3E\" data-srcset=\"https:\/\/smartedu.com.au\/tr\/wp-content\/uploads\/sites\/3\/2024\/09\/School-Life-200x205.jpg 200w, https:\/\/smartedu.com.au\/tr\/wp-content\/uploads\/sites\/3\/2024\/09\/School-Life-400x409.jpg 400w, https:\/\/smartedu.com.au\/tr\/wp-content\/uploads\/sites\/3\/2024\/09\/School-Life-600x614.jpg 600w, https:\/\/smartedu.com.au\/tr\/wp-content\/uploads\/sites\/3\/2024\/09\/School-Life.jpg 677w\" data-sizes=\"auto\" data-orig-sizes=\"(min-width: 2200px) 100vw, (min-width: 916px) 316px, (min-width: 824px) 422px, (min-width: 732px) 633px, (min-width: 640px) 732px, \" \/><div class=\"awb-imageframe-caption-container\"><div class=\"awb-imageframe-caption\"><h2 class=\"awb-imageframe-caption-title\">Okul Hayat\u0131<\/h2><p class=\"awb-imageframe-caption-text\">Avustralya'da Okul Ya\u015fam\u0131<\/p><\/div><\/div><\/a><\/div><\/div><div style=\"padding:5px;\" class=\"fusion-grid-column fusion-gallery-column fusion-gallery-column-4\"><div class=\"fusion-gallery-image awb-imageframe-style awb-imageframe-style-dany\"><a href=\"https:\/\/smartedu.com.au\/tr\/sik-sorulan-sorular\/avustralyada-yasam-ile-sorulan-sorular\/\" rel=\"noreferrer\" data-rel=\"iLightbox[gallery_image_1]\" class=\"fusion-lightbox\" target=\"_self\"><img decoding=\"async\" src=\"https:\/\/smartedu.com.au\/tr\/wp-content\/uploads\/sites\/3\/2024\/09\/Living-in-Australia.jpg\" data-orig-src=\"https:\/\/smartedu.com.au\/tr\/wp-content\/uploads\/sites\/3\/2024\/09\/Living-in-Australia.jpg\" width=\"677\" height=\"693\" alt=\"Living in Australia\" title=\"Living in Australia\" aria-label=\"Living in Australia\" class=\"lazyload img-responsive wp-image-2981\" srcset=\"data:image\/svg+xml,%3Csvg%20xmlns%3D%27http%3A%2F%2Fwww.w3.org%2F2000%2Fsvg%27%20width%3D%27677%27%20height%3D%27693%27%20viewBox%3D%270%200%20677%20693%27%3E%3Crect%20width%3D%27677%27%20height%3D%27693%27%20fill-opacity%3D%220%22%2F%3E%3C%2Fsvg%3E\" data-srcset=\"https:\/\/smartedu.com.au\/tr\/wp-content\/uploads\/sites\/3\/2024\/09\/Living-in-Australia-200x205.jpg 200w, https:\/\/smartedu.com.au\/tr\/wp-content\/uploads\/sites\/3\/2024\/09\/Living-in-Australia-400x409.jpg 400w, https:\/\/smartedu.com.au\/tr\/wp-content\/uploads\/sites\/3\/2024\/09\/Living-in-Australia-600x614.jpg 600w, https:\/\/smartedu.com.au\/tr\/wp-content\/uploads\/sites\/3\/2024\/09\/Living-in-Australia.jpg 677w\" data-sizes=\"auto\" data-orig-sizes=\"(min-width: 2200px) 100vw, (min-width: 916px) 316px, (min-width: 824px) 422px, (min-width: 732px) 633px, (min-width: 640px) 732px, \" \/><div class=\"awb-imageframe-caption-container\"><div class=\"awb-imageframe-caption\"><h2 class=\"awb-imageframe-caption-title\">Avustralya'da Ya\u015famak<\/h2><p class=\"awb-imageframe-caption-text\">Avustralya'da Ya\u015fam Hakk\u0131nda<\/p><\/div><\/div><\/a><\/div><\/div><div class=\"clearfix\"><\/div><div style=\"padding:5px;\" class=\"fusion-grid-column fusion-gallery-column fusion-gallery-column-4\"><div class=\"fusion-gallery-image awb-imageframe-style awb-imageframe-style-dany\"><a href=\"https:\/\/smartedu.com.au\/tr\/ogrenci-rehberi\/konaklama\/\" rel=\"noreferrer\" data-rel=\"iLightbox[gallery_image_1]\" class=\"fusion-lightbox\" target=\"_self\"><img decoding=\"async\" src=\"https:\/\/smartedu.com.au\/tr\/wp-content\/uploads\/sites\/3\/2024\/09\/accomodation_options.jpg\" data-orig-src=\"https:\/\/smartedu.com.au\/tr\/wp-content\/uploads\/sites\/3\/2024\/09\/accomodation_options.jpg\" width=\"677\" height=\"693\" alt=\"Accomodation Options Australia\" title=\"Accomodation Options Australia\" aria-label=\"Accomodation Options Australia\" class=\"lazyload img-responsive wp-image-2999\" srcset=\"data:image\/svg+xml,%3Csvg%20xmlns%3D%27http%3A%2F%2Fwww.w3.org%2F2000%2Fsvg%27%20width%3D%27677%27%20height%3D%27693%27%20viewBox%3D%270%200%20677%20693%27%3E%3Crect%20width%3D%27677%27%20height%3D%27693%27%20fill-opacity%3D%220%22%2F%3E%3C%2Fsvg%3E\" data-srcset=\"https:\/\/smartedu.com.au\/tr\/wp-content\/uploads\/sites\/3\/2024\/09\/accomodation_options-200x205.jpg 200w, https:\/\/smartedu.com.au\/tr\/wp-content\/uploads\/sites\/3\/2024\/09\/accomodation_options-400x409.jpg 400w, https:\/\/smartedu.com.au\/tr\/wp-content\/uploads\/sites\/3\/2024\/09\/accomodation_options-600x614.jpg 600w, https:\/\/smartedu.com.au\/tr\/wp-content\/uploads\/sites\/3\/2024\/09\/accomodation_options.jpg 677w\" data-sizes=\"auto\" data-orig-sizes=\"(min-width: 2200px) 100vw, (min-width: 916px) 316px, (min-width: 824px) 422px, (min-width: 732px) 633px, (min-width: 640px) 732px, \" \/><div class=\"awb-imageframe-caption-container\"><div class=\"awb-imageframe-caption\"><h2 class=\"awb-imageframe-caption-title\">Konaklama Se\u00e7enekleri<\/h2><p class=\"awb-imageframe-caption-text\">\u00d6\u011eRENCI\u0307 KONAKLAMA SE\u00c7ENEKLERI\u0307NI\u0307 KE\u015eFEDI\u0307N<\/p><\/div><\/div><\/a><\/div><\/div><div style=\"padding:5px;\" class=\"fusion-grid-column fusion-gallery-column fusion-gallery-column-4\"><div class=\"fusion-gallery-image awb-imageframe-style awb-imageframe-style-dany\"><a href=\"https:\/\/smartedu.com.au\/tr\/ogrenci-rehberi\/etkinlikler-ve-topluluklar\/\" rel=\"noreferrer\" data-rel=\"iLightbox[gallery_image_1]\" class=\"fusion-lightbox\" target=\"_self\"><img decoding=\"async\" src=\"https:\/\/smartedu.com.au\/tr\/wp-content\/uploads\/sites\/3\/2024\/09\/activities_and_communities.jpg\" data-orig-src=\"https:\/\/smartedu.com.au\/tr\/wp-content\/uploads\/sites\/3\/2024\/09\/activities_and_communities.jpg\" width=\"677\" height=\"693\" alt=\"Activities and Communities\" title=\"Activities and Communities\" aria-label=\"Activities and Communities\" class=\"lazyload img-responsive wp-image-3000\" srcset=\"data:image\/svg+xml,%3Csvg%20xmlns%3D%27http%3A%2F%2Fwww.w3.org%2F2000%2Fsvg%27%20width%3D%27677%27%20height%3D%27693%27%20viewBox%3D%270%200%20677%20693%27%3E%3Crect%20width%3D%27677%27%20height%3D%27693%27%20fill-opacity%3D%220%22%2F%3E%3C%2Fsvg%3E\" data-srcset=\"https:\/\/smartedu.com.au\/tr\/wp-content\/uploads\/sites\/3\/2024\/09\/activities_and_communities-200x205.jpg 200w, https:\/\/smartedu.com.au\/tr\/wp-content\/uploads\/sites\/3\/2024\/09\/activities_and_communities-400x409.jpg 400w, https:\/\/smartedu.com.au\/tr\/wp-content\/uploads\/sites\/3\/2024\/09\/activities_and_communities-600x614.jpg 600w, https:\/\/smartedu.com.au\/tr\/wp-content\/uploads\/sites\/3\/2024\/09\/activities_and_communities.jpg 677w\" data-sizes=\"auto\" data-orig-sizes=\"(min-width: 2200px) 100vw, (min-width: 916px) 316px, (min-width: 824px) 422px, (min-width: 732px) 633px, (min-width: 640px) 732px, \" \/><div class=\"awb-imageframe-caption-container\"><div class=\"awb-imageframe-caption\"><h2 class=\"awb-imageframe-caption-title\">ETK\u0130NL\u0130KLER & TOPLULUKLAR<\/h2><p class=\"awb-imageframe-caption-text\">TOPLULUKLARI KE\u015eFED\u0130N<\/p><\/div><\/div><\/a><\/div><\/div><div style=\"padding:5px;\" class=\"fusion-grid-column fusion-gallery-column fusion-gallery-column-4\"><div class=\"fusion-gallery-image awb-imageframe-style awb-imageframe-style-dany\"><a href=\"https:\/\/smartedu.com.au\/tr\/ogrenci-rehberi\/ruh-sagligi-destegi-ve-danismanligi\/\" rel=\"noreferrer\" data-rel=\"iLightbox[gallery_image_1]\" class=\"fusion-lightbox\" target=\"_self\"><img decoding=\"async\" src=\"https:\/\/smartedu.com.au\/tr\/wp-content\/uploads\/sites\/3\/2024\/09\/mental_health.jpg\" data-orig-src=\"https:\/\/smartedu.com.au\/tr\/wp-content\/uploads\/sites\/3\/2024\/09\/mental_health.jpg\" width=\"677\" height=\"693\" alt=\"Mental Health and Support\" title=\"Mental Health and Support\" aria-label=\"Mental Health and Support\" class=\"lazyload img-responsive wp-image-3001\" srcset=\"data:image\/svg+xml,%3Csvg%20xmlns%3D%27http%3A%2F%2Fwww.w3.org%2F2000%2Fsvg%27%20width%3D%27677%27%20height%3D%27693%27%20viewBox%3D%270%200%20677%20693%27%3E%3Crect%20width%3D%27677%27%20height%3D%27693%27%20fill-opacity%3D%220%22%2F%3E%3C%2Fsvg%3E\" data-srcset=\"https:\/\/smartedu.com.au\/tr\/wp-content\/uploads\/sites\/3\/2024\/09\/mental_health-200x205.jpg 200w, https:\/\/smartedu.com.au\/tr\/wp-content\/uploads\/sites\/3\/2024\/09\/mental_health-400x409.jpg 400w, https:\/\/smartedu.com.au\/tr\/wp-content\/uploads\/sites\/3\/2024\/09\/mental_health-600x614.jpg 600w, https:\/\/smartedu.com.au\/tr\/wp-content\/uploads\/sites\/3\/2024\/09\/mental_health.jpg 677w\" data-sizes=\"auto\" data-orig-sizes=\"(min-width: 2200px) 100vw, (min-width: 916px) 316px, (min-width: 824px) 422px, (min-width: 732px) 633px, (min-width: 640px) 732px, \" \/><div class=\"awb-imageframe-caption-container\"><div class=\"awb-imageframe-caption\"><h2 class=\"awb-imageframe-caption-title\">RUH SA\u011eLI\u011eI DESTE\u011eI<\/h2><p class=\"awb-imageframe-caption-text\">YALNIZ DE\u011e\u0130LS\u0130N!<\/p><\/div><\/div><\/a><\/div><\/div><div style=\"padding:5px;\" class=\"fusion-grid-column fusion-gallery-column fusion-gallery-column-4\"><div class=\"fusion-gallery-image awb-imageframe-style awb-imageframe-style-dany\"><a href=\"https:\/\/smartedu.com.au\/tr\/sik-sorulan-sorular\/\" rel=\"noreferrer\" data-rel=\"iLightbox[gallery_image_1]\" class=\"fusion-lightbox\" target=\"_self\"><img decoding=\"async\" src=\"https:\/\/smartedu.com.au\/tr\/wp-content\/uploads\/sites\/3\/2024\/09\/frequently_asked_questions.jpg\" data-orig-src=\"https:\/\/smartedu.com.au\/tr\/wp-content\/uploads\/sites\/3\/2024\/09\/frequently_asked_questions.jpg\" width=\"677\" height=\"693\" alt=\"Frequently Asked Questions\" title=\"Frequently Asked Questions\" aria-label=\"Frequently Asked Questions\" class=\"lazyload img-responsive wp-image-3002\" srcset=\"data:image\/svg+xml,%3Csvg%20xmlns%3D%27http%3A%2F%2Fwww.w3.org%2F2000%2Fsvg%27%20width%3D%27677%27%20height%3D%27693%27%20viewBox%3D%270%200%20677%20693%27%3E%3Crect%20width%3D%27677%27%20height%3D%27693%27%20fill-opacity%3D%220%22%2F%3E%3C%2Fsvg%3E\" data-srcset=\"https:\/\/smartedu.com.au\/tr\/wp-content\/uploads\/sites\/3\/2024\/09\/frequently_asked_questions-200x205.jpg 200w, https:\/\/smartedu.com.au\/tr\/wp-content\/uploads\/sites\/3\/2024\/09\/frequently_asked_questions-400x409.jpg 400w, https:\/\/smartedu.com.au\/tr\/wp-content\/uploads\/sites\/3\/2024\/09\/frequently_asked_questions-600x614.jpg 600w, https:\/\/smartedu.com.au\/tr\/wp-content\/uploads\/sites\/3\/2024\/09\/frequently_asked_questions.jpg 677w\" data-sizes=\"auto\" data-orig-sizes=\"(min-width: 2200px) 100vw, (min-width: 916px) 316px, (min-width: 824px) 422px, (min-width: 732px) 633px, (min-width: 640px) 732px, \" \/><div class=\"awb-imageframe-caption-container\"><div class=\"awb-imageframe-caption\"><h2 class=\"awb-imageframe-caption-title\">S\u0131k\u00e7a Sorulan Sorular<\/h2><p class=\"awb-imageframe-caption-text\">SORULARINIZA YANIT BULUN<\/p><\/div><\/div><\/a><\/div><\/div><div class=\"clearfix\"><\/div><\/div><\/div><\/div><\/div><\/div><\/div>\n","protected":false},"excerpt":{"rendered":"","protected":false},"author":1,"featured_media":0,"parent":0,"menu_order":0,"comment_status":"closed","ping_status":"closed","template":"","meta":{"footnotes":""},"class_list":["post-2975","page","type-page","status-publish","hentry"],"_links":{"self":[{"href":"https:\/\/smartedu.com.au\/tr\/wp-json\/wp\/v2\/pages\/2975"}],"collection":[{"href":"https:\/\/smartedu.com.au\/tr\/wp-json\/wp\/v2\/pages"}],"about":[{"href":"https:\/\/smartedu.com.au\/tr\/wp-json\/wp\/v2\/types\/page"}],"author":[{"embeddable":true,"href":"https:\/\/smartedu.com.au\/tr\/wp-json\/wp\/v2\/users\/1"}],"replies":[{"embeddable":true,"href":"https:\/\/smartedu.com.au\/tr\/wp-json\/wp\/v2\/comments?post=2975"}],"version-history":[{"count":16,"href":"https:\/\/smartedu.com.au\/tr\/wp-json\/wp\/v2\/pages\/2975\/revisions"}],"predecessor-version":[{"id":3905,"href":"https:\/\/smartedu.com.au\/tr\/wp-json\/wp\/v2\/pages\/2975\/revisions\/3905"}],"wp:attachment":[{"href":"https:\/\/smartedu.com.au\/tr\/wp-json\/wp\/v2\/media?parent=2975"}],"curies":[{"name":"wp","href":"https:\/\/api.w.org\/{rel}","templated":true}]}}