{"id":2880,"date":"2024-09-07T15:33:00","date_gmt":"2024-09-07T15:33:00","guid":{"rendered":"https:\/\/octosee.com\/smartedu2\/?page_id=2880"},"modified":"2025-11-03T17:34:37","modified_gmt":"2025-11-03T14:34:37","slug":"avustralya-universite-egitimi","status":"publish","type":"page","link":"https:\/\/smartedu.com.au\/tr\/avustralya-universite-egitimi\/","title":{"rendered":"Avustralya \u00dcniversite E\u011fitimi"},"content":{"rendered":"<p><div class=\"fusion-fullwidth fullwidth-box fusion-builder-row-1 fusion-flex-container has-pattern-background has-mask-background nonhundred-percent-fullwidth non-hundred-percent-height-scrolling\" style=\"--link_color: #ffffff;--awb-border-radius-top-left:0px;--awb-border-radius-top-right:0px;--awb-border-radius-bottom-right:0px;--awb-border-radius-bottom-left:0px;--awb-flex-wrap:wrap;\" ><div class=\"fusion-builder-row fusion-row fusion-flex-align-items-flex-start fusion-flex-content-wrap\" style=\"max-width:1331.2px;margin-left: calc(-4% \/ 2 );margin-right: calc(-4% \/ 2 );\"><div class=\"fusion-layout-column fusion_builder_column fusion-builder-column-0 fusion_builder_column_1_2 1_2 fusion-flex-column\" style=\"--awb-overflow:scroll;--awb-bg-color:var(--awb-color4);--awb-bg-color-hover:var(--awb-color4);--awb-bg-size:cover;--awb-width-large:50%;--awb-margin-top-large:10px;--awb-spacing-right-large:3.84%;--awb-margin-bottom-large:10px;--awb-spacing-left-large:3.84%;--awb-width-medium:100%;--awb-order-medium:0;--awb-spacing-right-medium:1.92%;--awb-spacing-left-medium:1.92%;--awb-width-small:100%;--awb-order-small:0;--awb-spacing-right-small:1.92%;--awb-spacing-left-small:1.92%;\"><div class=\"fusion-column-wrapper fusion-column-has-shadow fusion-flex-justify-content-flex-start fusion-content-layout-column\"><div class=\"fusion-title title fusion-title-1 fusion-sep-none fusion-title-text fusion-title-size-one\"><h1 class=\"fusion-title-heading title-heading-left fusion-responsive-typography-calculated\" style=\"margin:0;text-transform:capitalize;--fontSize:50;line-height:var(--awb-typography1-line-height);\"><\/h1><\/div><div class=\"fusion-text fusion-text-1 fusion-text-no-margin\"><p style=\"font-size: 20px; padding-left: 40px;\"><strong><span style=\"color: #ffffff;\">Bu yaz\u0131da bulabilecekleriniz:<\/span><\/strong><\/p>\n<\/div><div class=\"awb-toc-el awb-toc-el--1 fusion-animated\" data-awb-toc-id=\"1\" data-awb-toc-options=\"{&quot;allowed_heading_tags&quot;:{&quot;h1&quot;:0,&quot;h2&quot;:1,&quot;h3&quot;:2,&quot;h4&quot;:3},&quot;ignore_headings&quot;:&quot;&quot;,&quot;ignore_headings_words&quot;:&quot;&quot;,&quot;enable_cache&quot;:&quot;yes&quot;,&quot;highlight_current_heading&quot;:&quot;yes&quot;,&quot;hide_hidden_titles&quot;:&quot;yes&quot;,&quot;limit_container&quot;:&quot;page_content&quot;,&quot;select_custom_headings&quot;:&quot;&quot;,&quot;icon&quot;:&quot;fa-flag fas&quot;,&quot;counter_type&quot;:&quot;none&quot;}\" data-animationType=\"fadeInLeft\" data-animationDuration=\"0.3\" data-animationOffset=\"top-into-view\"><div class=\"awb-toc-el__content\"><ul class=\"awb-toc-el__list awb-toc-el__list--0\"><li class=\"awb-toc-el__list-item\"><ul class=\"awb-toc-el__list awb-toc-el__list--1\"><li class=\"awb-toc-el__list-item\"><a class=\"awb-toc-el__item-anchor\" href=\"#toc_Avustralyada_Universiteler_ve_LisansYuksek_Lisans_Egitimi\"><span>Avustralya\u2019da \u00dcniversiteler ve Lisans\/Y\u00fcksek Lisans E\u011fitimi<\/span><\/a><\/li><li class=\"awb-toc-el__list-item\"><a class=\"awb-toc-el__item-anchor\" href=\"#toc_Avustralyadaki_Universitelerin_Dunya_Konumu_ve_QS_World_University\"><span>Avustralya\u2019daki \u00dcniversitelerin D\u00fcnya Konumu ve QS World University Rankings<\/span><\/a><ul class=\"awb-toc-el__list awb-toc-el__list--2\"><li class=\"awb-toc-el__list-item\"><a class=\"awb-toc-el__item-anchor\" href=\"#toc_Ogrencilere_Sagladg_Katma_Degerler\"><span>\u00d6\u011frencilere Sa\u011flad\u0131\u011f\u0131 Katma De\u011ferler<\/span><\/a><\/li><\/ul><\/li><\/ul><\/li><\/ul><\/div><\/div><\/div><\/div><div class=\"fusion-layout-column fusion_builder_column fusion-builder-column-1 fusion_builder_column_1_2 1_2 fusion-flex-column\" style=\"--awb-bg-size:cover;--awb-width-large:50%;--awb-margin-top-large:10px;--awb-spacing-right-large:3.84%;--awb-margin-bottom-large:10px;--awb-spacing-left-large:3.84%;--awb-width-medium:100%;--awb-order-medium:0;--awb-spacing-right-medium:1.92%;--awb-spacing-left-medium:1.92%;--awb-width-small:100%;--awb-order-small:0;--awb-spacing-right-small:1.92%;--awb-spacing-left-small:1.92%;\"><div class=\"fusion-column-wrapper fusion-column-has-shadow fusion-flex-justify-content-flex-start fusion-content-layout-column\"><a class=\"fusion-modal-text-link\" href=\"#\"><iframe class=\"lazyload\" title=\"YouTube video player\" src=\"data:image\/svg+xml,%3Csvg%20xmlns%3D%27http%3A%2F%2Fwww.w3.org%2F2000%2Fsvg%27%20width%3D%27512%27%20height%3D%27315%27%20viewBox%3D%270%200%20512%20315%27%3E%3Crect%20width%3D%27512%27%20height%3D%27315%27%20fill-opacity%3D%220%22%2F%3E%3C%2Fsvg%3E\" data-orig-src=\"https:\/\/www.youtube.com\/embed\/98vUidLYj3s?si=1f-FqS93o9FboH-E\" width=\"512\" height=\"315\" frameborder=\"0\" allowfullscreen=\"allowfullscreen\"><\/iframe><\/a><div class=\"fusion-text fusion-text-2\"><\/div><\/div><\/div><\/div><\/div><div class=\"fusion-fullwidth fullwidth-box fusion-builder-row-2 fusion-flex-container nonhundred-percent-fullwidth non-hundred-percent-height-scrolling\" style=\"--awb-border-radius-top-left:0px;--awb-border-radius-top-right:0px;--awb-border-radius-bottom-right:0px;--awb-border-radius-bottom-left:0px;--awb-flex-wrap:wrap;\" ><div class=\"fusion-builder-row fusion-row fusion-flex-align-items-flex-start fusion-flex-content-wrap\" style=\"max-width:1331.2px;margin-left: calc(-4% \/ 2 );margin-right: calc(-4% \/ 2 );\"><div class=\"fusion-layout-column fusion_builder_column fusion-builder-column-2 fusion_builder_column_1_1 1_1 fusion-flex-column\" style=\"--awb-bg-blend:overlay;--awb-bg-size:cover;--awb-width-large:100%;--awb-margin-top-large:0px;--awb-spacing-right-large:1.92%;--awb-margin-bottom-large:0px;--awb-spacing-left-large:1.92%;--awb-width-medium:100%;--awb-spacing-right-medium:1.92%;--awb-spacing-left-medium:1.92%;--awb-width-small:100%;--awb-spacing-right-small:1.92%;--awb-spacing-left-small:1.92%;\"><div class=\"fusion-column-wrapper fusion-flex-justify-content-flex-start fusion-content-layout-column\"><div class=\"fusion-text fusion-text-3\"><h2><strong>Avustralya&#8217;da \u00dcniversiteler ve Lisans\/Y\u00fcksek Lisans E\u011fitimi<\/strong><\/h2>\n<p>Avustralya, d\u00fcnya genelinde y\u00fcksek kaliteli e\u011fitim standartlar\u0131 ile tan\u0131nan bir e\u011fitim destinasyonudur. \u00dclkede bulunan \u00fcniversiteler, uluslararas\u0131 \u00f6\u011frencilere geni\u015f bir lisans ve y\u00fcksek lisans program\u0131 yelpazesi sunar. Avustralya&#8217;da e\u011fitim alman\u0131n avantajlar\u0131, d\u00fcnya \u00e7ap\u0131ndaki \u00fcniversitelerin y\u00fcksek s\u0131ralamalar\u0131 ve \u00f6\u011frencilere sa\u011flad\u0131\u011f\u0131 benzersiz f\u0131rsatlar ile belirginle\u015fir.<\/p>\n<h2><strong>Avustralya&#8217;daki \u00dcniversitelerin D\u00fcnya Konumu ve QS World University Rankings<\/strong><\/h2>\n<p>QS World University Rankings (QS D\u00fcnya \u00dcniversite S\u0131ralamas\u0131), d\u00fcnyan\u0131n \u00f6nde gelen \u00fcniversite s\u0131ralama sistemlerinden biridir. QS Quacquarelli Symonds taraf\u0131ndan her y\u0131l yay\u0131mlanan bu s\u0131ralama, d\u00fcnya genelindeki \u00fcniversiteleri \u00e7e\u015fitli kriterlere g\u00f6re de\u011ferlendirerek s\u0131ralar. QS World University Rankings, akademik itibar, i\u015fveren itibar\u0131, \u00f6\u011fretim \u00fcyesi-\u00f6\u011frenci oran\u0131, al\u0131nt\u0131 ba\u015f\u0131na d\u00fc\u015fen yay\u0131n say\u0131s\u0131 gibi fakt\u00f6rlere dayanarak \u00fcniversiteleri de\u011ferlendirir ve s\u0131ralar. Bu s\u0131ralama, \u00f6\u011frenciler ve akademik \u00e7evreler taraf\u0131ndan \u00fcniversiteler hakk\u0131nda bilgi edinmek ve karar vermek i\u00e7in \u00f6nemli bir referans olarak kullan\u0131l\u0131r.<\/p>\n<p>Avustralya&#8217;daki \u00fcniversiteler, d\u00fcnya genelinde prestijli s\u0131ralamalarda \u00fcst s\u0131ralarda yer al\u0131r. QS World University Rankings gibi \u00f6nemli s\u0131ralama kurulu\u015flar\u0131na g\u00f6re, Avustralya&#8217;dan bir\u00e7ok \u00fcniversite d\u00fcnya genelinde ilk 100 i\u00e7inde yer al\u0131r. \u00d6rne\u011fin:<\/p>\n<ul>\n<li><strong>Melbourne \u00dcniversitesi (University of Melbourne)<\/strong>: QS World University Rankings&#8217;e g\u00f6re d\u00fcnya genelinde ilk 50 i\u00e7inde yer al\u0131r.<\/li>\n<li><strong>Sydney \u00dcniversitesi (University of Sydney)<\/strong>:<\/li>\n<li><strong>UTS, UNSW ve daha niceleri<\/strong>..<\/li>\n<\/ul>\n<p>Bu \u00fcniversiteler, akademik m\u00fckemmellikleri, yenilik\u00e7i ara\u015ft\u0131rma projeleri ve uluslararas\u0131 i\u015fbirlikleri ile tan\u0131n\u0131r. Avustralya&#8217;daki \u00fcniversiteler, geni\u015f bir lisans ve y\u00fcksek lisans program\u0131 se\u00e7ene\u011fi sunar. \u00d6\u011frenciler, m\u00fchendislik, sa\u011fl\u0131k bilimleri, i\u015fletme y\u00f6netimi, sanat ve tasar\u0131m gibi \u00e7e\u015fitli alanlarda e\u011fitim alabilirler. Programlar, g\u00fcncel end\u00fcstri ihtiya\u00e7lar\u0131na uygun olarak tasarlanm\u0131\u015ft\u0131r ve \u00f6\u011frencilere hem teorik bilgi hem de pratik deneyim kazand\u0131r\u0131r.<\/p>\n<h3><strong>\u00d6\u011frencilere Sa\u011flad\u0131\u011f\u0131 Katma De\u011ferler<\/strong><\/h3>\n<p>Avustralya&#8217;da e\u011fitim alman\u0131n sundu\u011fu katma de\u011ferler aras\u0131nda \u015funlar bulunur:<\/p>\n<ul>\n<li><strong>K\u00fcresel Perspektif:<\/strong> Uluslararas\u0131 bir \u00f6\u011frenci toplulu\u011fu i\u00e7inde e\u011fitim alma f\u0131rsat\u0131.<\/li>\n<li><strong>Yenilik\u00e7i Ara\u015ft\u0131rmalar:<\/strong> \u0130novasyon ve ara\u015ft\u0131rma projelerine kat\u0131lma \u015fans\u0131.<\/li>\n<li><strong>\u0130\u015fbirli\u011fi ve A\u011f Olanaklar\u0131:<\/strong> End\u00fcstri liderleri ve profesyonellerle ba\u011flant\u0131 kurma imkan\u0131.<\/li>\n<li><strong>Kariyer Geli\u015fimi:<\/strong> Staj ve i\u015fyeri deneyimi programlar\u0131 ile kariyerlerini ileriye ta\u015f\u0131ma f\u0131rsat\u0131.<\/li>\n<\/ul>\n<p>SmartEDU Avustralya\u2019da ki tum okullarla anlasmalidir. Avustralya&#8217;daki \u00fcniversiteler hakk\u0131nda daha fazla bilgi edinmek ve ba\u015fvuru s\u00fcrecine ad\u0131m atmak i\u00e7in SmartEdu E\u011fitim Acentas\u0131 olarak size yard\u0131mc\u0131 olabiliriz. Size en uygun program\u0131 se\u00e7menize ve e\u011fitim hayat\u0131n\u0131z\u0131 planlaman\u0131za yard\u0131mc\u0131 olmak i\u00e7in buraday\u0131z.<\/p>\n<\/div><\/div><\/div><\/div><\/div><\/p>\n","protected":false},"excerpt":{"rendered":"","protected":false},"author":1,"featured_media":0,"parent":0,"menu_order":2,"comment_status":"closed","ping_status":"closed","template":"","meta":{"footnotes":""},"class_list":["post-2880","page","type-page","status-publish","hentry"],"_links":{"self":[{"href":"https:\/\/smartedu.com.au\/tr\/wp-json\/wp\/v2\/pages\/2880"}],"collection":[{"href":"https:\/\/smartedu.com.au\/tr\/wp-json\/wp\/v2\/pages"}],"about":[{"href":"https:\/\/smartedu.com.au\/tr\/wp-json\/wp\/v2\/types\/page"}],"author":[{"embeddable":true,"href":"https:\/\/smartedu.com.au\/tr\/wp-json\/wp\/v2\/users\/1"}],"replies":[{"embeddable":true,"href":"https:\/\/smartedu.com.au\/tr\/wp-json\/wp\/v2\/comments?post=2880"}],"version-history":[{"count":6,"href":"https:\/\/smartedu.com.au\/tr\/wp-json\/wp\/v2\/pages\/2880\/revisions"}],"predecessor-version":[{"id":3975,"href":"https:\/\/smartedu.com.au\/tr\/wp-json\/wp\/v2\/pages\/2880\/revisions\/3975"}],"wp:attachment":[{"href":"https:\/\/smartedu.com.au\/tr\/wp-json\/wp\/v2\/media?parent=2880"}],"curies":[{"name":"wp","href":"https:\/\/api.w.org\/{rel}","templated":true}]}}