{"id":2834,"date":"2024-09-07T10:33:49","date_gmt":"2024-09-07T10:33:49","guid":{"rendered":"https:\/\/octosee.com\/smartedu2\/?page_id=2834"},"modified":"2025-12-19T09:38:55","modified_gmt":"2025-12-19T06:38:55","slug":"avustralya-dil-egitimi","status":"publish","type":"page","link":"https:\/\/smartedu.com.au\/tr\/avustralya-dil-egitimi\/","title":{"rendered":"Avustralya Dil E\u011fitimi"},"content":{"rendered":"<p><div class=\"fusion-fullwidth fullwidth-box fusion-builder-row-1 fusion-flex-container has-pattern-background has-mask-background nonhundred-percent-fullwidth non-hundred-percent-height-scrolling\" style=\"--link_color: #ffffff;--awb-border-radius-top-left:0px;--awb-border-radius-top-right:0px;--awb-border-radius-bottom-right:0px;--awb-border-radius-bottom-left:0px;--awb-padding-right-small:0px;--awb-padding-left-small:0px;--awb-margin-top-small:0px;--awb-margin-bottom-small:17px;--awb-flex-wrap:wrap;\" ><div class=\"fusion-builder-row fusion-row fusion-flex-align-items-flex-start fusion-flex-justify-content-center fusion-flex-content-wrap\" style=\"max-width:1331.2px;margin-left: calc(-4% \/ 2 );margin-right: calc(-4% \/ 2 );\"><div class=\"fusion-layout-column fusion_builder_column fusion-builder-column-0 fusion_builder_column_1_2 1_2 fusion-flex-column\" style=\"--awb-overflow:scroll;--awb-bg-color:var(--awb-color4);--awb-bg-color-hover:var(--awb-color4);--awb-bg-size:cover;--awb-width-large:50%;--awb-margin-top-large:10px;--awb-spacing-right-large:3.84%;--awb-margin-bottom-large:10px;--awb-spacing-left-large:3.84%;--awb-width-medium:100%;--awb-order-medium:0;--awb-spacing-right-medium:1.92%;--awb-spacing-left-medium:1.92%;--awb-width-small:100%;--awb-order-small:0;--awb-spacing-right-small:1.92%;--awb-spacing-left-small:1.92%;\"><div class=\"fusion-column-wrapper fusion-column-has-shadow fusion-flex-justify-content-flex-start fusion-content-layout-column\"><div class=\"fusion-title title fusion-title-1 fusion-sep-none fusion-title-text fusion-title-size-one\"><h1 class=\"fusion-title-heading title-heading-left fusion-responsive-typography-calculated\" style=\"margin:0;text-transform:capitalize;--fontSize:50;line-height:var(--awb-typography1-line-height);\"><\/h1><\/div><div class=\"fusion-text fusion-text-1 fusion-text-no-margin\"><p style=\"font-size: 20px; padding-left: 40px;\"><strong><span style=\"color: #ffffff;\">Bu yaz\u0131da bulabilecekleriniz:<\/span><\/strong><\/p>\n<\/div><div class=\"awb-toc-el awb-toc-el--1 fusion-animated\" data-awb-toc-id=\"1\" data-awb-toc-options=\"{&quot;allowed_heading_tags&quot;:{&quot;h1&quot;:0,&quot;h2&quot;:1,&quot;h3&quot;:2,&quot;h4&quot;:3},&quot;ignore_headings&quot;:&quot;&quot;,&quot;ignore_headings_words&quot;:&quot;&quot;,&quot;enable_cache&quot;:&quot;yes&quot;,&quot;highlight_current_heading&quot;:&quot;yes&quot;,&quot;hide_hidden_titles&quot;:&quot;yes&quot;,&quot;limit_container&quot;:&quot;page_content&quot;,&quot;select_custom_headings&quot;:&quot;&quot;,&quot;icon&quot;:&quot;fa-flag fas&quot;,&quot;counter_type&quot;:&quot;none&quot;}\" data-animationType=\"fadeInLeft\" data-animationDuration=\"0.3\" data-animationOffset=\"top-into-view\"><div class=\"awb-toc-el__content\"><ul class=\"awb-toc-el__list awb-toc-el__list--0\"><li class=\"awb-toc-el__list-item\"><ul class=\"awb-toc-el__list awb-toc-el__list--1\"><li class=\"awb-toc-el__list-item\"><ul class=\"awb-toc-el__list awb-toc-el__list--2\"><li class=\"awb-toc-el__list-item\"><a class=\"awb-toc-el__item-anchor\" href=\"#toc_Avustralyada_Dil_Egitimi\">Avustralya\u2019da Dil E\u011fitimi<\/a><\/li><li class=\"awb-toc-el__list-item\"><a class=\"awb-toc-el__item-anchor\" href=\"#toc_Neden_Avustralyada_Dil_Egitimi_Almalsnz\">Neden Avustralya\u2019da Dil E\u011fitimi Almal\u0131s\u0131n\u0131z?<\/a><ul class=\"awb-toc-el__list awb-toc-el__list--3\"><li class=\"awb-toc-el__list-item\"><a class=\"awb-toc-el__item-anchor\" href=\"#toc_1_Yuksek_Kaliteli_Egitim\"><span>1. Y\u00fcksek Kaliteli E\u011fitim<\/span><\/a><\/li><li class=\"awb-toc-el__list-item\"><a class=\"awb-toc-el__item-anchor\" href=\"#toc_2_Cesitli_Program_Secenekleri\"><span>2. \u00c7e\u015fitli Program Se\u00e7enekleri<\/span><\/a><\/li><li class=\"awb-toc-el__list-item\"><a class=\"awb-toc-el__item-anchor\" href=\"#toc_3_Kulturel_Zenginlik\">3. <span>K\u00fclt\u00fcrel Zenginlik<\/span><\/a><\/li><li class=\"awb-toc-el__list-item\"><a class=\"awb-toc-el__item-anchor\" href=\"#toc_4_Gelecege_Yonelik_Yatrm\">4. <span>Gelece\u011fe Y\u00f6nelik Yat\u0131r\u0131m<\/span><\/a><\/li><li class=\"awb-toc-el__list-item\"><a class=\"awb-toc-el__item-anchor\" href=\"#toc_5_Yasam_Deneyimi\">5. <span>Ya\u015fam Deneyimi<\/span><\/a><\/li><\/ul><\/li><\/ul><\/li><li class=\"awb-toc-el__list-item\"><a class=\"awb-toc-el__item-anchor\" href=\"#toc_Avustralya_Dil_Egitimi_Dil_Okulu_Rehberi\">Avustralya Dil E\u011fitimi \u2013 Dil Okulu Rehberi<\/a><ul class=\"awb-toc-el__list awb-toc-el__list--2\"><li class=\"awb-toc-el__list-item\"><a class=\"awb-toc-el__item-anchor\" href=\"#toc_On_gorusme_icin_Bilgi_Istek_Formunu_doldurabilirsiniz\">\u00d6n g\u00f6r\u00fc\u015fme i\u00e7in <span>\u201cBilgi \u0130stek Formunu\u201d<\/span> doldurabilirsiniz.<\/a><\/li><\/ul><\/li><\/ul><\/li><\/ul><\/div><\/div><\/div><\/div><div class=\"fusion-layout-column fusion_builder_column fusion-builder-column-1 fusion_builder_column_1_2 1_2 fusion-flex-column\" style=\"--awb-bg-size:cover;--awb-width-large:50%;--awb-margin-top-large:10px;--awb-spacing-right-large:3.84%;--awb-margin-bottom-large:10px;--awb-spacing-left-large:3.84%;--awb-width-medium:100%;--awb-order-medium:0;--awb-spacing-right-medium:1.92%;--awb-spacing-left-medium:1.92%;--awb-width-small:100%;--awb-order-small:0;--awb-spacing-right-small:1.92%;--awb-spacing-left-small:1.92%;\"><div class=\"fusion-column-wrapper fusion-column-has-shadow fusion-flex-justify-content-flex-start fusion-content-layout-column\"><a class=\"fusion-modal-text-link\" href=\"#\"><iframe class=\"lazyload\" title=\"YouTube video player\" src=\"data:image\/svg+xml,%3Csvg%20xmlns%3D%27http%3A%2F%2Fwww.w3.org%2F2000%2Fsvg%27%20width%3D%27512%27%20height%3D%27315%27%20viewBox%3D%270%200%20512%20315%27%3E%3Crect%20width%3D%27512%27%20height%3D%27315%27%20fill-opacity%3D%220%22%2F%3E%3C%2Fsvg%3E\" data-orig-src=\"https:\/\/www.youtube.com\/embed\/7MTpn07qscw?si=TN5QdHG6KiDyffsS\" width=\"512\" height=\"315\" frameborder=\"0\" allowfullscreen=\"allowfullscreen\"><\/iframe><\/a><div class=\"fusion-text fusion-text-2\"><\/div><\/div><\/div><\/div><\/div><div class=\"fusion-fullwidth fullwidth-box fusion-builder-row-2 fusion-flex-container nonhundred-percent-fullwidth non-hundred-percent-height-scrolling\" style=\"--awb-border-radius-top-left:0px;--awb-border-radius-top-right:0px;--awb-border-radius-bottom-right:0px;--awb-border-radius-bottom-left:0px;--awb-flex-wrap:wrap;\" ><div class=\"fusion-builder-row fusion-row fusion-flex-align-items-flex-start fusion-flex-content-wrap\" style=\"max-width:1331.2px;margin-left: calc(-4% \/ 2 );margin-right: calc(-4% \/ 2 );\"><div class=\"fusion-layout-column fusion_builder_column fusion-builder-column-2 fusion_builder_column_1_1 1_1 fusion-flex-column\" style=\"--awb-bg-blend:overlay;--awb-bg-size:cover;--awb-width-large:100%;--awb-margin-top-large:0px;--awb-spacing-right-large:1.92%;--awb-margin-bottom-large:0px;--awb-spacing-left-large:1.92%;--awb-width-medium:100%;--awb-spacing-right-medium:1.92%;--awb-spacing-left-medium:1.92%;--awb-width-small:100%;--awb-spacing-right-small:1.92%;--awb-spacing-left-small:1.92%;\"><div class=\"fusion-column-wrapper fusion-flex-justify-content-flex-start fusion-content-layout-column\"><div class=\"fusion-text fusion-text-3\"><h3 class=\"fusion-responsive-typography-calculated\" style=\"--fontsize: 24; line-height: 1.15;\" data-fontsize=\"24\" data-lineheight=\"27.6px\">Avustralya&#8217;da Dil E\u011fitimi<\/h3>\n<p>Avustralya, uluslararas\u0131 \u00f6\u011frencilere y\u00fcksek kalitede dil e\u011fitimi imkanlar\u0131 sunan \u00f6nemli bir destinasyondur. \u0130ngilizce dil becerilerini geli\u015ftirmek veya akademik ama\u00e7lar i\u00e7in dil e\u011fitimi almak isteyen \u00f6\u011frenciler i\u00e7in \u00e7e\u015fitli se\u00e7enekler bulunmaktad\u0131r.<\/p>\n<h3 class=\"fusion-responsive-typography-calculated\" style=\"--fontsize: 24; line-height: 1.15;\" data-fontsize=\"24\" data-lineheight=\"27.6px\">Neden Avustralya&#8217;da Dil E\u011fitimi Almal\u0131s\u0131n\u0131z?<\/h3>\n<p>Avustralya&#8217;da dil e\u011fitimi alman\u0131n bir\u00e7ok avantaj\u0131 vard\u0131r. \u0130\u015fte bunlardan baz\u0131lar\u0131:<\/p>\n<h4 class=\"fusion-responsive-typography-calculated\" style=\"--fontsize: 18; line-height: 1.15; --minfontsize: 18;\" data-fontsize=\"18\" data-lineheight=\"20.7px\"><span style=\"color: var(--awb-text-color); font-family: var(--awb-text-font-family); font-size: var(--awb-font-size); font-style: var(--awb-text-font-style); font-weight: var(--awb-text-font-weight); letter-spacing: var(--awb-letter-spacing); text-align: var(--awb-content-alignment); text-transform: var(--awb-text-transform); background-color: var(--awb-bg-color-hover);\">1. Y\u00fcksek Kaliteli E\u011fitim<\/span><\/h4>\n<p>Avustralya, d\u00fcnya \u00e7ap\u0131nda tan\u0131nan dil okullar\u0131 ve \u00fcniversiteleriyle bilinir. Dil e\u011fitimi veren kurumlar, modern \u00f6\u011fretim y\u00f6ntemleri ve nitelikli \u00f6\u011fretmen kadrolar\u0131yla \u00f6\u011frencilere etkili bir e\u011fitim sunarlar.<\/p>\n<h4 class=\"fusion-responsive-typography-calculated\" style=\"--fontsize: 18; line-height: 1.15; --minfontsize: 18;\" data-fontsize=\"18\" data-lineheight=\"20.7px\"><span style=\"color: var(--awb-text-color); font-family: var(--awb-text-font-family); font-size: var(--awb-font-size); font-style: var(--awb-text-font-style); font-weight: var(--awb-text-font-weight); letter-spacing: var(--awb-letter-spacing); text-align: var(--awb-content-alignment); text-transform: var(--awb-text-transform); background-color: var(--awb-bg-color-hover);\">2. \u00c7e\u015fitli Program Se\u00e7enekleri<\/span><\/h4>\n<p><span lang=\"EN-AU\">Avustralya&#8217;da dil e\u011fitimi almak isteyen \u00f6\u011frenciler, geni\u015f bir program yelpazesi aras\u0131ndan se\u00e7im yapabilirler. Genel \u0130ngilizce, akademik \u0130ngilizce, IELTS veya TOEFL haz\u0131rl\u0131k kurslar\u0131 gibi \u00e7e\u015fitli seviyelerde ve ama\u00e7lara y\u00f6nelik programlar mevcuttur.<\/span><\/p>\n<h4 class=\"fusion-responsive-typography-calculated\" style=\"--fontsize: 18; line-height: 1.15; --minfontsize: 18;\" data-fontsize=\"18\" data-lineheight=\"20.7px\">3. <strong>K\u00fclt\u00fcrel Zenginlik<\/strong><\/h4>\n<p><span lang=\"EN-AU\">Avustralya, \u00e7ok k\u00fclt\u00fcrl\u00fc bir \u00fclke olup farkl\u0131 k\u00fclt\u00fcrleri ve insanlar\u0131 bir araya getirir. Dil e\u011fitimi alan \u00f6\u011frenciler, s\u0131n\u0131f d\u0131\u015f\u0131nda da dil becerilerini pratik yapma f\u0131rsat\u0131 bulurlar ve uluslararas\u0131 bir ortamda kendilerini geli\u015ftirirler.<\/span><\/p>\n<h4 class=\"fusion-responsive-typography-calculated\" style=\"--fontsize: 18; line-height: 1.15; --minfontsize: 18;\" data-fontsize=\"18\" data-lineheight=\"20.7px\">4. <strong>Gelece\u011fe Y\u00f6nelik Yat\u0131r\u0131m<\/strong><\/h4>\n<p><span lang=\"EN-AU\">\u0130ngilizce dil becerileri, uluslararas\u0131 i\u015f d\u00fcnyas\u0131nda ve akademik kariyerlerde \u00f6nemli bir avantaj sa\u011flar. Avustralya&#8217;da dil e\u011fitimi almak, \u00f6\u011frencilere k\u00fcresel bir bak\u0131\u015f a\u00e7\u0131s\u0131 kazand\u0131r\u0131r ve uluslararas\u0131 d\u00fczeyde rekabet avantaj\u0131 sa\u011flar.<\/span><\/p>\n<h4 class=\"fusion-responsive-typography-calculated\" style=\"--fontsize: 18; line-height: 1.15; --minfontsize: 18;\" data-fontsize=\"18\" data-lineheight=\"20.7px\">5. <strong>Ya\u015fam Deneyimi<\/strong><\/h4>\n<p><span lang=\"EN-AU\">Avustralya&#8217;da dil e\u011fitimi al\u0131rken, muhte\u015fem do\u011fal g\u00fczelliklere sahip \u015fehirlerde ya\u015fama f\u0131rsat\u0131 elde edersiniz. \u015eehirlerin dinamik ya\u015fam tarz\u0131, spor ve k\u00fclt\u00fcrel etkinlikler, \u00f6\u011frencilere unutulmaz bir ya\u015fam deneyimi sunar.<\/span><\/p>\n<p><strong>Avustralya&#8217;da Dil E\u011fitimi Almak \u0130\u00e7in SmartEdu<\/strong><\/p>\n<p><b><span style=\"color: var(--awb-color7);\">Smart<\/span><span style=\"color: var(--awb-color4);\">EDU<\/span><\/b> <span lang=\"EN-AU\">E\u011fitim Acentas\u0131 olarak, Avustralya&#8217;da dil e\u011fitimi almak isteyen \u00f6\u011frencilere en uygun programlar\u0131 se\u00e7meleri konusunda yard\u0131mc\u0131 oluyoruz. Size en uygun dil okulu ve program\u0131 se\u00e7mek i\u00e7in bize dan\u0131\u015f\u0131n ve dil becerilerinizi geli\u015ftirmeye hemen ba\u015flay\u0131n.<\/span><\/p>\n<h2>Avustralya Dil E\u011fitimi &#8211; Dil Okulu Rehberi<\/h2>\n<p>Ayr\u0131ca,<strong> Avustralya dil okullar\u0131<\/strong>\u00a0ile ilgili vize, s\u00fcre\u00e7, maliyetler vb. t\u00fcm detaylara <strong><a href=\"https:\/\/smartedu.com.au\/tr\/avustralya-dil-okulu-rehberi-fiyatlar-vize-surec-ve-tum-merak-edilenler\/\">&#8220;Avustralya Dil Okulu Rehberi&#8221; yaz\u0131m\u0131zdan<\/a><\/strong> ula\u015fabilirsiniz.<\/p>\n<h3>\u00d6n g\u00f6r\u00fc\u015fme i\u00e7in <a href=\"https:\/\/smartedu.com.au\/tr\/bilgi-istek-formu\/\" target=\"_blank\" rel=\"noopener\">&#8220;Bilgi \u0130stek Formunu&#8221;<\/a> doldurabilirsiniz.<\/h3>\n<\/div><\/div><\/div><\/div><\/div><\/p>\n","protected":false},"excerpt":{"rendered":"","protected":false},"author":1,"featured_media":0,"parent":0,"menu_order":0,"comment_status":"closed","ping_status":"closed","template":"","meta":{"footnotes":""},"class_list":["post-2834","page","type-page","status-publish","hentry"],"_links":{"self":[{"href":"https:\/\/smartedu.com.au\/tr\/wp-json\/wp\/v2\/pages\/2834"}],"collection":[{"href":"https:\/\/smartedu.com.au\/tr\/wp-json\/wp\/v2\/pages"}],"about":[{"href":"https:\/\/smartedu.com.au\/tr\/wp-json\/wp\/v2\/types\/page"}],"author":[{"embeddable":true,"href":"https:\/\/smartedu.com.au\/tr\/wp-json\/wp\/v2\/users\/1"}],"replies":[{"embeddable":true,"href":"https:\/\/smartedu.com.au\/tr\/wp-json\/wp\/v2\/comments?post=2834"}],"version-history":[{"count":19,"href":"https:\/\/smartedu.com.au\/tr\/wp-json\/wp\/v2\/pages\/2834\/revisions"}],"predecessor-version":[{"id":3991,"href":"https:\/\/smartedu.com.au\/tr\/wp-json\/wp\/v2\/pages\/2834\/revisions\/3991"}],"wp:attachment":[{"href":"https:\/\/smartedu.com.au\/tr\/wp-json\/wp\/v2\/media?parent=2834"}],"curies":[{"name":"wp","href":"https:\/\/api.w.org\/{rel}","templated":true}]}}