{"id":2832,"date":"2024-09-07T10:10:44","date_gmt":"2024-09-07T10:10:44","guid":{"rendered":"https:\/\/octosee.com\/smartedu2\/?page_id=2832"},"modified":"2025-11-03T17:19:54","modified_gmt":"2025-11-03T14:19:54","slug":"hizmetlerimiz","status":"publish","type":"page","link":"https:\/\/smartedu.com.au\/tr\/hizmetlerimiz\/","title":{"rendered":"Hizmetlerimiz"},"content":{"rendered":"<div class=\"fusion-fullwidth fullwidth-box fusion-builder-row-1 fusion-flex-container nonhundred-percent-fullwidth non-hundred-percent-height-scrolling\" style=\"--link_hover_color: var(--awb-color5);--link_color: var(--awb-color5);--awb-border-sizes-top:0px;--awb-border-sizes-bottom:0px;--awb-border-sizes-left:0px;--awb-border-sizes-right:0px;--awb-border-color:var(--awb-color3);--awb-border-radius-top-left:0px;--awb-border-radius-top-right:0px;--awb-border-radius-bottom-right:0px;--awb-border-radius-bottom-left:0px;--awb-padding-top:0px;--awb-padding-right:0px;--awb-padding-bottom:30px;--awb-padding-left:0px;--awb-padding-top-medium:72px;--awb-padding-bottom-medium:72px;--awb-padding-top-small:0px;--awb-padding-bottom-small:48px;--awb-margin-top:0px;--awb-margin-bottom:0px;--awb-background-color:var(--awb-color1);--awb-flex-wrap:wrap;\" ><div class=\"fusion-builder-row fusion-row fusion-flex-align-items-stretch fusion-flex-content-wrap\" style=\"max-width:1331.2px;margin-left: calc(-4% \/ 2 );margin-right: calc(-4% \/ 2 );\"><div class=\"fusion-layout-column fusion_builder_column fusion-builder-column-0 fusion_builder_column_1_3 1_3 fusion-flex-column fusion-animated\" style=\"--awb-bg-color:var(--awb-color2);--awb-bg-color-hover:var(--awb-color2);--awb-bg-size:cover;--awb-width-large:33.333333333333%;--awb-margin-top-large:0px;--awb-spacing-right-large:5.76%;--awb-margin-bottom-large:0px;--awb-spacing-left-large:5.76%;--awb-width-medium:33.333333333333%;--awb-order-medium:0;--awb-spacing-right-medium:5.76%;--awb-spacing-left-medium:5.76%;--awb-width-small:100%;--awb-order-small:1;--awb-spacing-right-small:1.92%;--awb-margin-bottom-small:40px;--awb-spacing-left-small:1.92%;\" data-animationType=\"fadeInUp\" data-animationDuration=\"1.3\" data-animationOffset=\"top-into-view\"><div class=\"fusion-column-wrapper fusion-column-has-shadow fusion-flex-justify-content-flex-start fusion-content-layout-column\"><div class=\"fusion-builder-row fusion-builder-row-inner fusion-row fusion-flex-align-items-stretch fusion-flex-content-wrap\" style=\"width:104% !important;max-width:104% !important;margin-left: calc(-4% \/ 2 );margin-right: calc(-4% \/ 2 );\"><div class=\"fusion-layout-column fusion_builder_column_inner fusion-builder-nested-column-0 fusion_builder_column_inner_1_1 1_1 fusion-flex-column\" style=\"--awb-bg-size:cover;--awb-width-large:100%;--awb-margin-top-large:0px;--awb-spacing-right-large:1.92%;--awb-margin-bottom-large:0px;--awb-spacing-left-large:1.92%;--awb-width-medium:100%;--awb-order-medium:0;--awb-spacing-right-medium:1.92%;--awb-spacing-left-medium:1.92%;--awb-width-small:100%;--awb-order-small:0;--awb-spacing-right-small:1.92%;--awb-spacing-left-small:1.92%;\"><div class=\"fusion-column-wrapper fusion-column-has-shadow fusion-flex-justify-content-flex-start fusion-content-layout-column\"><div class=\"fusion-image-element \" style=\"--awb-caption-overlay-color:var(--awb-color1);--awb-caption-title-font-family:var(--h2_typography-font-family);--awb-caption-title-font-weight:var(--h2_typography-font-weight);--awb-caption-title-font-style:var(--h2_typography-font-style);--awb-caption-title-size:var(--h2_typography-font-size);--awb-caption-title-transform:var(--h2_typography-text-transform);--awb-caption-title-line-height:var(--h2_typography-line-height);--awb-caption-title-letter-spacing:var(--h2_typography-letter-spacing);\"><span class=\" fusion-imageframe imageframe-none imageframe-1 hover-type-none\"><img decoding=\"async\" width=\"860\" height=\"511\" alt=\"Language Education Australia\" title=\"Language Education Australia\" src=\"https:\/\/smartedu.com.au\/tr\/wp-content\/uploads\/sites\/3\/2024\/10\/lang_2.png\" data-orig-src=\"https:\/\/smartedu.com.au\/tr\/wp-content\/uploads\/sites\/3\/2024\/10\/lang_2.png\" class=\"lazyload img-responsive wp-image-3347\" srcset=\"data:image\/svg+xml,%3Csvg%20xmlns%3D%27http%3A%2F%2Fwww.w3.org%2F2000%2Fsvg%27%20width%3D%27860%27%20height%3D%27511%27%20viewBox%3D%270%200%20860%20511%27%3E%3Crect%20width%3D%27860%27%20height%3D%27511%27%20fill-opacity%3D%220%22%2F%3E%3C%2Fsvg%3E\" data-srcset=\"https:\/\/smartedu.com.au\/tr\/wp-content\/uploads\/sites\/3\/2024\/10\/lang_2-200x119.png 200w, https:\/\/smartedu.com.au\/tr\/wp-content\/uploads\/sites\/3\/2024\/10\/lang_2-400x238.png 400w, https:\/\/smartedu.com.au\/tr\/wp-content\/uploads\/sites\/3\/2024\/10\/lang_2-600x357.png 600w, https:\/\/smartedu.com.au\/tr\/wp-content\/uploads\/sites\/3\/2024\/10\/lang_2-800x475.png 800w, https:\/\/smartedu.com.au\/tr\/wp-content\/uploads\/sites\/3\/2024\/10\/lang_2.png 860w\" data-sizes=\"auto\" data-orig-sizes=\"(max-width: 1024px) 100vw, (max-width: 640px) 100vw, 860px\" \/><\/span><\/div><\/div><\/div><\/div><div class=\"fusion-title title fusion-title-1 fusion-sep-none fusion-title-text fusion-title-size-four\" style=\"--awb-text-color:var(--awb-color8);--awb-margin-top:40px;--awb-margin-right:40px;--awb-margin-bottom:25px;--awb-margin-left:40px;--awb-margin-top-small:30px;--awb-margin-left-small:40px;\"><h4 class=\"fusion-title-heading title-heading-left fusion-responsive-typography-calculated\" style=\"margin:0;text-transform:capitalize;--fontSize:18;--minFontSize:18;line-height:var(--awb-typography1-line-height);\">Avustralya Dil E\u011fitimi<\/h4><\/div><div class=\"fusion-text fusion-text-1 fusion-text-no-margin\" style=\"--awb-font-size:15px;--awb-line-height:2;--awb-letter-spacing:var(--awb-typography4-letter-spacing);--awb-text-transform:var(--awb-typography4-text-transform);--awb-text-color:var(--awb-color6);--awb-user-select:none;--awb-margin-right:40px;--awb-margin-bottom:45px;--awb-margin-left:40px;--awb-text-font-family:var(--awb-typography4-font-family);--awb-text-font-weight:var(--awb-typography4-font-weight);--awb-text-font-style:var(--awb-typography4-font-style);\"><p>Avustralya, uluslararas\u0131 \u00f6\u011frenciler i\u00e7in y\u00fcksek kaliteli dil e\u011fitimi f\u0131rsatlar\u0131 sunan \u00f6nemli bir destinasyondur. \u0130ngilizce dil becerilerini geli\u015ftirmek veya akademik ama\u00e7larla dil e\u011fitimi almak isteyen \u00f6\u011frenciler i\u00e7in \u00e7e\u015fitli se\u00e7enekler bulunmaktad\u0131r.<\/p>\n<\/div><div class=\"fusion-separator fusion-full-width-sep\" style=\"align-self: center;margin-left: auto;margin-right: auto;flex-grow:1;width:100%;\"><\/div><div ><a class=\"fusion-button button-flat fusion-button-default-size button-default fusion-button-default button-1 fusion-button-default-span \" style=\"--button_text_transform:var(--awb-typography3-text-transform);--button_font_size:var(--awb-typography3-font-size);--button_line_height:var(--awb-typography3-line-height);--button_padding-top:12px;--button_padding-right:10px;--button_padding-bottom:12px;--button_padding-left:10px;--button_typography-letter-spacing:var(--awb-typography3-letter-spacing);--button_typography-font-family:var(--awb-typography3-font-family);--button_typography-font-weight:var(--awb-typography3-font-weight);--button_typography-font-style:var(--awb-typography3-font-style);--button_margin-right:0px;--button_margin-bottom:0px;--button_margin-left:0px;width:calc(100% - 0px - 0px);\" target=\"_self\" href=\"https:\/\/smartedu.com.au\/tr\/avustralya-dil-egitimi\/\"><span class=\"fusion-button-text\">DETAYLAR<\/span><\/a><\/div><\/div><\/div><div class=\"fusion-layout-column fusion_builder_column fusion-builder-column-1 fusion_builder_column_1_3 1_3 fusion-flex-column fusion-animated\" style=\"--awb-bg-color:var(--awb-color2);--awb-bg-color-hover:var(--awb-color2);--awb-bg-size:cover;--awb-width-large:33.333333333333%;--awb-margin-top-large:0px;--awb-spacing-right-large:5.76%;--awb-margin-bottom-large:0px;--awb-spacing-left-large:5.76%;--awb-width-medium:33.333333333333%;--awb-order-medium:0;--awb-spacing-right-medium:5.76%;--awb-spacing-left-medium:5.76%;--awb-width-small:100%;--awb-order-small:1;--awb-spacing-right-small:1.92%;--awb-margin-bottom-small:0px;--awb-spacing-left-small:1.92%;\" data-animationType=\"fadeInUp\" data-animationDuration=\"1.3\" data-animationOffset=\"top-into-view\"><div class=\"fusion-column-wrapper fusion-column-has-shadow fusion-flex-justify-content-flex-start fusion-content-layout-column\"><div class=\"fusion-builder-row fusion-builder-row-inner fusion-row fusion-flex-align-items-stretch fusion-flex-content-wrap\" style=\"width:104% !important;max-width:104% !important;margin-left: calc(-4% \/ 2 );margin-right: calc(-4% \/ 2 );\"><div class=\"fusion-layout-column fusion_builder_column_inner fusion-builder-nested-column-1 fusion_builder_column_inner_1_1 1_1 fusion-flex-column\" style=\"--awb-bg-size:cover;--awb-width-large:100%;--awb-margin-top-large:0px;--awb-spacing-right-large:1.92%;--awb-margin-bottom-large:0px;--awb-spacing-left-large:1.92%;--awb-width-medium:100%;--awb-order-medium:0;--awb-spacing-right-medium:1.92%;--awb-spacing-left-medium:1.92%;--awb-width-small:100%;--awb-order-small:0;--awb-spacing-right-small:1.92%;--awb-spacing-left-small:1.92%;\"><div class=\"fusion-column-wrapper fusion-column-has-shadow fusion-flex-justify-content-flex-start fusion-content-layout-column\"><div class=\"fusion-image-element \" style=\"--awb-caption-overlay-color:var(--awb-color1);--awb-caption-title-font-family:var(--h2_typography-font-family);--awb-caption-title-font-weight:var(--h2_typography-font-weight);--awb-caption-title-font-style:var(--h2_typography-font-style);--awb-caption-title-size:var(--h2_typography-font-size);--awb-caption-title-transform:var(--h2_typography-text-transform);--awb-caption-title-line-height:var(--h2_typography-line-height);--awb-caption-title-letter-spacing:var(--h2_typography-letter-spacing);\"><span class=\" fusion-imageframe imageframe-none imageframe-2 hover-type-none\"><img decoding=\"async\" width=\"860\" height=\"511\" alt=\"Avustralya Sertifika Programlar\u0131\" title=\"Avustralya Sertifika Programlar\u0131\" src=\"https:\/\/smartedu.com.au\/tr\/wp-content\/uploads\/sites\/3\/2024\/10\/certificate_programs_australia.png\" data-orig-src=\"https:\/\/smartedu.com.au\/tr\/wp-content\/uploads\/sites\/3\/2024\/10\/certificate_programs_australia.png\" class=\"lazyload img-responsive wp-image-3350\" srcset=\"data:image\/svg+xml,%3Csvg%20xmlns%3D%27http%3A%2F%2Fwww.w3.org%2F2000%2Fsvg%27%20width%3D%27860%27%20height%3D%27511%27%20viewBox%3D%270%200%20860%20511%27%3E%3Crect%20width%3D%27860%27%20height%3D%27511%27%20fill-opacity%3D%220%22%2F%3E%3C%2Fsvg%3E\" data-srcset=\"https:\/\/smartedu.com.au\/tr\/wp-content\/uploads\/sites\/3\/2024\/10\/certificate_programs_australia-200x119.png 200w, https:\/\/smartedu.com.au\/tr\/wp-content\/uploads\/sites\/3\/2024\/10\/certificate_programs_australia-400x238.png 400w, https:\/\/smartedu.com.au\/tr\/wp-content\/uploads\/sites\/3\/2024\/10\/certificate_programs_australia-600x357.png 600w, https:\/\/smartedu.com.au\/tr\/wp-content\/uploads\/sites\/3\/2024\/10\/certificate_programs_australia-800x475.png 800w, https:\/\/smartedu.com.au\/tr\/wp-content\/uploads\/sites\/3\/2024\/10\/certificate_programs_australia.png 860w\" data-sizes=\"auto\" data-orig-sizes=\"(max-width: 1024px) 100vw, (max-width: 640px) 100vw, 860px\" \/><\/span><\/div><\/div><\/div><\/div><div class=\"fusion-title title fusion-title-2 fusion-sep-none fusion-title-text fusion-title-size-four\" style=\"--awb-text-color:var(--awb-color8);--awb-margin-top:40px;--awb-margin-right:40px;--awb-margin-bottom:25px;--awb-margin-left:40px;--awb-margin-top-small:30px;--awb-margin-left-small:40px;\"><h4 class=\"fusion-title-heading title-heading-left fusion-responsive-typography-calculated\" style=\"margin:0;text-transform:capitalize;--fontSize:18;--minFontSize:18;line-height:var(--awb-typography1-line-height);\">Avustralya Sertifika Programlar\u0131<\/h4><\/div><div class=\"fusion-text fusion-text-2 fusion-text-no-margin\" style=\"--awb-font-size:var(--awb-typography4-font-size);--awb-line-height:var(--awb-typography4-line-height);--awb-letter-spacing:var(--awb-typography4-letter-spacing);--awb-text-transform:var(--awb-typography4-text-transform);--awb-text-color:var(--awb-color6);--awb-margin-right:40px;--awb-margin-bottom:45px;--awb-margin-left:40px;--awb-text-font-family:var(--awb-typography4-font-family);--awb-text-font-weight:var(--awb-typography4-font-weight);--awb-text-font-style:var(--awb-typography4-font-style);\"><p>Avustralya, uluslararas\u0131 \u00f6\u011frencileri hem akademik hem de pratik becerilerle donatarak onlar\u0131 end\u00fcstri kariyerlerine ve i\u015fg\u00fcc\u00fc taleplerine haz\u0131rlayan \u00e7e\u015fitli Mesleki E\u011fitim ve \u00d6\u011fretim (VET) Programlar\u0131 sunmaktad\u0131r.<\/p>\n<\/div><div class=\"fusion-separator fusion-full-width-sep\" style=\"align-self: center;margin-left: auto;margin-right: auto;flex-grow:1;width:100%;\"><\/div><div ><a class=\"fusion-button button-flat fusion-button-default-size button-default fusion-button-default button-2 fusion-button-default-span \" style=\"--button_text_transform:var(--awb-typography3-text-transform);--button_font_size:var(--awb-typography3-font-size);--button_line_height:var(--awb-typography3-line-height);--button_padding-top:12px;--button_padding-right:10px;--button_padding-bottom:12px;--button_padding-left:10px;--button_typography-letter-spacing:var(--awb-typography3-letter-spacing);--button_typography-font-family:var(--awb-typography3-font-family);--button_typography-font-weight:var(--awb-typography3-font-weight);--button_typography-font-style:var(--awb-typography3-font-style);--button_margin-right:0px;--button_margin-bottom:0px;--button_margin-left:0px;width:calc(100% - 0px - 0px);\" target=\"_self\" href=\"https:\/\/smartedu.com.au\/tr\/avustralya-sertifika-programlari\/\"><span class=\"fusion-button-text\">DETAYLAR<\/span><\/a><\/div><\/div><\/div><div class=\"fusion-layout-column fusion_builder_column fusion-builder-column-2 fusion_builder_column_1_3 1_3 fusion-flex-column fusion-animated\" style=\"--awb-bg-color:var(--awb-color2);--awb-bg-color-hover:var(--awb-color2);--awb-bg-size:cover;--awb-width-large:33.333333333333%;--awb-margin-top-large:0px;--awb-spacing-right-large:5.76%;--awb-margin-bottom-large:0px;--awb-spacing-left-large:3.84%;--awb-width-medium:33.333333333333%;--awb-order-medium:0;--awb-spacing-right-medium:5.76%;--awb-spacing-left-medium:3.84%;--awb-width-small:100%;--awb-order-small:1;--awb-spacing-right-small:1.92%;--awb-spacing-left-small:1.92%;\" data-animationType=\"fadeInUp\" data-animationDuration=\"1.3\" data-animationOffset=\"top-into-view\"><div class=\"fusion-column-wrapper fusion-column-has-shadow fusion-flex-justify-content-flex-start fusion-content-layout-column\"><div class=\"fusion-builder-row fusion-builder-row-inner fusion-row fusion-flex-align-items-stretch fusion-flex-content-wrap\" style=\"width:104% !important;max-width:104% !important;margin-left: calc(-4% \/ 2 );margin-right: calc(-4% \/ 2 );\"><div class=\"fusion-layout-column fusion_builder_column_inner fusion-builder-nested-column-2 fusion_builder_column_inner_1_1 1_1 fusion-flex-column\" style=\"--awb-bg-size:cover;--awb-width-large:100%;--awb-margin-top-large:0px;--awb-spacing-right-large:1.92%;--awb-margin-bottom-large:0px;--awb-spacing-left-large:1.92%;--awb-width-medium:100%;--awb-order-medium:0;--awb-spacing-right-medium:1.92%;--awb-spacing-left-medium:1.92%;--awb-width-small:100%;--awb-order-small:0;--awb-spacing-right-small:1.92%;--awb-spacing-left-small:1.92%;\"><div class=\"fusion-column-wrapper fusion-column-has-shadow fusion-flex-justify-content-flex-start fusion-content-layout-column\"><div class=\"fusion-image-element \" style=\"--awb-caption-overlay-color:var(--awb-color1);--awb-caption-title-font-family:var(--h2_typography-font-family);--awb-caption-title-font-weight:var(--h2_typography-font-weight);--awb-caption-title-font-style:var(--h2_typography-font-style);--awb-caption-title-size:var(--h2_typography-font-size);--awb-caption-title-transform:var(--h2_typography-text-transform);--awb-caption-title-line-height:var(--h2_typography-line-height);--awb-caption-title-letter-spacing:var(--h2_typography-letter-spacing);\"><span class=\" fusion-imageframe imageframe-none imageframe-3 hover-type-none\"><img decoding=\"async\" width=\"860\" height=\"511\" alt=\"Australia University Education\" title=\"Australia University Education\" src=\"https:\/\/smartedu.com.au\/tr\/wp-content\/uploads\/sites\/3\/2024\/09\/university_education_main.jpg\" data-orig-src=\"https:\/\/octosee.com\/smartedu2\/tr\/wp-content\/uploads\/sites\/3\/2024\/09\/university_education_main.jpg\" class=\"lazyload img-responsive wp-image-2856\" srcset=\"data:image\/svg+xml,%3Csvg%20xmlns%3D%27http%3A%2F%2Fwww.w3.org%2F2000%2Fsvg%27%20width%3D%27860%27%20height%3D%27511%27%20viewBox%3D%270%200%20860%20511%27%3E%3Crect%20width%3D%27860%27%20height%3D%27511%27%20fill-opacity%3D%220%22%2F%3E%3C%2Fsvg%3E\" data-srcset=\"https:\/\/smartedu.com.au\/tr\/wp-content\/uploads\/sites\/3\/2024\/09\/university_education_main-200x119.jpg 200w, https:\/\/smartedu.com.au\/tr\/wp-content\/uploads\/sites\/3\/2024\/09\/university_education_main-400x238.jpg 400w, https:\/\/smartedu.com.au\/tr\/wp-content\/uploads\/sites\/3\/2024\/09\/university_education_main-600x357.jpg 600w, https:\/\/smartedu.com.au\/tr\/wp-content\/uploads\/sites\/3\/2024\/09\/university_education_main-800x475.jpg 800w, https:\/\/smartedu.com.au\/tr\/wp-content\/uploads\/sites\/3\/2024\/09\/university_education_main.jpg 860w\" data-sizes=\"auto\" data-orig-sizes=\"(max-width: 1024px) 100vw, (max-width: 640px) 100vw, 860px\" \/><\/span><\/div><\/div><\/div><\/div><div class=\"fusion-title title fusion-title-3 fusion-sep-none fusion-title-text fusion-title-size-four\" style=\"--awb-text-color:var(--awb-color8);--awb-margin-top:40px;--awb-margin-right:40px;--awb-margin-bottom:25px;--awb-margin-left:40px;--awb-margin-top-small:30px;--awb-margin-left-small:40px;\"><h4 class=\"fusion-title-heading title-heading-left fusion-responsive-typography-calculated\" style=\"margin:0;text-transform:capitalize;--fontSize:18;--minFontSize:18;line-height:var(--awb-typography1-line-height);\">\u00dcniversite E\u011fitimi<\/h4><\/div><div class=\"fusion-text fusion-text-3 fusion-text-no-margin\" style=\"--awb-font-size:var(--awb-typography4-font-size);--awb-line-height:var(--awb-typography4-line-height);--awb-letter-spacing:var(--awb-typography4-letter-spacing);--awb-text-transform:var(--awb-typography4-text-transform);--awb-text-color:var(--awb-color6);--awb-margin-right:40px;--awb-margin-bottom:45px;--awb-margin-left:40px;--awb-text-font-family:var(--awb-typography4-font-family);--awb-text-font-weight:var(--awb-typography4-font-weight);--awb-text-font-style:var(--awb-typography4-font-style);\"><p>Avustralya, y\u00fcksek kaliteli e\u011fitimiyle d\u00fcnya \u00e7ap\u0131nda tan\u0131nmaktad\u0131r. \u00dclkenin \u00fcniversiteleri, uluslararas\u0131 \u00f6\u011frencilere \u00e7e\u015fitli lisans ve lisans\u00fcst\u00fc programlar sunmakta, d\u00fcnya \u00e7ap\u0131nda \u00fcst s\u0131ralarda yer almakta ve benzersiz f\u0131rsatlar sa\u011flamaktad\u0131r.<\/p>\n<\/div><div class=\"fusion-separator fusion-full-width-sep\" style=\"align-self: center;margin-left: auto;margin-right: auto;flex-grow:1;width:100%;\"><\/div><div ><a class=\"fusion-button button-flat fusion-button-default-size button-default fusion-button-default button-3 fusion-button-default-span \" style=\"--button_text_transform:var(--awb-typography3-text-transform);--button_font_size:var(--awb-typography3-font-size);--button_line_height:var(--awb-typography3-line-height);--button_padding-top:12px;--button_padding-right:10px;--button_padding-bottom:12px;--button_padding-left:10px;--button_typography-letter-spacing:var(--awb-typography3-letter-spacing);--button_typography-font-family:var(--awb-typography3-font-family);--button_typography-font-weight:var(--awb-typography3-font-weight);--button_typography-font-style:var(--awb-typography3-font-style);--button_margin-right:0px;--button_margin-bottom:0px;--button_margin-left:0px;width:calc(100% - 0px - 0px);\" target=\"_self\" href=\"https:\/\/smartedu.com.au\/tr\/avustralya-universite-egitimi\/\"><span class=\"fusion-button-text\">DETAYLAR<\/span><\/a><\/div><\/div><\/div><\/div><\/div>\n","protected":false},"excerpt":{"rendered":"","protected":false},"author":1,"featured_media":0,"parent":0,"menu_order":0,"comment_status":"closed","ping_status":"closed","template":"","meta":{"footnotes":""},"class_list":["post-2832","page","type-page","status-publish","hentry"],"_links":{"self":[{"href":"https:\/\/smartedu.com.au\/tr\/wp-json\/wp\/v2\/pages\/2832"}],"collection":[{"href":"https:\/\/smartedu.com.au\/tr\/wp-json\/wp\/v2\/pages"}],"about":[{"href":"https:\/\/smartedu.com.au\/tr\/wp-json\/wp\/v2\/types\/page"}],"author":[{"embeddable":true,"href":"https:\/\/smartedu.com.au\/tr\/wp-json\/wp\/v2\/users\/1"}],"replies":[{"embeddable":true,"href":"https:\/\/smartedu.com.au\/tr\/wp-json\/wp\/v2\/comments?post=2832"}],"version-history":[{"count":11,"href":"https:\/\/smartedu.com.au\/tr\/wp-json\/wp\/v2\/pages\/2832\/revisions"}],"predecessor-version":[{"id":3968,"href":"https:\/\/smartedu.com.au\/tr\/wp-json\/wp\/v2\/pages\/2832\/revisions\/3968"}],"wp:attachment":[{"href":"https:\/\/smartedu.com.au\/tr\/wp-json\/wp\/v2\/media?parent=2832"}],"curies":[{"name":"wp","href":"https:\/\/api.w.org\/{rel}","templated":true}]}}