{"id":2,"date":"2024-09-10T13:45:17","date_gmt":"2024-09-10T13:45:17","guid":{"rendered":"https:\/\/octosee.com\/smartedu2\/tr\/?page_id=2"},"modified":"2024-09-16T10:07:24","modified_gmt":"2024-09-16T07:07:24","slug":"kultur-ve-doga","status":"publish","type":"page","link":"https:\/\/smartedu.com.au\/tr\/ogrenci-rehberi\/kultur-ve-doga\/","title":{"rendered":"K\u00fclt\u00fcr ve Do\u011fa"},"content":{"rendered":"<div class=\"fusion-fullwidth fullwidth-box fusion-builder-row-1 fusion-flex-container nonhundred-percent-fullwidth non-hundred-percent-height-scrolling\" style=\"--awb-border-radius-top-left:0px;--awb-border-radius-top-right:0px;--awb-border-radius-bottom-right:0px;--awb-border-radius-bottom-left:0px;--awb-flex-wrap:wrap;\" ><div class=\"fusion-builder-row fusion-row fusion-flex-align-items-flex-start fusion-flex-content-wrap\" style=\"max-width:1331.2px;margin-left: calc(-4% \/ 2 );margin-right: calc(-4% \/ 2 );\"><div class=\"fusion-layout-column fusion_builder_column fusion-builder-column-0 fusion_builder_column_1_1 1_1 fusion-flex-column\" style=\"--awb-bg-blend:overlay;--awb-bg-size:cover;--awb-width-large:100%;--awb-margin-top-large:0px;--awb-spacing-right-large:1.92%;--awb-margin-bottom-large:0px;--awb-spacing-left-large:1.92%;--awb-width-medium:100%;--awb-spacing-right-medium:1.92%;--awb-spacing-left-medium:1.92%;--awb-width-small:100%;--awb-spacing-right-small:1.92%;--awb-spacing-left-small:1.92%;\"><div class=\"fusion-column-wrapper fusion-flex-justify-content-flex-start fusion-content-layout-column\"><div class=\"fusion-text fusion-text-1\"><\/p>\n<h2><b>Avustralya&#8217;da K\u00fclt\u00fcr ve Do\u011fa<\/b><\/h2>\n<p>Avustralya, gen\u00e7 gezginler i\u00e7in heyecan verici bir destinasyon olman\u0131n \u00f6tesinde, zengin k\u00fclt\u00fcrel miras\u0131 ve muhte\u015fem do\u011fal g\u00fczellikleri ile de tan\u0131n\u0131r. Bu benzersiz \u00fclke, Aborjin k\u00fclt\u00fcr\u00fcnden modern \u015fehir ya\u015fam\u0131na, e\u015fsiz do\u011fal ya\u015fam\u0131ndan renkli festivallerine kadar geni\u015f bir yelpazede deneyim sunar.<\/p><\/p>\n<\/div><div class=\"fusion-text fusion-text-2\"><\/div><div class=\"fusion-title title fusion-title-1 fusion-sep-none fusion-title-text fusion-title-size-three\"><h3 class=\"fusion-title-heading title-heading-left fusion-responsive-typography-calculated\" style=\"margin:0;text-transform:capitalize;--fontSize:24;line-height:var(--awb-typography1-line-height);\">Do\u011fa Tutkunlar\u0131 i\u00e7in Cennet<\/h3><\/div><div class=\"fusion-text fusion-text-3\"><p>Avustralya, d\u00fcnya \u00e7ap\u0131nda \u00fcnl\u00fc do\u011fal ya\u015fam alanlar\u0131na ev sahipli\u011fi yapar. B\u00fcy\u00fck Bariyer Resifi (Great Barrier Reef), \u015fnorkelle dal\u0131\u015f yapmay\u0131 sevenler i\u00e7in m\u00fckemmel bir yerdir. Ayn\u0131 zamanda Daintree Ya\u011fmur Ormanlar\u0131 (Daintree Rainforest), e\u015fsiz bitki \u00f6rt\u00fcs\u00fc ve yerli hayvan t\u00fcrleriyle do\u011fa tutkunlar\u0131n\u0131 cezbeder. Fraser Adas\u0131 (Fraser Island), d\u00fcnyan\u0131n en b\u00fcy\u00fck kum adas\u0131 olup kristal berrakl\u0131\u011f\u0131ndaki g\u00f6lleri ve e\u015fsiz bitki \u00f6rt\u00fcs\u00fc ile bilinir.<\/p>\n<p>Avustralya&#8217;n\u0131n k\u0131rm\u0131z\u0131 kalbinde bulunan Ayers Rock (Uluru), Aborjin k\u00fclt\u00fcr\u00fcn\u00fcn kutsal bir sembol\u00fcd\u00fcr. Bu dev kaya olu\u015fumu, g\u00fcn bat\u0131m\u0131nda ve do\u011fumunda inan\u0131lmaz renk de\u011fi\u015fimleri sunar ve ziyaret\u00e7ilere mistik bir deneyim ya\u015fat\u0131r.<\/p>\n<\/div><div class=\"awb-gallery-wrapper awb-gallery-wrapper-1 button-span-no\" style=\"--more-btn-alignment:center;\" data-limit=\"10\" data-page=\"1\"><div style=\"margin:-5px;--awb-bordersize:0px;\" class=\"fusion-gallery fusion-gallery-container fusion-grid-3 fusion-columns-total-2 fusion-gallery-layout-grid fusion-gallery-1\"><div style=\"padding:5px;\" class=\"fusion-grid-column fusion-gallery-column fusion-gallery-column-3 hover-type-none\"><div class=\"fusion-gallery-image\"><a href=\"https:\/\/smartedu.com.au\/tr\/wp-content\/uploads\/sites\/3\/2024\/09\/low-angle-shallow-focus-closeup-shot-koala-sleeping-tree-branch-scaled.jpg\" rel=\"noreferrer\" data-rel=\"iLightbox[gallery_image_1]\" class=\"fusion-lightbox\" target=\"_self\"><img decoding=\"async\" src=\"https:\/\/smartedu.com.au\/tr\/wp-content\/uploads\/sites\/3\/2024\/09\/low-angle-shallow-focus-closeup-shot-koala-sleeping-tree-branch-scaled.jpg\" data-orig-src=\"https:\/\/smartedu.com.au\/tr\/wp-content\/uploads\/sites\/3\/2024\/09\/low-angle-shallow-focus-closeup-shot-koala-sleeping-tree-branch-scaled.jpg\" width=\"2560\" height=\"2445\" alt=\"Avustralya&#039;n\u0131n e\u015fsiz simgesi koalalar, eukalipt\u00fcs a\u011fa\u00e7lar\u0131nda huzurlu bir ya\u015fam s\u00fcrerken do\u011fan\u0131n sakin g\u00fczelli\u011fini temsil eder.\" title=\"Avustralya&#8217;n\u0131n e\u015fsiz simgesi koalalar, eukalipt\u00fcs a\u011fa\u00e7lar\u0131nda huzurlu bir ya\u015fam s\u00fcrerken do\u011fan\u0131n sakin g\u00fczelli\u011fini temsil eder.\" aria-label=\"Avustralya&#8217;n\u0131n e\u015fsiz simgesi koalalar, eukalipt\u00fcs a\u011fa\u00e7lar\u0131nda huzurlu bir ya\u015fam s\u00fcrerken do\u011fan\u0131n sakin g\u00fczelli\u011fini temsil eder.\" class=\"lazyload img-responsive wp-image-3145\" srcset=\"data:image\/svg+xml,%3Csvg%20xmlns%3D%27http%3A%2F%2Fwww.w3.org%2F2000%2Fsvg%27%20width%3D%272560%27%20height%3D%272445%27%20viewBox%3D%270%200%202560%202445%27%3E%3Crect%20width%3D%272560%27%20height%3D%272445%27%20fill-opacity%3D%220%22%2F%3E%3C%2Fsvg%3E\" data-srcset=\"https:\/\/smartedu.com.au\/tr\/wp-content\/uploads\/sites\/3\/2024\/09\/low-angle-shallow-focus-closeup-shot-koala-sleeping-tree-branch-200x191.jpg 200w, https:\/\/smartedu.com.au\/tr\/wp-content\/uploads\/sites\/3\/2024\/09\/low-angle-shallow-focus-closeup-shot-koala-sleeping-tree-branch-400x382.jpg 400w, https:\/\/smartedu.com.au\/tr\/wp-content\/uploads\/sites\/3\/2024\/09\/low-angle-shallow-focus-closeup-shot-koala-sleeping-tree-branch-600x573.jpg 600w, https:\/\/smartedu.com.au\/tr\/wp-content\/uploads\/sites\/3\/2024\/09\/low-angle-shallow-focus-closeup-shot-koala-sleeping-tree-branch-800x764.jpg 800w, https:\/\/smartedu.com.au\/tr\/wp-content\/uploads\/sites\/3\/2024\/09\/low-angle-shallow-focus-closeup-shot-koala-sleeping-tree-branch-1200x1146.jpg 1200w, https:\/\/smartedu.com.au\/tr\/wp-content\/uploads\/sites\/3\/2024\/09\/low-angle-shallow-focus-closeup-shot-koala-sleeping-tree-branch-scaled.jpg 2560w\" data-sizes=\"auto\" data-orig-sizes=\"(min-width: 2200px) 100vw, (min-width: 824px) 423px, (min-width: 732px) 635px, (min-width: 640px) 732px, \" \/><\/a><\/div><\/div><div style=\"padding:5px;\" class=\"fusion-grid-column fusion-gallery-column fusion-gallery-column-3 hover-type-none\"><div class=\"fusion-gallery-image\"><a href=\"https:\/\/smartedu.com.au\/tr\/wp-content\/uploads\/sites\/3\/2024\/09\/asian-male-is-posing-bay-fire-tasmania-australia-scaled.webp\" rel=\"noreferrer\" data-rel=\"iLightbox[gallery_image_1]\" class=\"fusion-lightbox\" target=\"_self\"><img decoding=\"async\" src=\"https:\/\/smartedu.com.au\/tr\/wp-content\/uploads\/sites\/3\/2024\/09\/asian-male-is-posing-bay-fire-tasmania-australia-scaled.webp\" data-orig-src=\"https:\/\/smartedu.com.au\/tr\/wp-content\/uploads\/sites\/3\/2024\/09\/asian-male-is-posing-bay-fire-tasmania-australia-scaled.webp\" width=\"2560\" height=\"1707\" alt=\"Tasmania&#039;n\u0131n vah\u015fi do\u011fas\u0131nda bir adam, kamp ate\u015fi ba\u015f\u0131nda do\u011fan\u0131n b\u00fcy\u00fcleyici manzaras\u0131yla poz veriyor.\" title=\"Tasmania&#8217;n\u0131n vah\u015fi do\u011fas\u0131nda bir adam, kamp ate\u015fi ba\u015f\u0131nda do\u011fan\u0131n b\u00fcy\u00fcleyici manzaras\u0131yla poz veriyor.\" aria-label=\"Tasmania&#8217;n\u0131n vah\u015fi do\u011fas\u0131nda bir adam, kamp ate\u015fi ba\u015f\u0131nda do\u011fan\u0131n b\u00fcy\u00fcleyici manzaras\u0131yla poz veriyor.\" class=\"lazyload img-responsive wp-image-3146\" srcset=\"data:image\/svg+xml,%3Csvg%20xmlns%3D%27http%3A%2F%2Fwww.w3.org%2F2000%2Fsvg%27%20width%3D%272560%27%20height%3D%271707%27%20viewBox%3D%270%200%202560%201707%27%3E%3Crect%20width%3D%272560%27%20height%3D%271707%27%20fill-opacity%3D%220%22%2F%3E%3C%2Fsvg%3E\" data-srcset=\"https:\/\/smartedu.com.au\/tr\/wp-content\/uploads\/sites\/3\/2024\/09\/asian-male-is-posing-bay-fire-tasmania-australia-200x133.webp 200w, https:\/\/smartedu.com.au\/tr\/wp-content\/uploads\/sites\/3\/2024\/09\/asian-male-is-posing-bay-fire-tasmania-australia-300x200.webp 300w, https:\/\/smartedu.com.au\/tr\/wp-content\/uploads\/sites\/3\/2024\/09\/asian-male-is-posing-bay-fire-tasmania-australia-400x267.webp 400w, https:\/\/smartedu.com.au\/tr\/wp-content\/uploads\/sites\/3\/2024\/09\/asian-male-is-posing-bay-fire-tasmania-australia-600x400.webp 600w, https:\/\/smartedu.com.au\/tr\/wp-content\/uploads\/sites\/3\/2024\/09\/asian-male-is-posing-bay-fire-tasmania-australia-768x512.webp 768w, https:\/\/smartedu.com.au\/tr\/wp-content\/uploads\/sites\/3\/2024\/09\/asian-male-is-posing-bay-fire-tasmania-australia-800x533.webp 800w, https:\/\/smartedu.com.au\/tr\/wp-content\/uploads\/sites\/3\/2024\/09\/asian-male-is-posing-bay-fire-tasmania-australia-1024x683.webp 1024w, https:\/\/smartedu.com.au\/tr\/wp-content\/uploads\/sites\/3\/2024\/09\/asian-male-is-posing-bay-fire-tasmania-australia-1200x800.webp 1200w, https:\/\/smartedu.com.au\/tr\/wp-content\/uploads\/sites\/3\/2024\/09\/asian-male-is-posing-bay-fire-tasmania-australia-1536x1024.webp 1536w, https:\/\/smartedu.com.au\/tr\/wp-content\/uploads\/sites\/3\/2024\/09\/asian-male-is-posing-bay-fire-tasmania-australia-scaled.webp 2560w\" data-sizes=\"auto\" data-orig-sizes=\"(min-width: 2200px) 100vw, (min-width: 824px) 423px, (min-width: 732px) 635px, (min-width: 640px) 732px, \" \/><\/a><\/div><\/div><\/div><\/div><div class=\"fusion-title title fusion-title-2 fusion-sep-none fusion-title-text fusion-title-size-three\"><h3 class=\"fusion-title-heading title-heading-left fusion-responsive-typography-calculated\" style=\"margin:0;text-transform:capitalize;--fontSize:24;line-height:var(--awb-typography1-line-height);\">Modern K\u00fclt\u00fcr ve \u015eehir Ya\u015fam\u0131<\/h3><\/div><div class=\"fusion-text fusion-text-4\"><p>Avustralya&#8217;n\u0131n b\u00fcy\u00fck \u015fehirleri olan Sydney, Melbourne ve Brisbane, gen\u00e7ler i\u00e7in canl\u0131 k\u00fclt\u00fcrel sahneler ve s\u0131n\u0131rs\u0131z etkinlik se\u00e7enekleri sunar. Uluslararas\u0131 festivaller, sanat galerileri ve sokak \u015fovlar\u0131, gece hayat\u0131n\u0131n tad\u0131n\u0131 \u00e7\u0131karmak isteyen gen\u00e7 gezginlere ilham verir.<\/p>\n<\/div><div class=\"fusion-title title fusion-title-3 fusion-sep-none fusion-title-text fusion-title-size-three\"><h3 class=\"fusion-title-heading title-heading-left fusion-responsive-typography-calculated\" style=\"margin:0;text-transform:capitalize;--fontSize:24;line-height:var(--awb-typography1-line-height);\">Avustralya&#8217;n\u0131n \u00dcnl\u00fc Yerleri<\/h3><\/div><div class=\"fusion-text fusion-text-5\"><p>Avustralya&#8217;n\u0131n \u00fcnl\u00fc gezilebilecek yerleri gen\u00e7 gezginler i\u00e7in tam anlam\u0131yla bir cennettir. Sydney&#8217;de Bondi Beach, Coogee Beach gibi \u00fcnl\u00fc plajlar, s\u00f6rf yapmay\u0131 sevenleri cezbetmektedir. Melbourne&#8217;de Hosier Lane gibi renkli sokak sanat\u0131 mekanlar\u0131 ve kafe k\u00fclt\u00fcr\u00fc, gen\u00e7 gezginlere yarat\u0131c\u0131 ve enerjik bir atmosfer sunar. Brisbane&#8217;de South Bank Parklands gibi ye\u015fil alanlar ve festivaller, sosyal etkinlikler arayan gen\u00e7ler i\u00e7in idealdir.<\/p>\n<p>Avustralya&#8217;n\u0131n gen\u00e7 gezginler i\u00e7in sundu\u011fu k\u00fclt\u00fcrel ve do\u011fal zenginlikleri ke\u015ffetmek i\u00e7in SmartEdu e\u011fitim acentas\u0131 olarak size rehberlik etmeye haz\u0131r\u0131z. Detayl\u0131 bilgi ve dan\u0131\u015fmanl\u0131k i\u00e7in bize ula\u015f\u0131n.<\/p>\n<\/div><\/div><\/div><\/div><\/div>","protected":false},"excerpt":{"rendered":"","protected":false},"author":1,"featured_media":0,"parent":2975,"menu_order":0,"comment_status":"closed","ping_status":"open","template":"","meta":{"footnotes":""},"class_list":["post-2","page","type-page","status-publish","hentry"],"_links":{"self":[{"href":"https:\/\/smartedu.com.au\/tr\/wp-json\/wp\/v2\/pages\/2"}],"collection":[{"href":"https:\/\/smartedu.com.au\/tr\/wp-json\/wp\/v2\/pages"}],"about":[{"href":"https:\/\/smartedu.com.au\/tr\/wp-json\/wp\/v2\/types\/page"}],"author":[{"embeddable":true,"href":"https:\/\/smartedu.com.au\/tr\/wp-json\/wp\/v2\/users\/1"}],"replies":[{"embeddable":true,"href":"https:\/\/smartedu.com.au\/tr\/wp-json\/wp\/v2\/comments?post=2"}],"version-history":[{"count":3,"href":"https:\/\/smartedu.com.au\/tr\/wp-json\/wp\/v2\/pages\/2\/revisions"}],"predecessor-version":[{"id":3148,"href":"https:\/\/smartedu.com.au\/tr\/wp-json\/wp\/v2\/pages\/2\/revisions\/3148"}],"up":[{"embeddable":true,"href":"https:\/\/smartedu.com.au\/tr\/wp-json\/wp\/v2\/pages\/2975"}],"wp:attachment":[{"href":"https:\/\/smartedu.com.au\/tr\/wp-json\/wp\/v2\/media?parent=2"}],"curies":[{"name":"wp","href":"https:\/\/api.w.org\/{rel}","templated":true}]}}